{"id":73375,"date":"2025-07-01T04:51:37","date_gmt":"2025-07-01T04:51:37","guid":{"rendered":"https:\/\/e.kosmolat.eu\/product\/evoluderm-mitrin-auduma-sejas-maska-ar-alveju-vis-ad-tip-19-ml\/"},"modified":"2026-04-11T18:27:29","modified_gmt":"2026-04-11T18:27:29","slug":"evoluderm-mitrin-auduma-sejas-maska-ar-alveju-vis-ad-tip-19-ml","status":"publish","type":"product","link":"https:\/\/e.kosmolat.eu\/lv\/product\/evoluderm-mitrin-auduma-sejas-maska-ar-alveju-vis-ad-tip-19-ml\/","title":{"rendered":"EVOLUDERM Mitrin. auduma sejas maska ar alveju vis. \u0101d. tip., 19 ml"},"content":{"rendered":"<p>Maska intens\u012bvi mitrina un baro dehidr\u0113tu \u0101du. Pateicoties maigajai formulai, t\u0101 ir ide\u0101li piem\u0113rota relaks\u0113jo\u0161ai sejas kop\u0161anai. T\u0101 ir bag\u0101tin\u0101ta ar koncentr\u0113tu serumu, kur\u0101 apvienotas divas akt\u012bv\u0101s sast\u0101vda\u013cas:<\/p>\n<p>\u2022 Alveja \u2013 augs ar izteikt\u0101m mitrino\u0161\u0101m, nomierino\u0161\u0101m un atjaunojo\u0161\u0101m \u012bpa\u0161\u012bb\u0101m.<br \/>\n\u2022 Hialuronsk\u0101be \u2013 molekula, kas sp\u0113j piesaist\u012bt l\u012bdz pat 1000 rei\u017eu vair\u0101k mitruma, nek\u0101 pati sver.<br \/>\nLyocell tehnolo\u0123ija nodro\u0161ina optim\u0101lu akt\u012bvo sast\u0101vda\u013cu uzs\u016bk\u0161anos, pateicoties \u012bpa\u0161i smalk\u0101m \u0161\u0137iedr\u0101m, kas perfekti piek\u013caujas sejas kont\u016br\u0101m.<\/p>\n<p>Rezult\u0101ts: \u0101da ir dzi\u013ci mitrin\u0101ta, k\u013c\u016bst maiga, elast\u012bga un pat\u012bkama piesk\u0101rienam.<\/p>\n<p>Lieto\u0161ana:<br \/>\n1. Atlociet masku un uzkl\u0101jiet to uz sejas, atst\u0101jot aizsargpl\u0113vi \u0101rpus\u0113.<br \/>\n2. Maigi no\u0146emiet aizsargpl\u0113vi un piel\u0101gojiet masku sejas kont\u016br\u0101m.<br \/>\n3. \u013baujiet iedarboties 15 min\u016btes.<br \/>\n4. No\u0146emiet masku, viegli iemas\u0113jot atliko\u0161o serumu \u0101d\u0101. Ja nepiecie\u0161ams, no\u0146emiet p\u0101rpalikumu ar vates disku.<br \/>\nLietot vienu reizi ned\u0113\u013c\u0101.<\/p>\n<p>Piesardz\u012bbas pas\u0101kumi: ja nok\u013c\u016bst ac\u012bs, nekav\u0113joties izskalot t\u0101s ar lielu daudzumu \u016bdens.<\/p>\n<p>Dermatolo\u0123iski p\u0101rbaud\u012bts.<\/p>\n","protected":false},"excerpt":{"rendered":"<p>Maska intens\u012bvi mitrina un baro dehidr\u0113tu \u0101du. Pateicoties maigajai formulai, t\u0101 ir ide\u0101li piem\u0113rota relaks\u0113jo\u0161ai sejas kop\u0161anai. T\u0101 ir bag\u0101tin\u0101ta ar koncentr\u0113tu serumu, kur\u0101 apvienotas divas akt\u012bv\u0101s sast\u0101vda\u013cas: \u2022 Alveja \u2013 augs ar izteikt\u0101m mitrino\u0161\u0101m, nomierino\u0161\u0101m un atjaunojo\u0161\u0101m \u012bpa\u0161\u012bb\u0101m. \u2022 Hialuronsk\u0101be \u2013 molekula, kas sp\u0113j piesaist\u012bt l\u012bdz pat 1000 rei\u017eu vair\u0101k mitruma, nek\u0101 pati sver. [&#8230;]\n","protected":false},"featured_media":81326,"template":"","meta":[],"product_cat":[1369],"product_tag":[],"class_list":{"0":"post-73375","1":"product","2":"type-product","3":"status-publish","4":"has-post-thumbnail","6":"product_brand-evoluderm","7":"product_cat-veido-kaukes","9":"first","10":"instock","11":"taxable","12":"shipping-taxable","13":"product-type-simple"},"_links":{"self":[{"href":"https:\/\/e.kosmolat.eu\/lv\/wp-json\/wp\/v2\/product\/73375","targetHints":{"allow":["GET"]}}],"collection":[{"href":"https:\/\/e.kosmolat.eu\/lv\/wp-json\/wp\/v2\/product"}],"about":[{"href":"https:\/\/e.kosmolat.eu\/lv\/wp-json\/wp\/v2\/types\/product"}],"wp:featuredmedia":[{"embeddable":true,"href":"https:\/\/e.kosmolat.eu\/lv\/wp-json\/wp\/v2\/media\/81326"}],"wp:attachment":[{"href":"https:\/\/e.kosmolat.eu\/lv\/wp-json\/wp\/v2\/media?parent=73375"}],"wp:term":[{"taxonomy":"product_cat","embeddable":true,"href":"https:\/\/e.kosmolat.eu\/lv\/wp-json\/wp\/v2\/product_cat?post=73375"},{"taxonomy":"product_tag","embeddable":true,"href":"https:\/\/e.kosmolat.eu\/lv\/wp-json\/wp\/v2\/product_tag?post=73375"}],"curies":[{"name":"wp","href":"https:\/\/api.w.org\/{rel}","templated":true}]}}