{"id":73360,"date":"2025-07-01T04:51:01","date_gmt":"2025-07-01T04:51:01","guid":{"rendered":"https:\/\/e.kosmolat.eu\/product\/evoluderm-divfazu-idz-udensiztur-acu-grima-non-150-ml\/"},"modified":"2026-04-22T12:13:33","modified_gmt":"2026-04-22T12:13:33","slug":"evoluderm-divfazu-idz-udensiztur-acu-grima-non-150-ml","status":"publish","type":"product","link":"https:\/\/e.kosmolat.eu\/lv\/product\/evoluderm-divfazu-idz-udensiztur-acu-grima-non-150-ml\/","title":{"rendered":"EVOLUDERM Divf\u0101\u017eu \u012bdz. \u016bdensiztur. acu grima no\u0146., 150 ml"},"content":{"rendered":"<p>Divf\u0101\u017eu l\u012bdzeklis \u016bdensiztur\u012bga acu grima no\u0146em\u0161anai efekt\u012bvi no\u0146em visus grima atlikumus, tostarp \u016bdensiztur\u012bg\u0101s un ilgnotur\u012bg\u0101s formulas, nekairinot jut\u012bgo \u0101du ap ac\u012bm. T\u0101 formula apvieno zilu e\u013c\u013cas f\u0101zi, kas acumirkl\u012b iz\u0161\u0137\u012bdina grimu, un atsvaidzino\u0161u \u016bdens f\u0101zi, kas pie\u0161\u0137ir atp\u016btu\u0161os plaksti\u0146u saj\u016btu un neatst\u0101j taukainu sl\u0101ni.<\/p>\n<p>Lieto\u0161ana: pirms lieto\u0161anas k\u0101rt\u012bgi sakratiet. Uzkl\u0101jiet l\u012bdzekli uz vates diska un maigi no\u0146emiet grimu no acu plaksti\u0146iem un skropst\u0101m.<\/p>\n<p>Piesardz\u012bbas pas\u0101kumi: ja nok\u013c\u016bst ac\u012bs, nekav\u0113joties izskalot t\u0101s ar lielu daudzumu \u016bdens.<\/p>\n<p>Dermatolo\u0123iski p\u0101rbaud\u012bts.<\/p>\n","protected":false},"excerpt":{"rendered":"<p>Divf\u0101\u017eu l\u012bdzeklis \u016bdensiztur\u012bga acu grima no\u0146em\u0161anai efekt\u012bvi no\u0146em visus grima atlikumus, tostarp \u016bdensiztur\u012bg\u0101s un ilgnotur\u012bg\u0101s formulas, nekairinot jut\u012bgo \u0101du ap ac\u012bm. T\u0101 formula apvieno zilu e\u013c\u013cas f\u0101zi, kas acumirkl\u012b iz\u0161\u0137\u012bdina grimu, un atsvaidzino\u0161u \u016bdens f\u0101zi, kas pie\u0161\u0137ir atp\u016btu\u0161os plaksti\u0146u saj\u016btu un neatst\u0101j taukainu sl\u0101ni. Lieto\u0161ana: pirms lieto\u0161anas k\u0101rt\u012bgi sakratiet. Uzkl\u0101jiet l\u012bdzekli uz vates diska un [&#8230;]\n","protected":false},"featured_media":81310,"template":"","meta":[],"product_cat":[2181],"product_tag":[],"class_list":{"0":"post-73360","1":"product","2":"type-product","3":"status-publish","4":"has-post-thumbnail","6":"product_brand-evoluderm","7":"product_cat-bez-kategorijas-lt","9":"first","10":"outofstock","11":"taxable","12":"shipping-taxable","13":"product-type-simple"},"_links":{"self":[{"href":"https:\/\/e.kosmolat.eu\/lv\/wp-json\/wp\/v2\/product\/73360","targetHints":{"allow":["GET"]}}],"collection":[{"href":"https:\/\/e.kosmolat.eu\/lv\/wp-json\/wp\/v2\/product"}],"about":[{"href":"https:\/\/e.kosmolat.eu\/lv\/wp-json\/wp\/v2\/types\/product"}],"wp:featuredmedia":[{"embeddable":true,"href":"https:\/\/e.kosmolat.eu\/lv\/wp-json\/wp\/v2\/media\/81310"}],"wp:attachment":[{"href":"https:\/\/e.kosmolat.eu\/lv\/wp-json\/wp\/v2\/media?parent=73360"}],"wp:term":[{"taxonomy":"product_cat","embeddable":true,"href":"https:\/\/e.kosmolat.eu\/lv\/wp-json\/wp\/v2\/product_cat?post=73360"},{"taxonomy":"product_tag","embeddable":true,"href":"https:\/\/e.kosmolat.eu\/lv\/wp-json\/wp\/v2\/product_tag?post=73360"}],"curies":[{"name":"wp","href":"https:\/\/api.w.org\/{rel}","templated":true}]}}