{"id":73352,"date":"2025-07-01T04:23:03","date_gmt":"2025-07-01T04:23:03","guid":{"rendered":"https:\/\/e.kosmolat.eu\/product\/caramel-vasks-bikini-zonas-padusu-depilacijai-12-plaksteri-2-salvetes-vaska-nonemsanai\/"},"modified":"2026-04-20T11:46:50","modified_gmt":"2026-04-20T11:46:50","slug":"i_caramel-vasks-bikini-zonas-padusu-depilacijai-12-plaksteri-2-salvetes-vaska-nonemsanai","status":"publish","type":"product","link":"https:\/\/e.kosmolat.eu\/lv\/product\/i_caramel-vasks-bikini-zonas-padusu-depilacijai-12-plaksteri-2-salvetes-vaska-nonemsanai\/","title":{"rendered":"I_&#8221;Caramel&#8221; Vasks bikini zonas, padu\u0161u depil\u0101cijai (12 pl\u0101ksteri + 2 salvetes vaska no\u0146em\u0161anai)"},"content":{"rendered":"<p>&#8220;Caramel&#8221; vasks bikini zonas depil\u0101cijai &#8220;Vani\u013cas&#8221;. Jut\u012bgai \u0101dai. 12 pl\u0101ksteri + 2 salvetes p\u0113c depil\u0101cijas.<br \/>\nIepakojum\u0101: vaska pl\u0101ksteri depil\u0101cijai (12 gab.), salvetes p\u0113c depil\u0101cijas (2 gab.).<br \/>\nVasks nodro\u0161ina \u0101tru un efekt\u012bvu mati\u0146u no\u0146em\u0161anu. J\u016bsu \u0101da ilgsto\u0161i paliks gluda un maiga. Regul\u0101ra depil\u0101cija ar vasku padara katru n\u0101kamo proced\u016bru viegl\u0101ku un \u0101tr\u0101ku.<\/p>\n<p>Lieto\u0161ana: pirms depil\u0101cijas \u0101dai j\u0101b\u016bt sausai un beztaukainai, bet efekta uzlabo\u0161anai var uzkl\u0101t nelielu daudzumu kosm\u0113tisk\u0101 talka. 1. Katru vaska pl\u0101ksteri sasild\u012bt plaukst\u0101s. 2. Uzman\u012bgi atl\u012bm\u0113t pl\u0101ksterus div\u0101s da\u013c\u0101s. Abi pl\u0101ksteri ir lietojami. 3. R\u016bp\u012bgi piel\u012bm\u0113t katru pl\u0101ksteri pie \u0101das virzien\u0101, k\u0101d\u0101 aug mati\u0146i, un piespiest to. 4. Ar vienu strauju, ener\u0123isku kust\u012bbu noraut to oblig\u0101ti pret\u0113ji mati\u0146u aug\u0161anas virzienam! 5. P\u0113c depil\u0101cijas no\u0146emt paliku\u0161o vasku ar speci\u0101li paredz\u0113to salveti vaska no\u0146em\u0161anai.<br \/>\nNoder\u012bgi padomi: 1. Pirms izmanto\u0161anas veiciet \u0101das jut\u012bbas p\u0101rbaudi uz mazas vietas! Ja 24 stundu laik\u0101 nerodas aler\u0123iska reakcija, varat lietot vasku. 2. Vaska p\u0101rpalikumus var no\u0146emt ar speci\u0101lu salveti, kura ir pies\u016bcin\u0101ta ar e\u013c\u013cu. Nav ieteicams vasku nomazg\u0101t ar \u016bdeni, ziep\u0113m, birsti vai cietu s\u016bkli. 3. Depil\u0101cijas proces\u0101 katru pl\u0101ksteri var lietot vair\u0101kas reizes. 4. Nelietojiet vasku uz kairin\u0101t\u0101m, boj\u0101t\u0101m un stipri iedegu\u0161\u0101m \u0137erme\u0146a viet\u0101m. 5. Neslapiniet \u0101du 6-8 stundas p\u0113c depil\u0101cijas! 6. Vieglais, dab\u012bgais s\u0101rtums p\u0113c k\u0101da laika p\u0101riet (atkar\u012bgs no \u0101das jut\u012bbas). Labv\u0113l\u012bgi iedarbojas uz \u0101das p\u0113c depil\u0101cijas. 7. Vasks ir efekt\u012bvs mati\u0146iem, kuru garums nav maz\u0101ks k\u0101 5 mm.<\/p>\n<p>Uzglab. temp. +5 l\u012bdz +25\u00b0 C. P\u0113c atv\u0113r\u0161anas izlietot 12 m\u0113n. laik\u0101.<\/p>\n","protected":false},"excerpt":{"rendered":"<p>&#8220;Caramel&#8221; vasks bikini zonas depil\u0101cijai &#8220;Vani\u013cas&#8221;. Jut\u012bgai \u0101dai. 12 pl\u0101ksteri + 2 salvetes p\u0113c depil\u0101cijas. Iepakojum\u0101: vaska pl\u0101ksteri depil\u0101cijai (12 gab.), salvetes p\u0113c depil\u0101cijas (2 gab.). Vasks nodro\u0161ina \u0101tru un efekt\u012bvu mati\u0146u no\u0146em\u0161anu. J\u016bsu \u0101da ilgsto\u0161i paliks gluda un maiga. Regul\u0101ra depil\u0101cija ar vasku padara katru n\u0101kamo proced\u016bru viegl\u0101ku un \u0101tr\u0101ku. Lieto\u0161ana: pirms depil\u0101cijas \u0101dai [&#8230;]\n","protected":false},"featured_media":79658,"template":"","meta":[],"product_cat":[1622],"product_tag":[],"class_list":{"0":"post-73352","1":"product","2":"type-product","3":"status-publish","4":"has-post-thumbnail","6":"product_brand-elfa_ua","7":"product_cat-depilacijas-un-skusanas-lidzekli","9":"first","10":"instock","11":"taxable","12":"shipping-taxable","13":"product-type-simple"},"_links":{"self":[{"href":"https:\/\/e.kosmolat.eu\/lv\/wp-json\/wp\/v2\/product\/73352","targetHints":{"allow":["GET"]}}],"collection":[{"href":"https:\/\/e.kosmolat.eu\/lv\/wp-json\/wp\/v2\/product"}],"about":[{"href":"https:\/\/e.kosmolat.eu\/lv\/wp-json\/wp\/v2\/types\/product"}],"wp:featuredmedia":[{"embeddable":true,"href":"https:\/\/e.kosmolat.eu\/lv\/wp-json\/wp\/v2\/media\/79658"}],"wp:attachment":[{"href":"https:\/\/e.kosmolat.eu\/lv\/wp-json\/wp\/v2\/media?parent=73352"}],"wp:term":[{"taxonomy":"product_cat","embeddable":true,"href":"https:\/\/e.kosmolat.eu\/lv\/wp-json\/wp\/v2\/product_cat?post=73352"},{"taxonomy":"product_tag","embeddable":true,"href":"https:\/\/e.kosmolat.eu\/lv\/wp-json\/wp\/v2\/product_tag?post=73352"}],"curies":[{"name":"wp","href":"https:\/\/api.w.org\/{rel}","templated":true}]}}