{"id":71908,"date":"2025-06-28T04:00:54","date_gmt":"2025-06-28T04:00:54","guid":{"rendered":"https:\/\/e.kosmolat.eu\/product\/mill-bernu-velas-mazg-kapsulas-baltai-un-krasainai-velai-4-in-1-690-g-30x23-g\/"},"modified":"2026-04-20T06:01:31","modified_gmt":"2026-04-20T06:01:31","slug":"mill-bernu-velas-mazg-kapsulas-baltai-un-krasainai-velai-4-in-1-690-g-30x23-g","status":"publish","type":"product","link":"https:\/\/e.kosmolat.eu\/lv\/product\/mill-bernu-velas-mazg-kapsulas-baltai-un-krasainai-velai-4-in-1-690-g-30x23-g\/","title":{"rendered":"Mill B\u0113rnu ve\u013cas mazg. kapsulas baltai un kr\u0101sainai ve\u013cai 4 in 1, 690 g (30&#215;23 g)"},"content":{"rendered":"<p><strong>4 in 1:<\/strong><\/p>\n<ol>\n<li>Auduma aizsardz\u012bba.<\/li>\n<li>Ide\u0101la t\u012br\u012bba.<\/li>\n<li>Efekt\u012bvas jau no 20\u202f&deg;C.<\/li>\n<li>Svaigs arom\u0101ts.<\/li>\n<\/ol>\n<p><strong>Lieto&scaron;ana:<\/strong> Sekojiet att\u0113liem uz iepakojuma. 1\/2\/3 &ndash; \u016bdens ciet\u012bbas l\u012bmenis. Mazg\u0101&scaron;anas temperat\u016bra: 20&ndash;90\u202f&deg;C.<\/p>\n<ol>\n<li>Ievietojiet kapsulu ve\u013cas ma&scaron;\u012bnas cilindr\u0101.<\/li>\n<li>Novietojiet ve\u013cu virs\u016b.<\/li>\n<li>Iesl\u0113dziet ve\u013cas ma&scaron;\u012bnu.<\/li>\n<\/ol>\n<p><strong>Devas:<\/strong><br \/>\n4&ndash;5 kg ve\u013cas, nedaudz net\u012bra ve\u013ca un m\u012bksts vai vid\u0113ji ciets \u016bdens: 1 kapsula.<br \/>\n&gt;6 kg ve\u013cas, \u013coti net\u012bra ve\u013ca vai \u013coti ciets \u016bdens: 2 kapsulas.<\/p>\n<p>Uzglab\u0101jiet cie&scaron;i nosl\u0113gt\u0101 ori\u0123in\u0101laj\u0101 iepakojum\u0101. Neaiztieciet ar mitr\u0101m rok\u0101m. Nespiediet, nepl\u0113siet un negrieziet kapsulas. Nelietojiet vilnas, z\u012bda un citu delik\u0101tu audumu mazg\u0101&scaron;anai.<\/p>\n<p><strong>Der\u012bguma termi\u0146&scaron;:<\/strong> 3 gadi no izgatavo&scaron;anas datuma.<\/p>\n<p><strong>Sast\u0101v\u0101:<\/strong> 15 % un vair\u0101k, bet maz\u0101k nek\u0101 30 %&nbsp; anjonu virsmakt\u012bvo vielu,&nbsp; 15 % un vair\u0101k, bet maz\u0101k nek\u0101 30 %&nbsp; nejonu virsmakt\u012bvo vielu, maz\u0101k par 5 % fosfon\u0101tu. Optiskie balin\u0101t\u0101ji, Smar\u017eas un arom\u0101tisk\u0101s kompoz\u012bcijas. Konservanti: 2-Bromo-2-Nitropropane-1,3-Diol \/ Octylisothiazolinone.<\/p>\n<p>&nbsp;<\/p>\n<p><img decoding=\"async\" alt=\"\" src=\"data:image\/png;base64,iVBORw0KGgoAAAANSUhEUgAAADgAAAA6CAYAAAGSSaqDAAAAAXNSR0IArs4c6QAAAARnQU1BAACxjwv8YQUAAAAJcEhZcwAAFxEAABcRAcom8z8AAA6NSURBVFhHxVkLcFTlFV4VKyAkJCFP8tpkd\/MmL0gAURGLj4FSKVOtTotF7dgntthhwFqRaseOj+roiDjWMi1qW6e1o7YDiChqpbajtQK7997dTUKAECCQhLyT3c3pOee\/\/+7d3Zt9hDD9Mpt7\/+f5z\/nPfx7\/tYAB\/oBffxMINgbGx\/npXlzJT0KwcXSgFyyXWmAcO3n0DhYqnD+4nwsb79\/IjQRvc6UYqVjncoURSmlWaNr2Vdfqb9hQPo+fYQs688RW0Bodeo2h0QxhjWIpIQQbtQYb+PA5JooMblTLc7iQV1TIo+UMFqUoTX8FyMzP1d9wgYEAWM4+97heDKHv43385GlbVy7nQu\/58+AfH8F5xcTBBan69HIDCGGsRMK8EQe7m8rAvahCr4hG2EB\/YByU2mK9FIK3qRrXGdBLAjzQj+tzObJg7EQrVxIuu3IG5BUX6iUBT3MVjKNoCJYuFI9WHd5BYtqsmfpbCOff\/iNo1gxBcRz\/Ou5bj6qRF9yOVV9dDdlF+aKAGO45Dao1PSi9KOG0LmuEo+vW6iUxj2rC94RSdZVksmTHI4QiYT4Qce713zILEyFqIHUdHugBrbYEPE0OqSlRiB4YGAN3ZRG\/t1y\/ANq+fjO\/RyJqoFpXEjy2RM6DlI9951ZRNiBsoLsxJAza\/JW3rGY+1ZIM6Hr2Ma6XCA70NIXrJQ18+pmn9RKAE21F35uv6SV9oAeVOVLsdDyNoNWrRXNg6PODXLa4F1fxSyRyiwr0txACOLnsb8EDAdqSCjDf5hD82KEFT4kEL5Vk6FkcqiQYlxoAP6jNZXpJICgcGuzGwZLye++\/p7\/hihbY9bcQwraDBnmba3gSQsDvw4NtDZaNCBso4V4kBqsVwvCZwXQgwb2oCkZPtemlaEw4MB6SGkg67O\/uBHdzBWg1hSyToF4niIQI0qQB\/xDuigO0CuGxWm5sBnVJNbTdsHhC+ZkhJkE\/WlCazFNnA291qag0gNpaltaCtmg+HL11ZVylJZgSlGJSqwrwZKPRwXciLnHo8CEYGh7i9\/FxP7drJVl8Njsf3RyTY1OCWhkOXlgGIx3t6ELDh8+Yk8LnNLe4ABZfvVSvFaAlqfZsPCgV0P3KC7gYUW8EEyRHRaDww9tUBUPKIS6bwWq38THNxd\/xY8f02mi4CtM48Onb\/VfwBSh+EGCCrsJUPAeV0Lv3zSiOInHwnwfZ9qVkpes15gigqAkKOkMNtXrkmMZliw9N1pmdz\/NqFFsmV8ZDatZcuORL0\/SSOQIYGPbueQPddzVbcgmxh8gU8dWxbRNqXDV4bDkxNa6mvhY2bd6sl8JBhMbaVD6rzqJUUWkQWpTSEKH227+CK6vEcxd9FB74+YMs0vScLL0mBN9wP2jovJ2ObC4bgywJUy0lEOG2FUvQulZB25oVHDaawa8fC7XRBipan3iYkCCBziNNptlz2TWdvP\/7wVVTxEnQqgtArS\/hd7RH\/IyFmAQlJBGtZC4qVw2cf+M1cJXhItAB+UeHYJz8XoJIiGAk1NK5MOJ1hSlDokiKIImReOk7sAcPc+JcGZEwwXE0CMTQYQxSPY3l\/C4tVDJIjKCuPCq6Jg8qj9ZgBw\/+qC5ZkgkRpEndDSWsqW13ruWyVmsDrc6egF6GIy5BOn\/eq2o4SDt65xrBkTwuuAhtfvyzZ0RMgmR+WzB3YGJrlolKA5hooxXDDZGMUCgZD6YEaf00tOXLzeBeUgOt1zXq9eEgw+DDZZEJVCowI0IYHbUZoghSUEETt3\/zFtDIg9SKrMGI3Xv26G9EADPlgXOgLSwHd6lwWbE4NSGIXuOn97KCaLhqI1cv79wJOYX5bLxnZczRa5EoUh1p0zDrKgcFQ41ISRgRRtDv98PpLT8GFWNptSI\/auDz27czMQovMvJEui9BRmHgs084vNBKhLcwQ5BgAImdenwrh89OR66pund2dnI8k4e\/K9N1X2cABQv9\/\/4QvBhMOW3mnDJBcppdv3mWxagWh7yzGTLz85jgtBlX6DXROP\/uW7jwcjhSLPbUSNhC2fu5P72MxFBB8lNEbQyTlTI3ncVaUBydVkvQ8O43MblHBlwFaUxQhp6W3vf2YjhQCWqhUIJ49nEaXTsgh\/dt\/IleYw4Kxs69+AzGqlWgFIUCLouGxpgyl4H\/iKQxHqbNnM4cfnTwY70mNrTqYo7aev+yi8u8hxSPqlg5+MW\/gqybgdpW3HQjZOPRSAQKOmwNpdf\/j\/0oVl2k\/B\/hdGRhYxUMe48Ew4eJMDQ0NGEfOfERDIQ1lFwfhopGFpig7KTYcEVNDvAP9ZqaKOLw\/Q8OQGGJVa8Jh\/SZriKMujHc7Hplh2gwIMihvGvSyvLBs8AG4z7igqvCMCc7k5Vm+uxZeo0AXTAQMbUkDc9hFXQ990QwFjIiSJDgw8NPUKsL0QsgUS6F4\/LZ4nLM6rDpNSEo9kx20J0P3T+hyMMIEvx+4Sm02mJwzw8XnZzkldde5acE1Xqvmo9urBI6frAu5tGKIkig\/jREqbeCWht9hWIE9fNeU4N7hknpurWmJtEIU4ISNBl79cp5PFHkkaENaL2pGfesBtrX3mC6BZGISZBYJVVQF9pBcQjvQESlBNpWX8dpXiuKU7bFQ2yCCDoeIz2nQWkuA5dD3JfTtMfv+hraygpUsNgij0RcggQfnq9hjxOJloOreA6cfnQLirEaY5miuHsWiYQIEujCefCLT\/jigC67VDyvyRIjJEyQQMei74O9oJbnT5i+xUNSBKcCF5UgpT50dEa1Q6hwmRg0W8E30CO2IpEzNAWYegZx4fLGZOzkcdQtzFsx7SfnwSFTgwPTFDv4hge4TwKx+gVhyhikAJFMBH+xOtkBKhpDN8biHrRDbtTpM7\/8GZz40XpQa9AlILPeulJowSRiDPeTNpPixouBC2aQkgjpef24WKUMM9aGMvRTVeBGJo+vv437UTv9CN5ldaDUFYOnGXPAenxe08D1tJnxYptkMWkG2Svo8QvBvbAM3Bgh0LWZimetbbXIJXnRBj2knZLMelF1NRQGq25NAbSvvIb78JzcSc4+eUyaQbnktlXXIkO4CxhZuOeXgmd5I6sptcdyjaTO1Mc31M+hk7vRjupcA0pVPpz43jruExLL5JEUg7xp+nv7rTdyXkyBRUs9BiDLGth5JStzKYRRdO9aRQHG\/g7wYkrlwsy044EN3IYR3aSREIMUHQcZu+s2UCoxSl6MIRpaxJalNRgKGD+Eh+OHGzZw5mO54nJ8zgDLtEvBUVkBh74QF+qSQcnDSNdJDiG0pkrcUVRdey6c3CpSNLJDyYowJoOUfssFtN\/zDfbwniUYwyxAs4+7NjY6yG0TYcuWzTArfQ5H6JQW0FcA+mVh9pwbI\/MiiiPHW0Apz+YLCkojldJcOP3Eg9xO6h1L\/Y2IYpDVEP\/J8ace2QwuShVQFT10G2LNgDGUMoGIxKJz4MABkSjThQcxqDNKHwO+ffddeq9o0LzyK8bQ4c\/AmZ\/CTFLmrmCC3vOGyDCIdrxEPYxBY9czO54EFbM7CgQ99CHAmgojbW7uY5YxTgT6YMRXSLR7xGhxAVw+awbs3rOb22PtBLXJ698BjBGdhSnIJK5nUTk481Jg4J234hqiIIOUshK6\/7CTL7I58sC8+0hRCvR\/uI8nmsy17\/IbVkB6XnaQwZyifJiROjsmY5GgnjIQ6P7zLlAKMnB9ldDSXAlOWw4MfPoRt5nBIiXU8\/br4CrJ4AyIfs6STOjf9zdumwRfQezYsQNmpqUE1TQjNweWr7heb00e43qY37XrJXCVpjOjGv4UezYMOj\/lNqPftXRtfwqcpZnsbFnP0af1vSMYmwr09vSw5ZTnb2ZaKmzf8YLeOnlIHs7+\/kW0uuiHcf1056SWZgfPKIFVtHvvW+AqnM2HmG7alKIM6N\/\/d+7gD\/iSUicj5DhHRbm4d0QmLZddAr29vVw\/GVAoRz+a+dzvXgCXleyE2EW1OA0GvYdFRx18XykX0vXsY6ym5Gg9eP6UwjQYPapwG\/VJllHZf9\/+d2F6ymywWCzw8C+2cV0yYN+Hc+lmAvo\/fh+OoMHx0q7RlXNBGvTsF1onPEBonUEjQzslA93OrZtAtWXzjnoWorPFlGfsbCe3TQWSFRTxRyujr+1sJ1DLyE5o6LLOvvoSd5EpWiRM\/KBIeQgdmzags80TBxmDaVedDcZ6u1g9EsXn\/\/2cd44s6VxUUzqPW7c9rLfGBu0YMTZ4og2cZTkY3eBuoT9W7Rmobb\/iPiJ0nxhRDBrBqoE49t1vifCMbmIaHRjJOMA3Msit8VzH4quXQnouuYkCtKK6m4i46IwEn3t8jnS0Y8qVj5kKuYT5cMSeBV2\/foT7yLXFQ0wGJaTRbb9jNX\/CZkbrkVF0uMwk\/mjnJ0JD80I2LpdhTDo9dRb0ne\/TW4wgpz7G843294AXg203hYQUplE8+lDsTwYTISEG6cwYr47brm8GtZZMczUcqS\/ChDX0aU8GDBLxzhvJhQ4FCwl\/Wo24eaa80lORB8fuuZ37EWiu2LNFIyEGJWjxHOjqZQ0Db3ddKYdzrup8aF+\/Vm\/RGYuxGsF3qEPrzYtAqy3F9AuDDPRrLatE8kuMX0iWnxSDErQsYpSI+4aHwN1QikbIjlJHi1sxD05uvDuupOWS225fCe5qKwcZChqx1hVN3CYY4y4XhEkxaATvKj5Hz50CT62VP+HwGXVkwUnMREQffvC2SQt9fN0aPM+ojkvQl9XboGVZE84jvlUk7UZi4IIZlJDWdOzUcdDI4mJqRZZPwSzkzFOPcRv1OHHvHeCsykNVnM93OJRfUr1kfKoxZQzS7jCLuvCHPIdBLUznEIp3FGNcrbaEbwLIzajl89DV9OmqStEHv0w5po5BA9jq6tZ08PCnnMdR6OdGR60Uz4HR7tPMGF85SolcJFwUBiWIUam6p57cBt27XuR3Yn4qz1ksXFQG\/\/8A+B+wvM13GZLiGgAAAABJRU5ErkJggg==\" \/><strong>GHS07 Uzman\u012bbu<\/strong><\/p>\n<p><strong>H319<\/strong> Izraisa nopietnu acu kairin\u0101jumu.<\/p>\n<p><strong>H315<\/strong> Kairina \u0101du.<\/p>\n<p><strong>EUH208<\/strong> Satur: 2-oktil-2H-izotiazol-3-ons. Var izrais\u012bt aler\u0123isku reakciju.&nbsp;&nbsp;&nbsp;&nbsp;&nbsp;<\/p>\n<p>Dro&scaron;\u012bbas pras\u012bbu apz\u012bm\u0113jumi:<\/p>\n<p>P102 Sarg\u0101t no b\u0113rniem.<\/p>\n<p>P264 P\u0113c izmanto&scaron;anas rokas k\u0101rt\u012bgi nomazg\u0101t.<\/p>\n<p>P280 Izmantot aizsargcimdus\/acu aizsargus\/sejas aizsargus.<\/p>\n<p>P305+P351+P338 SASKAR\u0112 AR AC\u012aM: Uzman\u012bgi izskalot ar \u016bdeni vair\u0101kas min\u016btes. Iz\u0146emt kontaktl\u0113cas, ja t\u0101s ir ievietotas un ja to var vienk\u0101r&scaron;i izdar\u012bt. Turpin\u0101t skalot.<\/p>\n<p>P337+P313 Ja acu iekaisums nep\u0101riet: l\u016bdziet medi\u0137u pal\u012bdz\u012bbu<\/p>\n<p>P302+P352 SASKAR\u0112 AR \u0100DU: nomazg\u0101t ar lielu \u016bdens daudzumu.<\/p>\n<p>P332+P313 Ja rodas \u0101das iekaisums: l\u016bdziet medi\u0137u pal\u012bdz\u012bbu.<\/p>\n<p>P501 Atbr\u012bvoties no satura\/tvertnes\/ iepakojuma saska\u0146\u0101 ar valsts noteikumiem.<\/p>\n","protected":false},"excerpt":{"rendered":"<p>4 in 1: Auduma aizsardz\u012bba. Ide\u0101la t\u012br\u012bba. Efekt\u012bvas jau no 20\u202f&deg;C. Svaigs arom\u0101ts. Lieto&scaron;ana: Sekojiet att\u0113liem uz iepakojuma. 1\/2\/3 &ndash; \u016bdens ciet\u012bbas l\u012bmenis. Mazg\u0101&scaron;anas temperat\u016bra: 20&ndash;90\u202f&deg;C. Ievietojiet kapsulu ve\u013cas ma&scaron;\u012bnas cilindr\u0101. Novietojiet ve\u013cu virs\u016b. Iesl\u0113dziet ve\u013cas ma&scaron;\u012bnu. Devas: 4&ndash;5 kg ve\u013cas, nedaudz net\u012bra ve\u013ca un m\u012bksts vai vid\u0113ji ciets \u016bdens: 1 kapsula. &gt;6 kg ve\u013cas, [&#8230;]\n","protected":false},"featured_media":96178,"template":"","meta":[],"product_cat":[1481],"product_tag":[],"class_list":{"0":"post-71908","1":"product","2":"type-product","3":"status-publish","4":"has-post-thumbnail","6":"product_brand-madonis_pl","7":"product_cat-velas-mazgasanas-lidzekli","9":"first","10":"instock","11":"taxable","12":"shipping-taxable","13":"product-type-simple"},"_links":{"self":[{"href":"https:\/\/e.kosmolat.eu\/lv\/wp-json\/wp\/v2\/product\/71908","targetHints":{"allow":["GET"]}}],"collection":[{"href":"https:\/\/e.kosmolat.eu\/lv\/wp-json\/wp\/v2\/product"}],"about":[{"href":"https:\/\/e.kosmolat.eu\/lv\/wp-json\/wp\/v2\/types\/product"}],"wp:featuredmedia":[{"embeddable":true,"href":"https:\/\/e.kosmolat.eu\/lv\/wp-json\/wp\/v2\/media\/96178"}],"wp:attachment":[{"href":"https:\/\/e.kosmolat.eu\/lv\/wp-json\/wp\/v2\/media?parent=71908"}],"wp:term":[{"taxonomy":"product_cat","embeddable":true,"href":"https:\/\/e.kosmolat.eu\/lv\/wp-json\/wp\/v2\/product_cat?post=71908"},{"taxonomy":"product_tag","embeddable":true,"href":"https:\/\/e.kosmolat.eu\/lv\/wp-json\/wp\/v2\/product_tag?post=71908"}],"curies":[{"name":"wp","href":"https:\/\/api.w.org\/{rel}","templated":true}]}}