{"id":71906,"date":"2025-06-28T04:00:45","date_gmt":"2025-06-28T04:00:45","guid":{"rendered":"https:\/\/e.kosmolat.eu\/product\/mill-univers-velas-mazg-kapsulas-4-in-1-230-g-10-x-23-g\/"},"modified":"2026-04-23T06:26:36","modified_gmt":"2026-04-23T06:26:36","slug":"mill-univers-velas-mazg-kapsulas-4-in-1-230-g-10-x-23-g","status":"publish","type":"product","link":"https:\/\/e.kosmolat.eu\/lv\/product\/mill-univers-velas-mazg-kapsulas-4-in-1-230-g-10-x-23-g\/","title":{"rendered":"Mill Univers. ve\u013cas mazg. kapsulas 4 in 1, 230 g (10 x 23 g)"},"content":{"rendered":"<p><strong>4 in 1:<\/strong><\/p>\n<ol>\n<li>Auduma aizsardz\u012bba.<\/li>\n<li>Ide\u0101la t\u012br\u012bba.<\/li>\n<li>Efekt\u012bvas jau no 20\u202f&deg;C.<\/li>\n<li>Svaigs arom\u0101ts.<\/li>\n<\/ol>\n<p><strong>Lieto&scaron;ana:<\/strong> Sekojiet att\u0113liem uz iepakojuma. 1\/2\/3 &ndash; \u016bdens ciet\u012bbas l\u012bmenis. Mazg\u0101&scaron;anas temperat\u016bra: 20&ndash;90\u202f&deg;C.<\/p>\n<ol>\n<li>Ievietojiet kapsulu ve\u013cas ma&scaron;\u012bnas cilindr\u0101.<\/li>\n<li>Novietojiet ve\u013cu virs\u016b.<\/li>\n<li>Iesl\u0113dziet ve\u013cas ma&scaron;\u012bnu.<\/li>\n<\/ol>\n<p><strong>Devas:<\/strong><br \/>\n4&ndash;5 kg ve\u013cas, nedaudz net\u012bra ve\u013ca un m\u012bksts vai vid\u0113ji ciets \u016bdens: 1 kapsula.<br \/>\n&gt;6 kg ve\u013cas, \u013coti net\u012bra ve\u013ca vai \u013coti ciets \u016bdens: 2 kapsulas.<\/p>\n<p>Uzglab\u0101jiet cie&scaron;i nosl\u0113gt\u0101 ori\u0123in\u0101laj\u0101 iepakojum\u0101.<br \/>\nNeaiztieciet ar mitr\u0101m rok\u0101m. Nespiediet, nepl\u0113siet un negrieziet kapsulas.<br \/>\nNelietojiet vilnas, z\u012bda un citu delik\u0101tu audumu mazg\u0101&scaron;anai.<\/p>\n<p><strong>Der\u012bguma termi\u0146&scaron;:<\/strong> 3 gadi no izgatavo&scaron;anas datuma.<\/p>\n<p>&nbsp;<\/p>\n<p><img decoding=\"async\" alt=\"\" src=\"data:image\/png;base64,iVBORw0KGgoAAAANSUhEUgAAAEMAAABACAYAAAE2WfpLAAAAAXNSR0IArs4c6QAAAARnQU1BAACxjwv8YQUAAAAJcEhZcwAAFxEAABcRAcom8z8AABS9SURBVGhD5VsHdFVV1ubH4Z+ZpTNLFP41\/v5tDUUFpSSIpLwkpL+8lx7yUkiBBAKE0AJIj4CAFGmC0jSAMFJEiogoKAKCMFJFQFC6SMvr9db9733eeZAXEkoIzOh8a9313rv3nH3PPfecXb69X6OasPfLb8u\/1g5bTkofQLjDA4Cf8oeYqV1KDXywdH7Bv6GcHHWcLnz99deswZUrV+DSpUtg6tTa29Bp0DMJb7\/9NsybN481ysvLgxs3brDvUmRnb0MpMzadnakBObqL\/y2thpTW\/JoX2tDaB3+lvPvjdF3Shsr8VD1QFdAS1KprJKgxP3UL5pD2dOEmbJs2NeOXGjWydNPByZMnweVysYtffvkl+3S+PqpLI1PQi\/Duu+\/C\/v37Ye7cuezCtGnTwG63s+9MgrFjK\/ajOpRzZ\/wf19TpeX4JQNj2ae1z4QhpB65pE2q\/WBscxTl6Y5e2IEe+fO+dfFByUydWBfiPXXW7wBnWEU6r6u95s9rhTo3eZY56BQ4eOgSzZ8+GMWPGQFlZGXz\/\/fcwa9YsWLp0Kcgo0PJKG1DnTf9f3s0LSRd+1dYnn93x448\/hg0bNkDPnj3Z7+pYvnw5TJo0if8CuNGhJXgqRiQxIZ602PKqji3h1E8\/wYkTJ24eNAIfaCTjxo2D0aNHgyAIoBqrwEPbCODfmBAfjIbkYGOg\/4qtCenIIVCjX7n7RFtycpraaM0pCu+Km3clzkd8sMqb3B88UZ0B9OEW\/rN+kIb1n8W\/1g+QEAomTQCIJQXv81P3B9CGgLh9K5sPE64duShrJ790b1Bjg0A6eogJ8MGi7wpyduIJ3uTOkFGPKZcu8K7+sPXIAjlTe5U3vR0AFY09EZ0APB7Yu3cvW1gLFy6EXr16werVq9li++CDD8AxtBSk5BgX73YLBw4caOLUdGQCCH369IGzZ8+y7z6cP38eEhIS2LZwzZ4KSlKkxLujUi0tfdrySlveFGDnzp2AQsFsNvMzXqxcuRKSkpLg3Llz7Lfn\/Xdp\/XhXLi1h+cyPuDgVeOedd2DEiBGwefNm9p30HIF29Jtvvgnr16+H999\/n50jWFLjwNO7+3wmiF6nsPtLv81Hx\/Xr13lzYKMgo0IjIpjRTshpsV8xAT5AfAh41n3AGtwNxuCXQEyLW8G7+kOOD1Fdc6fxprWDdrkrM3Em71I7FF2ow1ExnHfxB+kcZ15qGW96Zwja0CprcS7v6oUJR+DIS0vgTe4NqDJPWbP0TAAZO2dJfmd+6f4g6SN2WVA5mcr7+SvlhoStd16oEh8sK7jLpX495\/HTjw6uIkMOuRxVZDE2fwTq9WtgCgsAKSIAhN65H\/NmDw+yQT8UUF3RapH272HvrTpUhx3MscHgQmMrF3TDXXygCe\/aMJCy9LPVmC5gRAMsnz7Jb1s3VFEEa1YS2HGDKVn6c9\/DtSe4qPpBTIvdKKJfYuqKKtNUxW\/jhQc14OXLl5lNdrvdcPz4cbh69So7Xx320iIwozcrp8fZHPOm\/YWLvjtgzZrHpPSYg+6IQDAnhDG\/hvDtt9\/C9OnTmd4uLi6Gfv36QWlpKXPyjh07BiUlJey3Xq+H3NxcGDp0KBQWFrK+BOf4kTggnNHkrh7PrFkv8Nvdjmtr1jwhJ0WcsaEHac1Dn1lVuQgvPvroI6bjCbJMnlLt+Pnnn0Gj0cAPP\/wA48ePZ0amvLycXwVwvTMH11gL1LRdwT1+bAy\/Pbr0PbP+U9KHWy1ocOxokWpDq1atmIpPSUnx87NqA9mSjIwMmDlzJkydOpX5bBcvXrxt8J71a8AU3A7khFC7c9TgZ9lghJTYCYCrnZSv9O0+ECQJmjRpQgbp5tG4cWO\/33SQR1kdgwYNgu7du7PzNpsNdu\/ezc7TOpJQ5k3gOqLX7saHdydF70VZ\/nCkx\/Yis2Ps0AJEdMcbGsqVy2DGrS3gBhDS4j\/lt60bjkxdnBIXzIyDe+lCLqb+kE+eACPtHNLAGQn3r4GvZaa2VxJCJGNAa3BOqeBi7x3C11+BkaILfO1idvIoLrb+uN4r9RlFqzFZcUfZBpXw29QNz0e4EMmlx9dsz0\/vzsU0HNSeSX8SteGX7Zr23i1eA64Fc9kApNgQ1d47N4p3e3iANfCYpNMcdmk6gMWQCM7JFWzHKbow0V5a+BJv9mgh68M3ivGhV9Ty8v\/gp\/4xEHvlbVLnTGrOfz56CCkx20gfKKnRVteyhf\/DTz86SGmx31AAQ3G7KQjNfHKM275o3p3Zp4bC6Tlzfi+nxR1xhrQDS3o82yHOaROZgyQnR6ri9PEv86YPB+r06Y9LKZFn7cGoP7qnsgH44Jo\/y2tFMZiUZk2J4F0aFmpZ7p8FXfg1W2h7sBXn3OYSENzLlzCtqWo1IE0Yo+ddGwa2iopmuB2NVnT\/bWXFtQ7AB4rHGCGC2lMYPSyXi3gwuDDmAH2EhQhK+4iB\/FZ3hrBlE\/PiIV4D4ogB\/bmo+sFWkttGSQz3EGXnmDKO3+LeIKJBo8VKMyIO7jOGi7w\/OAcUB8q6MJUWm2veDC76FiwWC\/zyyy\/s+6lTp+DChQu3Rffqd4fZq1ExlpYG9p7ORd8bzMWFkUpcKBPgrlwAbkGELVu2wLp16+CNN96AIUOGsM8lS5YwN48Cd2IF3nrrLZgxYwZjhzdu3AjHTpwE9Yfj6GO0ASWqM0j9ey7mt7gzPIXZiSo5Op2eA89aLytAIG+bvPIJEyZAUVERY1VGjhzJwgJyfAcMGMBcv+TkZMjPz2fnfHy2ev4sGFGhiV1Ru\/bJX8VvVTvkwjQeGrYA4ZMNTIAP6enpGDmsYRwi3bguHDlyBM6cOcMGSd\/p2L7jK1DR7TOFdgABYx6lKHszv6U\/xLzkfsSlVXX4K4i7vuAivVBxSwYFBbHvdwoLCDQDffv2ZVzU1q1bIScnhzFCBMV4Ayyo5j0Y88qFBn+azZGTOBLiMDYNfA6kQ39nHXwYNWoUY7d79+4Ny5YtgxUrVvArtcPpdDIei9YFMeSTJ0\/mV7ygwMuSEA4u1DlyQdoBNgAhN2Uq0VAsIv\/uCG96CxSNZWVlweuvvw7PPvssc\/XrArn+8+fPZ5HbqlWrYOzYsYxUq6ryDzlVUQALxrcSRoRSSfdZjRRtqJVcdPurA3gTYPQVPQVxYe+99x706NGDxafE+dM5OhYsWMBbe3H69GkWGBEd+Mknn0C3bt3YNt63bx97LTUhbF4Ppi4vghAXYm5k65HRXEoIMxKrZ+vrjTNpADhJfkdtwVF1EAsYExMD\/fv3Z6ElJW581KLD4WCfPrhXVno1KgZI1gGFrVBWo0YXcnKayonhF8i7thfiE7g9bBfUJPeqH5Q2qQlSXsRfFhQUsJmqqKhgMeuhQ7doW9fied4B6DTgrukYXxw8+I+KPvy0A7eRpVsCqDUogYaAc\/ZUMKGVlbUa0Vmc24Xf2h87dlT8TtJqjrnQY7IkdgXV5eTdHxzO8aPARMRMXKggDC69s2eOCukxWR+2z4NKxRIfCqrVwsXUH45hZWBBjSlpw5yWoWUt+K3uDHyXjQV95FbSbmY8VJORi7t\/2MuKwIy7AAMom6Nfwb0zOz4ISVFrZDQ8ppAOoFy+xMXeO2xF2WClbaiPuGIZPPgpLvb+ISZHLlKIaCNa6NTdiTYGWfKSbegMS0ldz5grZz3JxdUfUkrMdKCBdHoepGO3a9XqUFFtWxIjWa5PTIo8iXv937mYB4eYFjcGYoKYjyHu38tv6Y+b\/CfuLik16nBFbYnbB4UnNW4AxIUwZSPu8uZ1fVCMRgyEOgMFRHJqzA481fAD8MGRoe3ho6OFzzZ7B\/AL+gqajiDhINyp0et504cLW5o2nfke6AC7ly0GU3ggKGiJxW4Jy3iTRwO7ITmKEXBob1TiqDL1s\/mlRwsxL72THBdiE3KTJ\/NTvz6I5RhWdIvZgPbEpiTFVAmlxTMcCxY8wy\/\/a8BenBUppcftpI3mwUiACiPMRHNEdwYlNdYulRQsti55+zne\/LcHVCqPOQsNaVJK9CFK97rQhbqBUY4lMwE8HywD1\/RJuOE7AUW\/EhFRKTGS2CdvtXnKmI5cxK8fR8rLH3d0TyuUEiNOgVaDJrY9Y\/mtBj0In2+hEIupX4J6\/Tq4Zk0BM2pBSqoK4QEA6OopPQ1bxTkTg7nIXx\/UYT3\/JOZllomJ4T8TAU\/VKEZ8QGtBOoi7ydbVDXIvXYvns1Q9WXCXBidFF45hZPpeadLYGGzyGL\/NPzdgYMGTYnbSaFEfUQWxXcAW\/BJQGZatbwGIB\/f7lefcDYrTAe7VK8Csi8DV1BL9JpwU1DNyTtIxz8hBGQcAGjZ921BwDO33FykzcZqS2NVEzqEVA82qgNZgH14G8olj\/PHqB9XlAs\/H61lVCE0KhWw0KZIh+azw6pDii6r6Rz6Mfyyulxa39mTpFyq6CDu56sQ9UV7cMWEkK4VpUMgyCF9tB2tOCipa3HJohcjRkbP1F11D+w63fLe7KR\/Wo4Wpb3470RC\/WtGFShJGb8bAVmgNAtAqvA7KtSt89A8P4r49YCvJYzrF8vLzQNURcnqCURjQa6KjsvL+I8D7BYUYxt55QUK67lNZG6YIqPWJa6d0iOud2SBTcaAogogHsUpWq5WRgFQpS2Tfnj17YNOmTYwSI46G2Mrt27ezQgYifoitoqIpKn2kg9iozz\/\/HA4ePMjKuqgd1UYRvebA+EvAlSJ+dxgcg\/uAESfE\/PILjNNFX8Xh6d9rrmv+jP\/mQ2844Ito7O5piJXTYr6R40NVT0QgmHCZWlCxuVdUgsqpNhmVI1WFZWSks5T\/okWLGCO2du1a+OyzzxifQ\/wQFVQcPXqUcchE0RJ3TEUTxJgRk0rcMRVW0CdNIE3GN998wzhkuk7cEHFFNJE+KLglnWOHgQknxIz6iqqPpeRIj9KvYKln2aLW\/FHqjx2w43dSkSFNTo46SgqLglByiixJkSBsXFsr1UO1DtnZ2dCiRQsIDg5m36lSZODAgfDaa6+xN04TQ2wsFWuYTCbe09uXyLLDhw8zzpoeniZ04sSJTAbx2REREdCmTRvGcf\/44y2dRN4K8cDyhXPgmjyOJe5MnV8AKq1BpS4oxVnrhDlT7t+Bg8qKP7jzU4uVpOhTpKAcmvZoGXASDIkgfLEVoHo9RTUQRU3ljlQ8UllZyc8+GIiqpAkhebt27WLnaPsQk0iUNmUnaHsNHjzYj39Vb1wD19zpYKYXiGMXItAsJ6ED1yPzc9f4sRr+qHXDXDHwSU9uyhAlOfo8xAejeWwDVagYbcXZIO7xcuk1QcueCH8faGnTCqC3TMSvb4nXzNvcK6iQ5YsvvmBEcmZmJpsUIpKpiJlql2jFpKamstRMbcy4YjGz1I6FmI\/2f0UHDs0yerVyfsY+z+SKBGziz3TYysqaC1mJ49FbNEJcMGrnF1BLP8dyhNLhb71S6wCVBVEhFZHPVEpEb4e2By3t8PBwiIyMZMv+QUAPSfqBdAsR3aRUaTLo86effrqN6q8Vbje4167ELR4FlPlxhrZHrzaMHLi9ntlTvSS4MzelEnQaC9XNmTUd0UdoC47RQ0C5dJ5LuQUqnyUrQSVr9EkHWQ4aDCnAwMBA9uC0Cig3QTVWpAh9bav3vVOmh7YbTQBZHpJLFbVUEEZ\/z+jYsSN06NCBKV5Szj7lS1mAxYsXs9V4N1BMZM3QsmIhkRRtSpTVWd6nspEzQ\/eskBI9VYoPtanoPlMhGeW27INKQDp6643SQ5Pya9myJTRt2hSeeuqpm0ezZs2gefPm0LZtW5aeonQV5dio7dNPP+3Xlvo+88wzLAFYFyjRo9VqWd6NVhhlF8gU09YzGo3sO+kI2j40cQT6Ywcd9MLqgoqrw7NuFU5EAkskUnQsxQXb3Zm6mY7c1Fs8yuXs7GaO5LhRklZzlW0V9O5I8diKc0H++16mqbehwspHk5aYmMjees2D3qBOp2MH1RlSRrO2NrT\/6R8QdYEekPwSSjzRKggICGAKkyaHzDGl5ih5RQkq0h9Uh03pOVpJvj+wVAcFfu7KhSzHQESlG\/0j5rmmxuy2FmUn8im4HVDR7wl3elyplBB+FrCzLbgd3EDFY81NAbUG7fooQA9NvgZNwo4dO2Dbtm3socmKfPjhh8zC1JXdVapuoEWZAWbcCowSQE+ZEmVCatRnrmLD3S2KD+geNnF1i+8u68KOk2VxoatN5tWcGgueDehj8IrUf0bIF8+Dc9oEMIa0A3Pn572+hi7MI2bEr7lRnBPIH\/H+QWW5zvTEZEkXfkjFSXHj7FKJnCkuFNyrljdoju1BQYGhs+JVltehbS5imCDHh7lEg+5v7rL8e0uZ3QtQizU2G\/RR7oSI3VQC6sHZpiDJHIlxyaJ5DZLvqy+kYxifoMIn62AJagsKxifu+BCHkKmb4ywp8Vb3Piw489I7iYkRmyRtqEpLkAVrqJScMyeD8svPfIgPH5TDspfkQ1Wn59hKoJSSpI8widn6cdfqk7t8ENgyMtp4kqKWK\/EagfKfVJ9L9daO8SNBuej9v8\/DgLjzS1blSiVQlqAXmWXASbjsMCS+iiv4wdOXDwJzgeH\/pLTIOaAn5y2IZZYppKbCd+kBWS4fyEeg2g0qSiBC2UluNU1CStSPQg9DEYYFDZdCbQjYemc3U1JjJ8rxGhP9c47K\/ijvZ+tfBNKRg+TC8ke7d1De2IOK2qKP8JaqRwQC+1deUvgRe8\/MrAbNIz8MqLm5f3alxQ0XtWHXiIGyUdSLAZ+1h8Eb8FVLD9QF1WoF15K32X8YjagTyIopuBI8yZFfS71yokmh89v9OnCtX7cnbGmxfSUtOnBogciBY9xlToqXCqgFLPSmOhqWO8HQu+vLoGpD0VGK3e4sLuiCTX5dk1ATOyoq\/mDP0OXKunBGEjkx9qHI0ZoeD54tmxg\/Qn\/zcE55DUwsv9Lam1VL0EiyQbfG1L+kPRf124I1Mz7Row\/bR5NCS9+IytaE7rIptCNY6N9jxGHqwqxipm7JjWF9frv51uqwpes0QmLX7XJskCyiWSYKAYNEs2DQz3AOH\/5fvNm\/FuzdU190GRI2ObunTbIUFdW\/xuqB0ajR\/wMiPQiLv8oEOgAAAABJRU5ErkJggg==\" \/><strong>GHS05 B\u012bstami<\/strong><\/p>\n<p><strong>H318<\/strong> Izraisa nopietnus acu boj\u0101jumus.<\/p>\n<p><img decoding=\"async\" alt=\"\" src=\"data:image\/png;base64,iVBORw0KGgoAAAANSUhEUgAAAEAAAABCCAYAAAGQpuBDAAAAAXNSR0IArs4c6QAAAARnQU1BAACxjwv8YQUAAAAJcEhZcwAAFxEAABcRAcom8z8AABRISURBVGhDzVsJeFRVsm5BH3sg+wrZSQghbLLJKrLvMCCg80DgiYIbM48BYUZGcXyu8yKiPBUVdARnEIcRGREdEFQWZRHHSfftJens+wZZe0tNVZ17e++kEwLf+790+t5zzz2nqk6dOlV1TqvADS1Wi3wl4FJBOygGrNWV8p2AvYKUPoC\/jblGaC7M5msCV9BmxPENITQmkr\/rz5zgb1XVu6\/zhYJeQf3kKwD92HTRQsWul7iAcEfP7vwtTcjgbzsNxb96GFrka+P8SfKVGxd5K+dDwcP32ysSXCp4g0sF5zcVuFSo+XAfaIcnyncCXIHeLH3paairq8MrG+hSI6iYoaKHhVs2ipuut\/E3QZMQxN8qzaBoviDsen23fCVaLVy3HLtoaQH1QNHkwxse5m8sgrwVs\/laEIkFmoz+4rLFBvrJI\/iaYOfChq\/pJwxBLuLlEgEXNr3BZwUikjjRjhgoCnzAowEiRUoMhsr33pBLAEzGHNANTZDvXOHgwWYDdXIYlO7cKpcAdO8XAJGxgnlC3eXzoEmJchlSlRV71I5IhMIH7xPyc8LMObMgKCJMvpOBVWqOfATq+BCs3oIU4L+aP+0FdUIIDrIrqMKly5fkOwEq041Og6IN\/yk3IIN4L312G2gGhmMngpLtO54C1e1d+NrWYgXjtDGQPX8yv6jAU4goi8INq7GXFK5In\/xVi0GLs5Y6cYfPYaTKxqUzQR0X6PVFBT4boJ6r\/vIOvuwuGVd4bwBfvv6P42xPCh9fJxd6h0cD1HP9jxeR5xi+V6dFQeET67ncGzwaaLz0PUhoAxUQA+qEQCh\/5VlR4AZ7AzR0zXoJdCOS5BKAU1+fAovFwoOqSQyDyn177EOswN6A2aAH7TCHvn\/66d9YjfuFBsslNLlCoPaTD+U7AW7AUl4Cujs9Z11U7ADY9rvt8p1gJwutR\/23X4kChMpafw2kkcnyrSuIglNffy3fOaBOiYCGq9\/ztUpKjYSGK+f5xh3UgMlslu8csNZWgnSn6JRZ0AyOgsarF7lAAQ3bq5mZHsNnMzeB1oliboB40w6OAVOhkW7t6BcRClqtVr7DnnGeSG4Wyj4KBLI6psI8+Q4fqlRQWFQk32EnJGiLK0suDRBIfa211fKdA9qRqfKVKzwaIEijBoK1xtGIdkQy2OppXfGE1wYI+hFoD5oa0M4nu+meK3w2QNCPzwBzZZl85x2tNuAP2t0A6QWxVPvlUTbEBevv5\/LWrFZr8JsAap70re70P9BwR4CEa1DNgXdYNXQjU6Bw8yNcr71okwCF44bz36KvFgUSqln1B3vtA2tFk2vON4ImPhCkoXFQuu0J8cBPibRKAHHcLGWh\/xHGvmDlay9yuUfT1Bn+mUoLUTphoB0SC+WZz3nW8wKvBNCLphwtSGjOSY1LX35GPJCh1mhA1eU26BbQG7r26AZTZ86Qn5AuoFVX\/wjqAf2ADFXNR\/vkJ97hQgB1bC4pRDHH4oxOgOItj4lyN1bKy8t5wSZrF9E\/GqbNmik\/EVAMWMP336H0InF4QuD6l595lQgTQC9YaqpAhy6m9s4UKCC3gR\/7RkRsDBv84KhwOHT4sFzqCWqn9ugh9LhwGFF53U23ymQ0gG7sYPykoYPk\/5TavGULEtAf+oYFgyHbIJd6B7mlhJqD+3DGJENWTB9ouHiWy1T0qArXOU1yOLp34UjhBX7QFo787QgEhIVAt1495BLfIAJsuPJph8bzWlK06UH5iX0IBIUVezJxcYoGdWwgmHSaNofh8+PHQSNJ8p0nxPsYGIxH3xsNOvloBGfPwOssKHvhaZxKcaBJjQJTWTFPR3eEREVCNOpASHQEHP7kE7lUgDxJ6iJ7ygheFHKXzcRg0CoeusErATaaS4jirZuE2FAq5KYrULTcYHAde4WznIV3gxaXNAO6swSlvjd4JUCB8lrxpvUowiR0fZLBcv0aNig\/kNFiE9zlLp2OjlkK6Mel8frpu1sHWiVAgcJB\/tpl6FMgIeMHg62ulssIhf+1kr0cGjaq2RrH7vCLAAY2qjRrXDwdRZwCBlyvdaNS2WO01V3HJ\/53rMB\/ApygcKgfnw7m0iI2vx1Fhwiw4pibivOh7ruT4F23\/Ue7CVC4103MAG1qNJgrythytmfcndE+ArAP6iZ76ig03YPYuEjxwWDKxynawWHwmwCyDWSQDGhcdKNTIXfJLDRYO0BCzdcmhoKpBA1WG\/GgN\/hFgNKwYdJI1v7sScPB1tzMZQUbV4M0PAkdlhicCXU8HO1B2wTIKm6cP4U7pwjQ1lCPY+7gtujRB3AZxyEZngDWqgqasaQs4mEb8EsClPHSj0lFfyEJWiwmr40XblyFK10KDskAsFYSETdIgCJK47JZbGwk5J7grWGlLH\/VEpQCDsdwER9RIqYteCVA6Tx\/7XI0vYmgwYiUxpzCOwKlQwoKCuDvn38OtdeESaYyQt6y2UJPJqbjO02ouK0T4VMCRb\/GBQhdNCkuCCzYiTPn965YDrf37A49+gbAbd3ugPMXhBOjGOtcJIJmin7CULCZhLL6glcCitFjIc3WoENpacRVzU2Ud44dA1FxA9gpDY2OhH3798tPHDAumgZaJMIwIQNazM0+dcJOgCL24qd+jYoUD1JKJFipcy51xb33rYTo+Fgmok9wIJw7d05+ItAizxzDrPE8HDlzJqH9NnvVCSZAKS59aQdo02Mx5kOx11Z69YQIm5\/cytwTEbf36g41NTUeHLJO4FTNnjGGU2c5sybirWeLdglU7H4JO4+DrLhAaM7Wtqo6r+\/ZA0GR4SyBrj27yaWeoDYoL2+YMgr0GENmL5zm0S4TUL7nFYxiotAzDoMmXRY\/aA3nzp6F7n17c2yQlCIyJr7GmEptSIT+7pHskucunyPK5fqqin1vgiYplC1ck\/SzoJof+UZjYyNHRqHokK5et1Yu9Q3qrKWxAbJnjgfdmEGQv2YpWK\/V8DNVzj2jQTsmDafOLKrJhf7gti5dOKO7d9+7cknroJar3s4UhioJJf3zFS5X2dBdJvFo0afLQXtP8CVOZyQMTIaegQFoA7xnydxR8VYmSIMHgCYxBEx5Tjst1BX5c4bJw3HKDIS8FXP5QVtEXP3pJ8jMzASTCdcGH1AMU8X+NzEuxCAVpzYNM0NunpWQXCxbbS3oxqWj3acxWsYPW6OhsKgQPv\/iuHznBfLLNUf+zKlwyhs0\/Pi9h345DBE+Il9eNw4DVZwyuetWyE88UYGrXZeuXaF3SBDcu3K5XOoMwXvNV8dAkxaDRi0C6r856dWu2AlQQKsYBZC6YYmQLyeg3Idj1+7X2A6QIVIS+86gjq6dOMrbb2oUe\/0ZR37WHR4EUFeWonxe1ylfUPCEyJo7E1FWVgaqrirOZW7f8Tu5VPBNtepOHENrGgzSoGi4joS0Bg8CCOT\/mdHH06ZFo31IhuJtm8QDmQaFGErV2IFl3Pm5b3j51qRGQO0nB5VXfMIrAQTqg\/KlGpLEsHgoeeq\/fa4NBHrW9K+rHN5rUPRVf3q3zc4JPglQYCkvRVFGgg6935Kdcv7dTSdolWu6ehE06f05W1z9wdvyk7bRJgEkbtqOyIruzXqh7K1SOdFBpDT+cI4zatKQWKh+R2zQKktyW2iTAAJx2KxXi2QkTqvKfY7tveasqywhDX4q\/+81IXaizE\/4RQCBxphyh1pUMAkNS82B\/RgRGVFHYtiHKN\/1Yqs64gt+E6Bw1Zh1GdQYjukpRhhNsUASlL4iEpntYNwO\/wmQQX3UXzwL6v59ROfP75DLO9A7ot0EEKir2qMfs9vO3Xasb0aHCOhM3DICaIhISUlY144cxKU\/GfLuW8AZdrsAb0CSHcXNFQAypERshOu4Rhmmj4as+CDQ35XBy4w6MRSKnlgPzXli049k4L743kx0ugAEA4IJvsZP7dlToJ8xDjS4QOvR6dNjwJaNrjDl2MSOEyV6AqF480b0Fh2CUPK1NxOdrwHy6NH\/hqsXIGfGWPTJotDHS2HnQj9pOFS+j0sl1rPU1uDorwUJ7bgG3S8JNUKLbnPJ1sfAUuV6iulmodMEQCOunMxqvHIBjAumsguuHZnE8Sad1ak++B7YMDpSQEKij7mkCAofR0HgakqxiTQEfYph6Hs8vRWsGC7QJOrIIucPblgANMcVTW248C3kLZ3Nqk7xjW5IPBgwKq\/et8e+8+3QDwHn+W5Cn6fosQdBSg7n9yn9qBscA2U7nwRrudi\/ponlnJy7UXRIAESyE9044j9A3v0L+GAFEU57K4aRKVC++2Xe1BX18b\/zS26g50rKu8kgQf5D94MWBUHxupQRz2FS+f\/+ASxlxVzH3uYNov0CID7ky2adBvJXLWJ\/jAyZfnB\/JDgBSl99wS+VdV4hFDgz1WTUQe7K+aDG4EI3Em1EOsYG44dAxZuZIk0r17sR+C0AIkwht1mLjGO8qEGCaFNbRx901ctfexGscsKS4E7g6TNnYMmypZA0MBliEuIgJj4Or5NgwuRJcOjQx2A2iaMp7iPbiBqR+8tFvKHKxhRDPf3EYVDx9qt8PoQg6xlftwdtCoAyakqzjT9fhYLH1mLQE4uMJ6ChSuSzDKWv7ARzVYVcyztohzctfTB06XYH9GfmY1kAFFgHhodCr8AAeHe\/5w6\/sywafroIufehRiQEgY5sRGoMGKaMxujvLbQxtFcmhNeeqeFTAM5NmHFtLtn6OOgo4huWwKqoRQtfsuM3YJEP3VL91jq+dOkSny6gbKKS3I2M6w8RA6JZAGlDM+DoZ5\/JtT0hGBP9NJz\/BnKXzEAnKoRtDp2SpOX22rGPXU4J+6bGAQ8B0EuKVTeXFuNS9BuQMCaXMmjEEzjNUbT9CVyeav3qQAEx8NAjG0F1m4oFQJ9o\/IT3j4Ye\/frAA+vWemxAe4MiBPrUnT8NhjkTOT6kqaFOjoCcuZOg\/sujqLn+7SLaBUAZciWDbakog9KXd7KKU5itp+2XuCDhqZU5jpS1Fzufew669+kNYTFRfOSDBEBb\/zQt3tjzRqsa5BPI6PWT6GLPuIvzjjqMMehsk2HOJKg7\/SW2ics0VfOxdPKRWKVja00lGrLneenRolHToxOjiQ2CvEdXQ6Ne5K3FOtwBQhGfHPkrDBs1krcVSAA0BYIiwyAA72nHR0F72le01WZqgpqjhyF7+jiQWBCpPDWMi6ZD42WxhUFVqW3n9kVytqkRKt7axX65JhW9MVR1StbnoaWns1MEeqeDfNthzDHCL1evYjtANiAcNSEwIhSmTp8GV66IdHVHoSSBaGus+tAHYJg0jKcG2YgsFEjuirnQ+M8fuI4zVGV\/fJZPpJHa6HBpodNFtDPZpHdK+nUinn\/hBc5o0qGjkKhw6BMaDL\/9\/Q7O93YGlEEiG1D94V7Q06GooQnsP2SF9wQjTo36S45NLRWl5mtPHQfD7LvQqgaBFl+QBseCcd4UnkPYEquON6elI9j\/\/vvQLyQYQtH49Q0Ngu69e8KJr8SPLm4EpNbKTh8d+yz\/4062B5Tnpp06TRxGm0\/9Cm1YIbSYHVsKKoUxClKqD7yHDkYGzh20qrTODowE48J7oDnrMtchuM8hf6G8k2PMgVVr17AW0GfewgWQm+c4u9sekD2iIVfIabGY+ci2Fr1GsmHEvBQfAgWProFmg9BoqupiA+RvtpL8EF3MagxXtWPTOIyVRg8C9QA0hCvmQaPmJ1G5AwJoCx0SqhABf6oOvMPHjzVJEaAfgd\/oNeatuReapH9yXYK3Hhx+AD7l0ZWrWTF6K38rk0+maNLQAcKoTtM\/AArWLufsDdVqT75CYVCtVsMG9AdogzE4IhwWL\/0FXLp8GcxeDp17BdEpe6c0aNe+OMIHH+lHNjpUdSkxFIz3zYP6H5227lqh06snSGunQjAFHTSf9LisUFxPQQ\/tquatWgLWqlJRBz8+llkXHDh4EJIGpUBP+s3LAPQC0RAGoB3o1qdXq14ggehRjgTS9bUzJ9DA4VKHkSdFirTxmbd8LtR\/9zUSpAioFc5leBWAM5QTGhaMx0v\/sB0NpHCHyUmi7YD8h1aCuayE67SFv1I8MCwD\/iOgp\/2oAR0\/7dG3Nxw9dkyu1Tqunfwc7dQQPldJ3h+t9dnzJkPdyeNIrPj5hjJ4\/qBNAShQ1N1SUsSZGikVJT88EZ0mdEExOCl58jGwFBVwHW8EKGXZOTmw45nfw8JFC2HOvLmwZfuTUFXt+dsDAYpAxQDUnT0NxtkT0CMN5EMglG3Kno7+\/xefcr2Owm8BEAPiI+6tFeX8Az\/6yRI7Tmh5\/4XLaNHmR8BSLNxldxvh18hgHVqZqCZ9Gn+6jIyOEYEPMk6Cz7lnFNT8+QOuTmC65Ov2wm8B2IE9iTSY6NJaWwP5G1aBhGExpbk1GCpLdyZB6XPb0ZDKIar9n29Qc84Col0349LpnCQl11yDMYmEhrhq725cx83Cv5en542g\/QJwApFLARR9mwryoBAFQVuIdFiKVg4yThWv\/g\/YrjuSJL6gsN748xXIe2Aph9uUJZbQ1tAOcfX+N+1ZIH8Mrr+4IQHYIYaPL5t0Wshf\/QtcKUhl0TqjIGgnsfLtXfZskTLS9K1EoM2o6gVrlmFEF8yZZIpCSaMq92TaT52J95RP56BzBIAg4pS5S2hEzytv6SxQU3CF1pqmiGFiOjpZOJLXxdQgUF6xYP1yfB4DdESPzgSQTSl7foe9LWq781h2RacJQAERakXrp2hpE87lvMXT+PevdPKSPDTjwqlQ+9F7UEqn8yj0pmAFmaYfvpS9+AzYcI5TO94OuHU2Ol0ALkAulJFruPgd5CyeLjbXxwwCCZnWjhzIH3VCKPoY2\/i3NARlitwK3FwBMMTyqYCOvOcsuBs00QG8pBX\/dhOYahXGby3zhFsgAAG2ETJzdPSm9thh\/jFRi\/zjW39PtXQ2bpkA\/n8C4N87AXB7lidMUgAAAABJRU5ErkJggg==\" \/><strong>GHS07 Uzman\u012bbu<\/strong><\/p>\n<p><strong>H315<\/strong> Kairina \u0101du<\/p>\n<p><strong>Br\u012bdin\u0101jums&nbsp;&nbsp;&nbsp; <\/strong><\/p>\n<p><strong>H317<\/strong> Var izrais\u012bt aler\u0123isku \u0101das reakciju.<\/p>\n<p><strong>H412<\/strong> Kait\u012bgs \u016bdens organismiem ar ilgsto&scaron;\u0101m sek\u0101m.<\/p>\n<p>Dro&scaron;\u012bbas pras\u012bbu apz\u012bm\u0113jumi:<\/p>\n<p>P101 Medic\u012bniska padoma nepiecie&scaron;am\u012bbas gad\u012bjum\u0101 attiec\u012bg\u0101 inform\u0101cija ir nor\u0101d\u012bta uz iepakojuma vai eti\u0137etes.<\/p>\n<p>P102 Sarg\u0101t no b\u0113rniem.<\/p>\n<p>P264 P\u0113c izmanto&scaron;anas rokas k\u0101rt\u012bgi nomazg\u0101t.<\/p>\n<p>P273 Izvair\u012bties no izplat\u012b&scaron;anas apk\u0101rt\u0113j\u0101 vid\u0113.<\/p>\n<p>P280 Izmantot aizsargcimdus\/acu aizsargus\/sejas aizsargus.<\/p>\n<p>P302+P352 SASKAR\u0112 AR \u0100DU: nomazg\u0101t ar lielu ziepju un \u016bdens daudzumu.<\/p>\n<p>P333+P313 Ja rodas \u0101das iekaisums vai izsitumi: l\u016bdziet medi\u0137u pal\u012bdz\u012bbu.<\/p>\n<p>P305+P351+P338 SASKAR\u0112 AR AC\u012aM: Uzman\u012bgi izskalot ar \u016bdeni vair\u0101kas min\u016btes. Iz\u0146emt kontaktl\u0113cas, ja t\u0101s ir ievietotas un ja to var vienk\u0101r&scaron;i izdar\u012bt. Turpin\u0101t skalot.<\/p>\n<p>P310 Nekav\u0113joties sazinieties ar SAIND\u0112&Scaron;AN\u0100S INFORM\u0100CIJAS CENTRU\/\u0101rstu.<\/p>\n<p>P501 Atbr\u012bvoties no satura\/tvertnes\/ iepakojuma saska\u0146\u0101 ar valsts noteikumiem.<\/p>\n","protected":false},"excerpt":{"rendered":"<p>4 in 1: Auduma aizsardz\u012bba. Ide\u0101la t\u012br\u012bba. Efekt\u012bvas jau no 20\u202f&deg;C. Svaigs arom\u0101ts. Lieto&scaron;ana: Sekojiet att\u0113liem uz iepakojuma. 1\/2\/3 &ndash; \u016bdens ciet\u012bbas l\u012bmenis. Mazg\u0101&scaron;anas temperat\u016bra: 20&ndash;90\u202f&deg;C. Ievietojiet kapsulu ve\u013cas ma&scaron;\u012bnas cilindr\u0101. Novietojiet ve\u013cu virs\u016b. Iesl\u0113dziet ve\u013cas ma&scaron;\u012bnu. Devas: 4&ndash;5 kg ve\u013cas, nedaudz net\u012bra ve\u013ca un m\u012bksts vai vid\u0113ji ciets \u016bdens: 1 kapsula. &gt;6 kg ve\u013cas, [&#8230;]\n","protected":false},"featured_media":96170,"template":"","meta":[],"product_cat":[1484],"product_tag":[],"class_list":{"0":"post-71906","1":"product","2":"type-product","3":"status-publish","4":"has-post-thumbnail","6":"product_brand-madonis_pl","7":"product_cat-1484","9":"first","10":"instock","11":"taxable","12":"shipping-taxable","13":"product-type-simple"},"_links":{"self":[{"href":"https:\/\/e.kosmolat.eu\/lv\/wp-json\/wp\/v2\/product\/71906","targetHints":{"allow":["GET"]}}],"collection":[{"href":"https:\/\/e.kosmolat.eu\/lv\/wp-json\/wp\/v2\/product"}],"about":[{"href":"https:\/\/e.kosmolat.eu\/lv\/wp-json\/wp\/v2\/types\/product"}],"wp:featuredmedia":[{"embeddable":true,"href":"https:\/\/e.kosmolat.eu\/lv\/wp-json\/wp\/v2\/media\/96170"}],"wp:attachment":[{"href":"https:\/\/e.kosmolat.eu\/lv\/wp-json\/wp\/v2\/media?parent=71906"}],"wp:term":[{"taxonomy":"product_cat","embeddable":true,"href":"https:\/\/e.kosmolat.eu\/lv\/wp-json\/wp\/v2\/product_cat?post=71906"},{"taxonomy":"product_tag","embeddable":true,"href":"https:\/\/e.kosmolat.eu\/lv\/wp-json\/wp\/v2\/product_tag?post=71906"}],"curies":[{"name":"wp","href":"https:\/\/api.w.org\/{rel}","templated":true}]}}