{"id":71905,"date":"2025-06-28T04:00:39","date_gmt":"2025-06-28T04:00:39","guid":{"rendered":"https:\/\/e.kosmolat.eu\/product\/evoluderm-sejas-skrubis-granatabols-150-g\/"},"modified":"2025-09-20T06:56:28","modified_gmt":"2025-09-20T06:56:28","slug":"evoluderm-sejas-skrubis-granatabols-150-g","status":"publish","type":"product","link":"https:\/\/e.kosmolat.eu\/lv\/product\/evoluderm-sejas-skrubis-granatabols-150-g\/","title":{"rendered":"EVOLUDERM Sejas skrubis Gran\u0101t\u0101bols, 150 g"},"content":{"rendered":"<p>Skrubis maigi noloba un att\u012bra \u0101du no net\u012brumiem. Pateicoties gran\u0101t\u0101bola antioksidanta \u012bpa\u0161\u012bb\u0101m un p\u012blinga da\u013ci\u0146\u0101m no koksnes celulozes, tas efekt\u012bvi att\u012bra poras, padarot \u0101du t\u012bru un maigu. T\u0101 viegl\u0101, \u017eelejveida tekst\u016bra ar aug\u013cu arom\u0101tu sniedz t\u016bl\u012bt\u0113ju svaiguma saj\u016btu. L\u012bdzek\u013ca izl\u012bdzino\u0161\u0101 iedarb\u012bba atjauno \u0101das dabisko mirdzumu.<\/p>\n<p>Lieto\u0161ana: uzkl\u0101jiet uz sejas, izvairoties no zonas ap ac\u012bm. R\u016bp\u012bgi noskalojiet ar siltu \u016bdeni. Lietojiet 1\u20132 reizes ned\u0113\u013c\u0101.<\/p>\n<p>Piesardz\u012bbas pas\u0101kumi: ja nok\u013c\u016bst ac\u012bs, nekav\u0113joties izskalot t\u0101s ar lielu daudzumu \u016bdens.<\/p>\n<p>Dermatolo\u0123iski p\u0101rbaud\u012bts.<\/p>\n","protected":false},"excerpt":{"rendered":"<p>Skrubis maigi noloba un att\u012bra \u0101du no net\u012brumiem. Pateicoties gran\u0101t\u0101bola antioksidanta \u012bpa\u0161\u012bb\u0101m un p\u012blinga da\u013ci\u0146\u0101m no koksnes celulozes, tas efekt\u012bvi att\u012bra poras, padarot \u0101du t\u012bru un maigu. T\u0101 viegl\u0101, \u017eelejveida tekst\u016bra ar aug\u013cu arom\u0101tu sniedz t\u016bl\u012bt\u0113ju svaiguma saj\u016btu. L\u012bdzek\u013ca izl\u012bdzino\u0161\u0101 iedarb\u012bba atjauno \u0101das dabisko mirdzumu. Lieto\u0161ana: uzkl\u0101jiet uz sejas, izvairoties no zonas ap ac\u012bm. R\u016bp\u012bgi [&#8230;]\n","protected":false},"featured_media":94286,"template":"","meta":[],"product_cat":[1394],"product_tag":[],"class_list":{"0":"post-71905","1":"product","2":"type-product","3":"status-publish","4":"has-post-thumbnail","6":"product_brand-evoluderm","7":"product_cat-skrubji-un-pilingi-sejai","9":"first","10":"outofstock","11":"taxable","12":"shipping-taxable","13":"product-type-simple"},"_links":{"self":[{"href":"https:\/\/e.kosmolat.eu\/lv\/wp-json\/wp\/v2\/product\/71905","targetHints":{"allow":["GET"]}}],"collection":[{"href":"https:\/\/e.kosmolat.eu\/lv\/wp-json\/wp\/v2\/product"}],"about":[{"href":"https:\/\/e.kosmolat.eu\/lv\/wp-json\/wp\/v2\/types\/product"}],"wp:featuredmedia":[{"embeddable":true,"href":"https:\/\/e.kosmolat.eu\/lv\/wp-json\/wp\/v2\/media\/94286"}],"wp:attachment":[{"href":"https:\/\/e.kosmolat.eu\/lv\/wp-json\/wp\/v2\/media?parent=71905"}],"wp:term":[{"taxonomy":"product_cat","embeddable":true,"href":"https:\/\/e.kosmolat.eu\/lv\/wp-json\/wp\/v2\/product_cat?post=71905"},{"taxonomy":"product_tag","embeddable":true,"href":"https:\/\/e.kosmolat.eu\/lv\/wp-json\/wp\/v2\/product_tag?post=71905"}],"curies":[{"name":"wp","href":"https:\/\/api.w.org\/{rel}","templated":true}]}}