{"id":71904,"date":"2025-06-28T04:00:33","date_gmt":"2025-06-28T04:00:33","guid":{"rendered":"https:\/\/e.kosmolat.eu\/product\/evoluderm-sejas-skrubis-samtain-persiks-150-g\/"},"modified":"2025-09-20T06:56:19","modified_gmt":"2025-09-20T06:56:19","slug":"evoluderm-sejas-skrubis-samtain-persiks-150-g","status":"publish","type":"product","link":"https:\/\/e.kosmolat.eu\/lv\/product\/evoluderm-sejas-skrubis-samtain-persiks-150-g\/","title":{"rendered":"EVOLUDERM Sejas skrubis Samtain. persiks, 150 g"},"content":{"rendered":"<p>Persiku skrubis Evoluderm maigi noloba \u0101du. Pateicoties persika mitrino\u0161aj\u0101m \u012bpa\u0161\u012bb\u0101m un apriko\u017eu kauli\u0146u da\u013ci\u0146\u0101m, tas efekt\u012bvi att\u012bra poras, padarot \u0101du glud\u0101ku un pie\u0161\u0137irot tai koptu izskatu. T\u0101 samtain\u0101 tekst\u016bra atjauno \u0101das dabisko mirdzumu. Sejas tonis k\u013c\u016bst vienm\u0113r\u012bg\u0101ks.<\/p>\n<p>Lieto\u0161ana: uzkl\u0101jiet uz sejas, izvairoties no zonas ap ac\u012bm. R\u016bp\u012bgi noskalojiet ar siltu \u016bdeni. Lietojiet 1\u20132 reizes ned\u0113\u013c\u0101.<\/p>\n<p>Piesardz\u012bbas pas\u0101kumi: ja nok\u013c\u016bst ac\u012bs, nekav\u0113joties izskalot t\u0101s ar lielu daudzumu \u016bdens.<\/p>\n<p>Dermatolo\u0123iski p\u0101rbaud\u012bts.<\/p>\n","protected":false},"excerpt":{"rendered":"<p>Persiku skrubis Evoluderm maigi noloba \u0101du. Pateicoties persika mitrino\u0161aj\u0101m \u012bpa\u0161\u012bb\u0101m un apriko\u017eu kauli\u0146u da\u013ci\u0146\u0101m, tas efekt\u012bvi att\u012bra poras, padarot \u0101du glud\u0101ku un pie\u0161\u0137irot tai koptu izskatu. T\u0101 samtain\u0101 tekst\u016bra atjauno \u0101das dabisko mirdzumu. Sejas tonis k\u013c\u016bst vienm\u0113r\u012bg\u0101ks. Lieto\u0161ana: uzkl\u0101jiet uz sejas, izvairoties no zonas ap ac\u012bm. R\u016bp\u012bgi noskalojiet ar siltu \u016bdeni. Lietojiet 1\u20132 reizes ned\u0113\u013c\u0101. [&#8230;]\n","protected":false},"featured_media":94282,"template":"","meta":[],"product_cat":[1394],"product_tag":[],"class_list":{"0":"post-71904","1":"product","2":"type-product","3":"status-publish","4":"has-post-thumbnail","6":"product_brand-evoluderm","7":"product_cat-skrubji-un-pilingi-sejai","9":"first","10":"outofstock","11":"taxable","12":"shipping-taxable","13":"product-type-simple"},"_links":{"self":[{"href":"https:\/\/e.kosmolat.eu\/lv\/wp-json\/wp\/v2\/product\/71904","targetHints":{"allow":["GET"]}}],"collection":[{"href":"https:\/\/e.kosmolat.eu\/lv\/wp-json\/wp\/v2\/product"}],"about":[{"href":"https:\/\/e.kosmolat.eu\/lv\/wp-json\/wp\/v2\/types\/product"}],"wp:featuredmedia":[{"embeddable":true,"href":"https:\/\/e.kosmolat.eu\/lv\/wp-json\/wp\/v2\/media\/94282"}],"wp:attachment":[{"href":"https:\/\/e.kosmolat.eu\/lv\/wp-json\/wp\/v2\/media?parent=71904"}],"wp:term":[{"taxonomy":"product_cat","embeddable":true,"href":"https:\/\/e.kosmolat.eu\/lv\/wp-json\/wp\/v2\/product_cat?post=71904"},{"taxonomy":"product_tag","embeddable":true,"href":"https:\/\/e.kosmolat.eu\/lv\/wp-json\/wp\/v2\/product_tag?post=71904"}],"curies":[{"name":"wp","href":"https:\/\/api.w.org\/{rel}","templated":true}]}}