{"id":71903,"date":"2025-06-28T04:00:28","date_gmt":"2025-06-28T04:00:28","guid":{"rendered":"https:\/\/e.kosmolat.eu\/product\/evoluderm-attir-sejas-maska-ar-balto-malu-150-g\/"},"modified":"2025-09-20T07:01:09","modified_gmt":"2025-09-20T07:01:09","slug":"evoluderm-attir-sejas-maska-ar-balto-malu-150-g","status":"publish","type":"product","link":"https:\/\/e.kosmolat.eu\/lv\/product\/evoluderm-attir-sejas-maska-ar-balto-malu-150-g\/","title":{"rendered":"EVOLUDERM Att\u012br. sejas maska ar balto m\u0101lu, 150 g"},"content":{"rendered":"<p>Sejas maska ar balto m\u0101lu saudz\u012bgi no\u0146em net\u012brumus un samazina sebuma izdal\u012b\u0161anos. T\u0101s maig\u0101, kr\u0113mveida tekst\u016bra nesausina \u0101du, pal\u012bdz mazin\u0101t melno punktu veido\u0161anos un kontrol\u0113 sp\u012bdumu. Pateicoties m\u0101la mat\u0113jo\u0161aj\u0101m \u012bpa\u0161\u012bb\u0101m, \u0101da tiek dzi\u013ci att\u012br\u012bta, vienlaikus saglab\u0101jot dabisko hidrolip\u012bdu l\u012bdzsvaru.<\/p>\n<p>Lieto\u0161ana: uzkl\u0101jiet uz sejas, izvairoties no zonas ap ac\u012bm. Atst\u0101jiet uz 5\u20136 min\u016bt\u0113m. R\u016bp\u012bgi noskalojiet ar siltu \u016bdeni. Lietojiet 1\u20132 reizes ned\u0113\u013c\u0101.<\/p>\n<p>Piesardz\u012bbas pas\u0101kumi: ja nok\u013c\u016bst ac\u012bs, nekav\u0113joties izskalot t\u0101s ar lielu daudzumu \u016bdens.<\/p>\n<p>Dermatolo\u0123iski p\u0101rbaud\u012bts.<\/p>\n","protected":false},"excerpt":{"rendered":"<p>Sejas maska ar balto m\u0101lu saudz\u012bgi no\u0146em net\u012brumus un samazina sebuma izdal\u012b\u0161anos. T\u0101s maig\u0101, kr\u0113mveida tekst\u016bra nesausina \u0101du, pal\u012bdz mazin\u0101t melno punktu veido\u0161anos un kontrol\u0113 sp\u012bdumu. Pateicoties m\u0101la mat\u0113jo\u0161aj\u0101m \u012bpa\u0161\u012bb\u0101m, \u0101da tiek dzi\u013ci att\u012br\u012bta, vienlaikus saglab\u0101jot dabisko hidrolip\u012bdu l\u012bdzsvaru. Lieto\u0161ana: uzkl\u0101jiet uz sejas, izvairoties no zonas ap ac\u012bm. Atst\u0101jiet uz 5\u20136 min\u016bt\u0113m. R\u016bp\u012bgi noskalojiet ar [&#8230;]\n","protected":false},"featured_media":94370,"template":"","meta":[],"product_cat":[1369],"product_tag":[],"class_list":{"0":"post-71903","1":"product","2":"type-product","3":"status-publish","4":"has-post-thumbnail","6":"product_brand-evoluderm","7":"product_cat-veido-kaukes","9":"first","10":"outofstock","11":"taxable","12":"shipping-taxable","13":"product-type-simple"},"_links":{"self":[{"href":"https:\/\/e.kosmolat.eu\/lv\/wp-json\/wp\/v2\/product\/71903","targetHints":{"allow":["GET"]}}],"collection":[{"href":"https:\/\/e.kosmolat.eu\/lv\/wp-json\/wp\/v2\/product"}],"about":[{"href":"https:\/\/e.kosmolat.eu\/lv\/wp-json\/wp\/v2\/types\/product"}],"wp:featuredmedia":[{"embeddable":true,"href":"https:\/\/e.kosmolat.eu\/lv\/wp-json\/wp\/v2\/media\/94370"}],"wp:attachment":[{"href":"https:\/\/e.kosmolat.eu\/lv\/wp-json\/wp\/v2\/media?parent=71903"}],"wp:term":[{"taxonomy":"product_cat","embeddable":true,"href":"https:\/\/e.kosmolat.eu\/lv\/wp-json\/wp\/v2\/product_cat?post=71903"},{"taxonomy":"product_tag","embeddable":true,"href":"https:\/\/e.kosmolat.eu\/lv\/wp-json\/wp\/v2\/product_tag?post=71903"}],"curies":[{"name":"wp","href":"https:\/\/api.w.org\/{rel}","templated":true}]}}