{"id":71902,"date":"2025-06-28T04:00:23","date_gmt":"2025-06-28T04:00:23","guid":{"rendered":"https:\/\/e.kosmolat.eu\/product\/evoluderm-ella-ar-burk-ellu-sejas-un-kerm-mirdzumam-100-ml\/"},"modified":"2025-09-19T17:09:02","modified_gmt":"2025-09-19T17:09:02","slug":"evoluderm-ella-ar-burk-ellu-sejas-un-kerm-mirdzumam-100-ml","status":"publish","type":"product","link":"https:\/\/e.kosmolat.eu\/lv\/product\/evoluderm-ella-ar-burk-ellu-sejas-un-kerm-mirdzumam-100-ml\/","title":{"rendered":"EVOLUDERM E\u013cla ar burk. e\u013clu sejas un \u0137erm. mirdzumam, 100 ml"},"content":{"rendered":"<p>Pateicoties E vitam\u012bnam un dab\u012bgajai burk\u0101nu e\u013c\u013cai, t\u0101 pastiprina \u0101das dabisko mirdzumu un pal\u012bdz iedegumam saglab\u0101ties ilg\u0101k. Ide\u0101li piem\u0113rota \u0101das to\u0146a izl\u012bdzin\u0101\u0161anai un vesel\u012bga mirdzuma pie\u0161\u0137ir\u0161anai.<\/p>\n<p>Lieto\u0161ana: uzkl\u0101jiet uz sausas \u0101das un iemas\u0113jiet, l\u012bdz piln\u012bgai uzs\u016bk\u0161anai.<\/p>\n<p>Piesardz\u012bbas pas\u0101kumi: ja nok\u013c\u016bst ac\u012bs, nekav\u0113joties izskalot t\u0101s ar lielu daudzumu \u016bdens.<\/p>\n<p>Dermatolo\u0123iski p\u0101rbaud\u012bts.<\/p>\n","protected":false},"excerpt":{"rendered":"<p>Pateicoties E vitam\u012bnam un dab\u012bgajai burk\u0101nu e\u013c\u013cai, t\u0101 pastiprina \u0101das dabisko mirdzumu un pal\u012bdz iedegumam saglab\u0101ties ilg\u0101k. Ide\u0101li piem\u0113rota \u0101das to\u0146a izl\u012bdzin\u0101\u0161anai un vesel\u012bga mirdzuma pie\u0161\u0137ir\u0161anai. Lieto\u0161ana: uzkl\u0101jiet uz sausas \u0101das un iemas\u0113jiet, l\u012bdz piln\u012bgai uzs\u016bk\u0161anai. Piesardz\u012bbas pas\u0101kumi: ja nok\u013c\u016bst ac\u012bs, nekav\u0113joties izskalot t\u0101s ar lielu daudzumu \u016bdens. Dermatolo\u0123iski p\u0101rbaud\u012bts.<\/p>\n","protected":false},"featured_media":80498,"template":"","meta":[],"product_cat":[1619],"product_tag":[],"class_list":{"0":"post-71902","1":"product","2":"type-product","3":"status-publish","4":"has-post-thumbnail","6":"product_brand-evoluderm","7":"product_cat-ellas","9":"first","10":"outofstock","11":"taxable","12":"shipping-taxable","13":"product-type-simple"},"_links":{"self":[{"href":"https:\/\/e.kosmolat.eu\/lv\/wp-json\/wp\/v2\/product\/71902","targetHints":{"allow":["GET"]}}],"collection":[{"href":"https:\/\/e.kosmolat.eu\/lv\/wp-json\/wp\/v2\/product"}],"about":[{"href":"https:\/\/e.kosmolat.eu\/lv\/wp-json\/wp\/v2\/types\/product"}],"wp:featuredmedia":[{"embeddable":true,"href":"https:\/\/e.kosmolat.eu\/lv\/wp-json\/wp\/v2\/media\/80498"}],"wp:attachment":[{"href":"https:\/\/e.kosmolat.eu\/lv\/wp-json\/wp\/v2\/media?parent=71902"}],"wp:term":[{"taxonomy":"product_cat","embeddable":true,"href":"https:\/\/e.kosmolat.eu\/lv\/wp-json\/wp\/v2\/product_cat?post=71902"},{"taxonomy":"product_tag","embeddable":true,"href":"https:\/\/e.kosmolat.eu\/lv\/wp-json\/wp\/v2\/product_tag?post=71902"}],"curies":[{"name":"wp","href":"https:\/\/api.w.org\/{rel}","templated":true}]}}