{"id":71879,"date":"2025-06-27T04:00:59","date_gmt":"2025-06-27T04:00:59","guid":{"rendered":"https:\/\/e.kosmolat.eu\/product\/evoluderm-mitriosa-sejas-maska-gurkis-150-g\/"},"modified":"2026-04-22T12:23:33","modified_gmt":"2026-04-22T12:23:33","slug":"evoluderm-mitriosa-sejas-maska-gurkis-150-g","status":"publish","type":"product","link":"https:\/\/e.kosmolat.eu\/lv\/product\/evoluderm-mitriosa-sejas-maska-gurkis-150-g\/","title":{"rendered":"EVOLUDERM Mitrio\u0161a sejas maska Gur\u0137is, 150 g"},"content":{"rendered":"<p>Mitrino\u0161a maska ar gur\u0137u ekstraktu att\u012bra \u0101du no net\u012brumiem un sniedz t\u016bl\u012bt\u0113ju svaiguma saj\u016btu. Viegla mitrino\u0161a tekst\u016bra ar detoksa efektu sa\u0161aurina poras un uzlabo \u0101das elast\u012bbu.<\/p>\n<p>Lieto\u0161ana: uzkl\u0101jiet uz sejas, izvairoties no zonas ap ac\u012bm. Atst\u0101jiet uz \u0101das 5-6 min\u016btes. R\u016bp\u012bgi noskalojiet ar siltu \u016bdeni. Lietojiet 1\u20132 reizes ned\u0113\u013c\u0101.<\/p>\n<p>Piesardz\u012bbas pas\u0101kumi: ja nok\u013c\u016bst ac\u012bs, nekav\u0113joties izskalot t\u0101s ar lielu daudzumu \u016bdens.<\/p>\n<p>Dermatolo\u0123iski p\u0101rbaud\u012bts.<\/p>\n","protected":false},"excerpt":{"rendered":"<p>Mitrino\u0161a maska ar gur\u0137u ekstraktu att\u012bra \u0101du no net\u012brumiem un sniedz t\u016bl\u012bt\u0113ju svaiguma saj\u016btu. Viegla mitrino\u0161a tekst\u016bra ar detoksa efektu sa\u0161aurina poras un uzlabo \u0101das elast\u012bbu. Lieto\u0161ana: uzkl\u0101jiet uz sejas, izvairoties no zonas ap ac\u012bm. Atst\u0101jiet uz \u0101das 5-6 min\u016btes. R\u016bp\u012bgi noskalojiet ar siltu \u016bdeni. Lietojiet 1\u20132 reizes ned\u0113\u013c\u0101. Piesardz\u012bbas pas\u0101kumi: ja nok\u013c\u016bst ac\u012bs, nekav\u0113joties [&#8230;]\n","protected":false},"featured_media":94294,"template":"","meta":[],"product_cat":[2181],"product_tag":[],"class_list":{"0":"post-71879","1":"product","2":"type-product","3":"status-publish","4":"has-post-thumbnail","6":"product_brand-evoluderm","7":"product_cat-bez-kategorijas-lt","9":"first","10":"instock","11":"taxable","12":"shipping-taxable","13":"product-type-simple"},"_links":{"self":[{"href":"https:\/\/e.kosmolat.eu\/lv\/wp-json\/wp\/v2\/product\/71879","targetHints":{"allow":["GET"]}}],"collection":[{"href":"https:\/\/e.kosmolat.eu\/lv\/wp-json\/wp\/v2\/product"}],"about":[{"href":"https:\/\/e.kosmolat.eu\/lv\/wp-json\/wp\/v2\/types\/product"}],"wp:featuredmedia":[{"embeddable":true,"href":"https:\/\/e.kosmolat.eu\/lv\/wp-json\/wp\/v2\/media\/94294"}],"wp:attachment":[{"href":"https:\/\/e.kosmolat.eu\/lv\/wp-json\/wp\/v2\/media?parent=71879"}],"wp:term":[{"taxonomy":"product_cat","embeddable":true,"href":"https:\/\/e.kosmolat.eu\/lv\/wp-json\/wp\/v2\/product_cat?post=71879"},{"taxonomy":"product_tag","embeddable":true,"href":"https:\/\/e.kosmolat.eu\/lv\/wp-json\/wp\/v2\/product_tag?post=71879"}],"curies":[{"name":"wp","href":"https:\/\/api.w.org\/{rel}","templated":true}]}}