{"id":71878,"date":"2025-06-27T04:00:53","date_gmt":"2025-06-27T04:00:53","guid":{"rendered":"https:\/\/e.kosmolat.eu\/product\/evoluderm-sejas-skrubis-adas-mirdzumam-burkans-150-g\/"},"modified":"2025-09-20T06:56:41","modified_gmt":"2025-09-20T06:56:41","slug":"evoluderm-sejas-skrubis-adas-mirdzumam-burkans-150-g","status":"publish","type":"product","link":"https:\/\/e.kosmolat.eu\/lv\/product\/evoluderm-sejas-skrubis-adas-mirdzumam-burkans-150-g\/","title":{"rendered":"EVOLUDERM Sejas skrubis \u0101das mirdzumam Burk\u0101ns, 150 g"},"content":{"rendered":"<p>Burk\u0101nu skrubis \u0101das mirdzumam maigi noloba \u0101das virs\u0113jo sl\u0101ni, att\u012brot to no net\u012brumiem. Pateicoties burk\u0101nu antioksidanta \u012bpa\u0161\u012bb\u0101m un apriko\u017eu kauli\u0146u da\u013ci\u0146\u0101m, tas efekt\u012bvi att\u012bra poras, padarot \u0101du t\u012bru, gludu un neticami maigu. Kr\u0113m\u012bg\u0101 tekst\u016bra izl\u012bdzina \u0101das toni un pie\u0161\u0137ir tai dabisku mirdzumu un vesel\u012bgu toni.<\/p>\n<p>Lieto\u0161ana: uzkl\u0101jiet uz mitras sejas \u0101das, maigi iemas\u0113jiet ar ap\u013cveida kust\u012bb\u0101m, izvairoties no zonas ap ac\u012bm. R\u016bp\u012bgi noskalojiet ar siltu \u016bdeni. Lietojiet reizi ned\u0113\u013c\u0101.<\/p>\n<p>Piesardz\u012bbas pas\u0101kumi: ja nok\u013c\u016bst ac\u012bs, nekav\u0113joties izskalot t\u0101s ar lielu daudzumu \u016bdens.<\/p>\n<p>Dermatolo\u0123iski p\u0101rbaud\u012bts.<\/p>\n","protected":false},"excerpt":{"rendered":"<p>Burk\u0101nu skrubis \u0101das mirdzumam maigi noloba \u0101das virs\u0113jo sl\u0101ni, att\u012brot to no net\u012brumiem. Pateicoties burk\u0101nu antioksidanta \u012bpa\u0161\u012bb\u0101m un apriko\u017eu kauli\u0146u da\u013ci\u0146\u0101m, tas efekt\u012bvi att\u012bra poras, padarot \u0101du t\u012bru, gludu un neticami maigu. Kr\u0113m\u012bg\u0101 tekst\u016bra izl\u012bdzina \u0101das toni un pie\u0161\u0137ir tai dabisku mirdzumu un vesel\u012bgu toni. Lieto\u0161ana: uzkl\u0101jiet uz mitras sejas \u0101das, maigi iemas\u0113jiet ar ap\u013cveida [&#8230;]\n","protected":false},"featured_media":94290,"template":"","meta":[],"product_cat":[1394],"product_tag":[],"class_list":{"0":"post-71878","1":"product","2":"type-product","3":"status-publish","4":"has-post-thumbnail","6":"product_brand-evoluderm","7":"product_cat-skrubji-un-pilingi-sejai","9":"first","10":"outofstock","11":"taxable","12":"shipping-taxable","13":"product-type-simple"},"_links":{"self":[{"href":"https:\/\/e.kosmolat.eu\/lv\/wp-json\/wp\/v2\/product\/71878","targetHints":{"allow":["GET"]}}],"collection":[{"href":"https:\/\/e.kosmolat.eu\/lv\/wp-json\/wp\/v2\/product"}],"about":[{"href":"https:\/\/e.kosmolat.eu\/lv\/wp-json\/wp\/v2\/types\/product"}],"wp:featuredmedia":[{"embeddable":true,"href":"https:\/\/e.kosmolat.eu\/lv\/wp-json\/wp\/v2\/media\/94290"}],"wp:attachment":[{"href":"https:\/\/e.kosmolat.eu\/lv\/wp-json\/wp\/v2\/media?parent=71878"}],"wp:term":[{"taxonomy":"product_cat","embeddable":true,"href":"https:\/\/e.kosmolat.eu\/lv\/wp-json\/wp\/v2\/product_cat?post=71878"},{"taxonomy":"product_tag","embeddable":true,"href":"https:\/\/e.kosmolat.eu\/lv\/wp-json\/wp\/v2\/product_tag?post=71878"}],"curies":[{"name":"wp","href":"https:\/\/api.w.org\/{rel}","templated":true}]}}