{"id":71877,"date":"2025-06-27T04:00:47","date_gmt":"2025-06-27T04:00:47","guid":{"rendered":"https:\/\/e.kosmolat.eu\/product\/evoluderm-argan-divin-ultra-bar-matu-kops-lidz-garum-un-gal-saus-un-boj-mat-100-ml\/"},"modified":"2025-09-20T06:59:03","modified_gmt":"2025-09-20T06:59:03","slug":"evoluderm-argan-divin-ultra-bar-matu-kops-lidz-garum-un-gal-saus-un-boj-mat-100-ml","status":"publish","type":"product","link":"https:\/\/e.kosmolat.eu\/lv\/product\/evoluderm-argan-divin-ultra-bar-matu-kops-lidz-garum-un-gal-saus-un-boj-mat-100-ml\/","title":{"rendered":"EVOLUDERM Argan Divin Ultra bar. matu kop\u0161. l\u012bdz. garum. un gal. saus. un boj. mat., 100 ml"},"content":{"rendered":"<p>J\u016bsu mati ir \u013coti sausi, boj\u0101ti un prasa baro\u0161anu? Bag\u0101t\u012bgs komplekss ar atjaunojo\u0161u arg\u0101na e\u013c\u013cu un intens\u012bvi barojo\u0161u \u0161\u012b sviestu atvieglo matu \u0137emm\u0113\u0161anu un veido\u0161anu. Nenoskalojama formula intens\u012bvi p\u0101rkl\u0101j matus vis\u0101 to garum\u0101 \u2013 l\u012bdz pa\u0161iem galiem. Mati k\u013c\u016bst maigi, pak\u013c\u0101v\u012bgi un izskat\u0101s kopti. Tie atg\u016bst dabisko sp\u0113ku un skaistumu. Nenoslogo matus. Neatst\u0101j taukainu vai lip\u012bgu pl\u0113vi.<\/p>\n<p>Lieto\u0161ana: uzkl\u0101jiet nelielu daudzumu l\u012bdzek\u013ca uz mitriem vai sausiem matiem \u2014 garum\u0101 un galos, p\u0113c tam ieveidojiet k\u0101 parasti.<\/p>\n<p>Piesardz\u012bbas pas\u0101kumi: ja nok\u013c\u016bst ac\u012bs, nekav\u0113joties izskalot t\u0101s ar lielu daudzumu \u016bdens.<\/p>\n<p>Dermatolo\u0123iski p\u0101rbaud\u012bts.<\/p>\n","protected":false},"excerpt":{"rendered":"<p>J\u016bsu mati ir \u013coti sausi, boj\u0101ti un prasa baro\u0161anu? Bag\u0101t\u012bgs komplekss ar atjaunojo\u0161u arg\u0101na e\u013c\u013cu un intens\u012bvi barojo\u0161u \u0161\u012b sviestu atvieglo matu \u0137emm\u0113\u0161anu un veido\u0161anu. Nenoskalojama formula intens\u012bvi p\u0101rkl\u0101j matus vis\u0101 to garum\u0101 \u2013 l\u012bdz pa\u0161iem galiem. Mati k\u013c\u016bst maigi, pak\u013c\u0101v\u012bgi un izskat\u0101s kopti. Tie atg\u016bst dabisko sp\u0113ku un skaistumu. Nenoslogo matus. Neatst\u0101j taukainu vai [&#8230;]\n","protected":false},"featured_media":94334,"template":"","meta":[],"product_cat":[1343],"product_tag":[],"class_list":{"0":"post-71877","1":"product","2":"type-product","3":"status-publish","4":"has-post-thumbnail","6":"product_brand-evoluderm","7":"product_cat-citi-matu-kopsanas-produkti","9":"first","10":"outofstock","11":"taxable","12":"shipping-taxable","13":"product-type-simple"},"_links":{"self":[{"href":"https:\/\/e.kosmolat.eu\/lv\/wp-json\/wp\/v2\/product\/71877","targetHints":{"allow":["GET"]}}],"collection":[{"href":"https:\/\/e.kosmolat.eu\/lv\/wp-json\/wp\/v2\/product"}],"about":[{"href":"https:\/\/e.kosmolat.eu\/lv\/wp-json\/wp\/v2\/types\/product"}],"wp:featuredmedia":[{"embeddable":true,"href":"https:\/\/e.kosmolat.eu\/lv\/wp-json\/wp\/v2\/media\/94334"}],"wp:attachment":[{"href":"https:\/\/e.kosmolat.eu\/lv\/wp-json\/wp\/v2\/media?parent=71877"}],"wp:term":[{"taxonomy":"product_cat","embeddable":true,"href":"https:\/\/e.kosmolat.eu\/lv\/wp-json\/wp\/v2\/product_cat?post=71877"},{"taxonomy":"product_tag","embeddable":true,"href":"https:\/\/e.kosmolat.eu\/lv\/wp-json\/wp\/v2\/product_tag?post=71877"}],"curies":[{"name":"wp","href":"https:\/\/api.w.org\/{rel}","templated":true}]}}