{"id":71876,"date":"2025-06-27T04:00:42","date_gmt":"2025-06-27T04:00:42","guid":{"rendered":"https:\/\/e.kosmolat.eu\/product\/evoluderm-nomierin-kosmetikas-nonems-lidz-jutigai-adai-250-ml\/"},"modified":"2025-09-20T06:56:08","modified_gmt":"2025-09-20T06:56:08","slug":"evoluderm-nomierin-kosmetikas-nonems-lidz-jutigai-adai-250-ml","status":"publish","type":"product","link":"https:\/\/e.kosmolat.eu\/lv\/product\/evoluderm-nomierin-kosmetikas-nonems-lidz-jutigai-adai-250-ml\/","title":{"rendered":"EVOLUDERM Nomierin. kosm\u0113tikas no\u0146em\u0161. l\u012bdz. jut\u012bgai \u0101dai, 250 ml"},"content":{"rendered":"<p>Satur saldo mande\u013cu e\u013c\u013cu un kokvilnas ekstraktu ar nomierino\u0161\u0101m un barojo\u0161\u0101m \u012bpa\u0161\u012bb\u0101m. Maigs kosm\u0113tikas no\u0146\u0113m\u0161anas l\u012bdzeklis saudz\u012bgi att\u012bra jut\u012bgu \u0101du no kosm\u0113tikas un net\u012brumiem. \u0100da k\u013c\u016bst perfekti t\u012bra, gluda un maiga. Neatst\u0101j taukainu pl\u0113vi.<\/p>\n<p>Lieto\u0161ana: uzkl\u0101jiet l\u012bdzekli uz vates diska un viegli not\u012briet sejas un kakla \u0101du. Ja nepiecie\u0161ams, atk\u0101rtojiet.<\/p>\n<p>Piesardz\u012bbas pas\u0101kumi: ja nok\u013c\u016bst ac\u012bs, nekav\u0113joties izskalot t\u0101s ar lielu daudzumu \u016bdens.<\/p>\n<p>Dermatolo\u0123iski p\u0101rbaud\u012bts.<\/p>\n","protected":false},"excerpt":{"rendered":"<p>Satur saldo mande\u013cu e\u013c\u013cu un kokvilnas ekstraktu ar nomierino\u0161\u0101m un barojo\u0161\u0101m \u012bpa\u0161\u012bb\u0101m. Maigs kosm\u0113tikas no\u0146\u0113m\u0161anas l\u012bdzeklis saudz\u012bgi att\u012bra jut\u012bgu \u0101du no kosm\u0113tikas un net\u012brumiem. \u0100da k\u013c\u016bst perfekti t\u012bra, gluda un maiga. Neatst\u0101j taukainu pl\u0113vi. Lieto\u0161ana: uzkl\u0101jiet l\u012bdzekli uz vates diska un viegli not\u012briet sejas un kakla \u0101du. Ja nepiecie\u0161ams, atk\u0101rtojiet. Piesardz\u012bbas pas\u0101kumi: ja nok\u013c\u016bst ac\u012bs, [&#8230;]\n","protected":false},"featured_media":94278,"template":"","meta":[],"product_cat":[1572],"product_tag":[],"class_list":{"0":"post-71876","1":"product","2":"type-product","3":"status-publish","4":"has-post-thumbnail","6":"product_brand-evoluderm","7":"product_cat-pienini-un-ellas","9":"first","10":"outofstock","11":"taxable","12":"shipping-taxable","13":"product-type-simple"},"_links":{"self":[{"href":"https:\/\/e.kosmolat.eu\/lv\/wp-json\/wp\/v2\/product\/71876","targetHints":{"allow":["GET"]}}],"collection":[{"href":"https:\/\/e.kosmolat.eu\/lv\/wp-json\/wp\/v2\/product"}],"about":[{"href":"https:\/\/e.kosmolat.eu\/lv\/wp-json\/wp\/v2\/types\/product"}],"wp:featuredmedia":[{"embeddable":true,"href":"https:\/\/e.kosmolat.eu\/lv\/wp-json\/wp\/v2\/media\/94278"}],"wp:attachment":[{"href":"https:\/\/e.kosmolat.eu\/lv\/wp-json\/wp\/v2\/media?parent=71876"}],"wp:term":[{"taxonomy":"product_cat","embeddable":true,"href":"https:\/\/e.kosmolat.eu\/lv\/wp-json\/wp\/v2\/product_cat?post=71876"},{"taxonomy":"product_tag","embeddable":true,"href":"https:\/\/e.kosmolat.eu\/lv\/wp-json\/wp\/v2\/product_tag?post=71876"}],"curies":[{"name":"wp","href":"https:\/\/api.w.org\/{rel}","templated":true}]}}