{"id":71874,"date":"2025-06-27T04:00:32","date_gmt":"2025-06-27T04:00:32","guid":{"rendered":"https:\/\/e.kosmolat.eu\/product\/evoluderm-sejas-maska-ad-mirdzumam-burkans-150-g\/"},"modified":"2026-04-22T07:36:09","modified_gmt":"2026-04-22T07:36:09","slug":"evoluderm-sejas-maska-ad-mirdzumam-burkans-150-g","status":"publish","type":"product","link":"https:\/\/e.kosmolat.eu\/lv\/product\/evoluderm-sejas-maska-ad-mirdzumam-burkans-150-g\/","title":{"rendered":"EVOLUDERM Sejas maska \u0101d. mirdzumam Burk\u0101ns, 150 g"},"content":{"rendered":"<p>Kr\u0113m\u012bg\u0101 sejas maska satur burk\u0101nu ekstraktu, kas bag\u0101ts ar antioksidantu \u012bpa\u0161\u012bb\u0101m. T\u0101 izl\u012bdzina \u0101das toni un pie\u0161\u0137ir vesel\u012bgu mirdzumu jau p\u0113c pirm\u0101s lieto\u0161anas reizes. Pateicoties att\u012bro\u0161ajai iedarb\u012bbai, t\u0101 no\u0146em net\u012brumus un atjauno \u0101das svaigumu, acumirkl\u012b pie\u0161\u0137irot tai koptu izskatu.<\/p>\n<p>Rezult\u0101ts: atjaunota, mirdzo\u0161a un skaista \u0101da.<\/p>\n<p>Lieto\u0161ana: uzkl\u0101jiet uz sejas, izvairoties no zonas ap ac\u012bm. Neatst\u0101jiet uz \u0101das ilg\u0101k par 5 min\u016bt\u0113m. R\u016bp\u012bgi noskalojiet ar siltu \u016bdeni. Lietojiet 1\u20132 reizes ned\u0113\u013c\u0101.<\/p>\n<p>Piesardz\u012bbas pas\u0101kumi: ja nok\u013c\u016bst ac\u012bs, nekav\u0113joties izskalot t\u0101s ar lielu daudzumu \u016bdens.<\/p>\n<p>Dermatolo\u0123iski p\u0101rbaud\u012bts.<\/p>\n","protected":false},"excerpt":{"rendered":"<p>Kr\u0113m\u012bg\u0101 sejas maska satur burk\u0101nu ekstraktu, kas bag\u0101ts ar antioksidantu \u012bpa\u0161\u012bb\u0101m. T\u0101 izl\u012bdzina \u0101das toni un pie\u0161\u0137ir vesel\u012bgu mirdzumu jau p\u0113c pirm\u0101s lieto\u0161anas reizes. Pateicoties att\u012bro\u0161ajai iedarb\u012bbai, t\u0101 no\u0146em net\u012brumus un atjauno \u0101das svaigumu, acumirkl\u012b pie\u0161\u0137irot tai koptu izskatu. Rezult\u0101ts: atjaunota, mirdzo\u0161a un skaista \u0101da. Lieto\u0161ana: uzkl\u0101jiet uz sejas, izvairoties no zonas ap ac\u012bm. Neatst\u0101jiet [&#8230;]\n","protected":false},"featured_media":94390,"template":"","meta":[],"product_cat":[1999],"product_tag":[],"class_list":{"0":"post-71874","1":"product","2":"type-product","3":"status-publish","4":"has-post-thumbnail","6":"product_brand-evoluderm","7":"product_cat-bez-kategorijas","9":"first","10":"instock","11":"taxable","12":"shipping-taxable","13":"product-type-simple"},"_links":{"self":[{"href":"https:\/\/e.kosmolat.eu\/lv\/wp-json\/wp\/v2\/product\/71874","targetHints":{"allow":["GET"]}}],"collection":[{"href":"https:\/\/e.kosmolat.eu\/lv\/wp-json\/wp\/v2\/product"}],"about":[{"href":"https:\/\/e.kosmolat.eu\/lv\/wp-json\/wp\/v2\/types\/product"}],"wp:featuredmedia":[{"embeddable":true,"href":"https:\/\/e.kosmolat.eu\/lv\/wp-json\/wp\/v2\/media\/94390"}],"wp:attachment":[{"href":"https:\/\/e.kosmolat.eu\/lv\/wp-json\/wp\/v2\/media?parent=71874"}],"wp:term":[{"taxonomy":"product_cat","embeddable":true,"href":"https:\/\/e.kosmolat.eu\/lv\/wp-json\/wp\/v2\/product_cat?post=71874"},{"taxonomy":"product_tag","embeddable":true,"href":"https:\/\/e.kosmolat.eu\/lv\/wp-json\/wp\/v2\/product_tag?post=71874"}],"curies":[{"name":"wp","href":"https:\/\/api.w.org\/{rel}","templated":true}]}}