{"id":71838,"date":"2025-06-24T16:34:17","date_gmt":"2025-06-24T16:34:17","guid":{"rendered":"https:\/\/e.kosmolat.eu\/product\/deo-krems-kajam-100-ml\/"},"modified":"2026-04-24T06:27:47","modified_gmt":"2026-04-24T06:27:47","slug":"deo-krems-kajam-100-ml","status":"publish","type":"product","link":"https:\/\/e.kosmolat.eu\/lv\/product\/deo-krems-kajam-100-ml\/","title":{"rendered":"Deo-kr\u0113ms k\u0101j\u0101m, 100 ml"},"content":{"rendered":"<p>Deo-kr\u0113ma efekts tiek pan\u0101kts, pateicoties akt\u012bvaj\u0101m sast\u0101vda\u013c\u0101m, kas ne tikai nov\u0113r\u0161 nepat\u012bkamo smaku, bet ar\u012b iedarbojas uz t\u0101s c\u0113loni. Alum\u012bnija hlorohidr\u0101ts samazina sv\u012b\u0161anu. Farnesols nov\u0113r\u0161 nepat\u012bkamo smaku ra\u0161anos, nodro\u0161ina dezodor\u0113jo\u0161u efektu. Alvejas \u017eeleja un avokado e\u013c\u013ca mitrina un m\u012bkstina \u0101du. <\/p>\n<p>Lieto\u0161ana: uzkl\u0101jiet kr\u0113mu uz t\u012bras k\u0101ju \u0101das. Neiesm\u0113r\u0113t. <\/p>\n<p>Uzglab\u0101\u0161anas noteikumi: +5 \u00b0C &#8211; +25 \u00b0C. <\/p>\n<p>Der\u012bguma termi\u0146\u0161: 36 m\u0113ne\u0161i.<\/p>\n","protected":false},"excerpt":{"rendered":"<p>Deo-kr\u0113ma efekts tiek pan\u0101kts, pateicoties akt\u012bvaj\u0101m sast\u0101vda\u013c\u0101m, kas ne tikai nov\u0113r\u0161 nepat\u012bkamo smaku, bet ar\u012b iedarbojas uz t\u0101s c\u0113loni. Alum\u012bnija hlorohidr\u0101ts samazina sv\u012b\u0161anu. Farnesols nov\u0113r\u0161 nepat\u012bkamo smaku ra\u0161anos, nodro\u0161ina dezodor\u0113jo\u0161u efektu. Alvejas \u017eeleja un avokado e\u013c\u013ca mitrina un m\u012bkstina \u0101du. Lieto\u0161ana: uzkl\u0101jiet kr\u0113mu uz t\u012bras k\u0101ju \u0101das. Neiesm\u0113r\u0113t. Uzglab\u0101\u0161anas noteikumi: +5 \u00b0C &#8211; +25 \u00b0C. [&#8230;]\n","protected":false},"featured_media":96130,"template":"","meta":[],"product_cat":[1763],"product_tag":[],"class_list":{"0":"post-71838","1":"product","2":"type-product","3":"status-publish","4":"has-post-thumbnail","6":"product_brand-private-label","7":"product_cat-koju-prieziuros-kosmetika","9":"first","10":"instock","11":"taxable","12":"shipping-taxable","13":"product-type-simple"},"_links":{"self":[{"href":"https:\/\/e.kosmolat.eu\/lv\/wp-json\/wp\/v2\/product\/71838","targetHints":{"allow":["GET"]}}],"collection":[{"href":"https:\/\/e.kosmolat.eu\/lv\/wp-json\/wp\/v2\/product"}],"about":[{"href":"https:\/\/e.kosmolat.eu\/lv\/wp-json\/wp\/v2\/types\/product"}],"wp:featuredmedia":[{"embeddable":true,"href":"https:\/\/e.kosmolat.eu\/lv\/wp-json\/wp\/v2\/media\/96130"}],"wp:attachment":[{"href":"https:\/\/e.kosmolat.eu\/lv\/wp-json\/wp\/v2\/media?parent=71838"}],"wp:term":[{"taxonomy":"product_cat","embeddable":true,"href":"https:\/\/e.kosmolat.eu\/lv\/wp-json\/wp\/v2\/product_cat?post=71838"},{"taxonomy":"product_tag","embeddable":true,"href":"https:\/\/e.kosmolat.eu\/lv\/wp-json\/wp\/v2\/product_tag?post=71838"}],"curies":[{"name":"wp","href":"https:\/\/api.w.org\/{rel}","templated":true}]}}