{"id":71830,"date":"2025-06-24T16:34:05","date_gmt":"2025-06-24T16:34:05","guid":{"rendered":"https:\/\/e.kosmolat.eu\/product\/smooth-skin-kristala-matu-dzesgumija-depilators-6056\/"},"modified":"2025-09-20T08:25:44","modified_gmt":"2025-09-20T08:25:44","slug":"smooth-skin-kristala-matu-dzesgumija-depilators-6056","status":"publish","type":"product","link":"https:\/\/e.kosmolat.eu\/lv\/product\/smooth-skin-kristala-matu-dzesgumija-depilators-6056\/","title":{"rendered":"Smooth Skin Krist\u0101la matu dz\u0113\u0161gumija &#8211; depilators 6056"},"content":{"rendered":"<p>Krist\u0101la depilators ir lielisks risin\u0101jums tiem, kas nov\u0113rt\u0113 nes\u0101p\u012bgu k\u0101ju, roku un citu \u0137erme\u0146a zonu depil\u0101ciju. Ier\u012bce \u013cauj vienk\u0101r\u0161i un \u0101tri pan\u0101kt gludas un maigas \u0101das efektu. T\u0101 no\u0146em nev\u0113lamos mati\u0146us un vienlaikus maigi noloba \u0101du, padarot to z\u012bdaini gludu.<\/p>\n","protected":false},"excerpt":{"rendered":"<p>Krist\u0101la depilators ir lielisks risin\u0101jums tiem, kas nov\u0113rt\u0113 nes\u0101p\u012bgu k\u0101ju, roku un citu \u0137erme\u0146a zonu depil\u0101ciju. Ier\u012bce \u013cauj vienk\u0101r\u0161i un \u0101tri pan\u0101kt gludas un maigas \u0101das efektu. T\u0101 no\u0146em nev\u0113lamos mati\u0146us un vienlaikus maigi noloba \u0101du, padarot to z\u012bdaini gludu.<\/p>\n","protected":false},"featured_media":95838,"template":"","meta":[],"product_cat":[1830],"product_tag":[],"class_list":{"0":"post-71830","1":"product","2":"type-product","3":"status-publish","4":"has-post-thumbnail","6":"product_brand-donegal-sp-zo-o-_pl","7":"product_cat-skusanas-piederumi","9":"first","10":"outofstock","11":"taxable","12":"shipping-taxable","13":"product-type-simple"},"_links":{"self":[{"href":"https:\/\/e.kosmolat.eu\/lv\/wp-json\/wp\/v2\/product\/71830","targetHints":{"allow":["GET"]}}],"collection":[{"href":"https:\/\/e.kosmolat.eu\/lv\/wp-json\/wp\/v2\/product"}],"about":[{"href":"https:\/\/e.kosmolat.eu\/lv\/wp-json\/wp\/v2\/types\/product"}],"wp:featuredmedia":[{"embeddable":true,"href":"https:\/\/e.kosmolat.eu\/lv\/wp-json\/wp\/v2\/media\/95838"}],"wp:attachment":[{"href":"https:\/\/e.kosmolat.eu\/lv\/wp-json\/wp\/v2\/media?parent=71830"}],"wp:term":[{"taxonomy":"product_cat","embeddable":true,"href":"https:\/\/e.kosmolat.eu\/lv\/wp-json\/wp\/v2\/product_cat?post=71830"},{"taxonomy":"product_tag","embeddable":true,"href":"https:\/\/e.kosmolat.eu\/lv\/wp-json\/wp\/v2\/product_tag?post=71830"}],"curies":[{"name":"wp","href":"https:\/\/api.w.org\/{rel}","templated":true}]}}