{"id":71822,"date":"2025-06-24T16:33:53","date_gmt":"2025-06-24T16:33:53","guid":{"rendered":"https:\/\/e.kosmolat.eu\/product\/coco-relax-eko-kermena-suklis-6059\/"},"modified":"2025-09-20T08:23:41","modified_gmt":"2025-09-20T08:23:41","slug":"coco-relax-eko-kermena-suklis-6059","status":"publish","type":"product","link":"https:\/\/e.kosmolat.eu\/lv\/product\/coco-relax-eko-kermena-suklis-6059\/","title":{"rendered":"Coco Relax EKO \u0136erme\u0146a s\u016bklis 6059"},"content":{"rendered":"","protected":false},"excerpt":{"rendered":"","protected":false},"featured_media":95794,"template":"","meta":[],"product_cat":[1827],"product_tag":[],"class_list":{"0":"post-71822","1":"product","2":"type-product","3":"status-publish","4":"has-post-thumbnail","6":"product_brand-donegal-sp-zo-o-_pl","7":"product_cat-kermena-kopsanas-aksesuari","9":"first","10":"outofstock","11":"taxable","12":"shipping-taxable","13":"product-type-simple"},"_links":{"self":[{"href":"https:\/\/e.kosmolat.eu\/lv\/wp-json\/wp\/v2\/product\/71822","targetHints":{"allow":["GET"]}}],"collection":[{"href":"https:\/\/e.kosmolat.eu\/lv\/wp-json\/wp\/v2\/product"}],"about":[{"href":"https:\/\/e.kosmolat.eu\/lv\/wp-json\/wp\/v2\/types\/product"}],"wp:featuredmedia":[{"embeddable":true,"href":"https:\/\/e.kosmolat.eu\/lv\/wp-json\/wp\/v2\/media\/95794"}],"wp:attachment":[{"href":"https:\/\/e.kosmolat.eu\/lv\/wp-json\/wp\/v2\/media?parent=71822"}],"wp:term":[{"taxonomy":"product_cat","embeddable":true,"href":"https:\/\/e.kosmolat.eu\/lv\/wp-json\/wp\/v2\/product_cat?post=71822"},{"taxonomy":"product_tag","embeddable":true,"href":"https:\/\/e.kosmolat.eu\/lv\/wp-json\/wp\/v2\/product_tag?post=71822"}],"curies":[{"name":"wp","href":"https:\/\/api.w.org\/{rel}","templated":true}]}}