{"id":71806,"date":"2025-06-24T16:30:09","date_gmt":"2025-06-24T16:30:09","guid":{"rendered":"https:\/\/e.kosmolat.eu\/product\/skropstu-atliecejs-4449\/"},"modified":"2025-09-20T08:23:24","modified_gmt":"2025-09-20T08:23:24","slug":"skropstu-atliecejs-4449","status":"publish","type":"product","link":"https:\/\/e.kosmolat.eu\/lv\/product\/skropstu-atliecejs-4449\/","title":{"rendered":"Skropstu atliec\u0113js 4449"},"content":{"rendered":"<p>Skropstu atliec\u0113js pal\u012bdz\u0113s pan\u0101kt dabisku skropstu atliekumu un pagarino\u0161u efektu. Tas ir apr\u012bkots ar gumijas ieliktni, kas aizsarg\u0101 skropstas no boj\u0101jumiem. Ergonomisk\u0101 forma nodro\u0161ina \u0113rtu lieto\u0161anu. Piez\u012bme: vienm\u0113r lietojiet skropstu atliec\u0113ju pirms skropstu tu\u0161as uzkl\u0101\u0161anas.<\/p>\n","protected":false},"excerpt":{"rendered":"<p>Skropstu atliec\u0113js pal\u012bdz\u0113s pan\u0101kt dabisku skropstu atliekumu un pagarino\u0161u efektu. Tas ir apr\u012bkots ar gumijas ieliktni, kas aizsarg\u0101 skropstas no boj\u0101jumiem. Ergonomisk\u0101 forma nodro\u0161ina \u0113rtu lieto\u0161anu. Piez\u012bme: vienm\u0113r lietojiet skropstu atliec\u0113ju pirms skropstu tu\u0161as uzkl\u0101\u0161anas.<\/p>\n","protected":false},"featured_media":95786,"template":"","meta":[],"product_cat":[1552],"product_tag":[],"class_list":{"0":"post-71806","1":"product","2":"type-product","3":"status-publish","4":"has-post-thumbnail","6":"product_brand-donegal-sp-zo-o-_pl","7":"product_cat-istrumenti-un-sikumi","9":"first","10":"outofstock","11":"taxable","12":"shipping-taxable","13":"product-type-simple"},"_links":{"self":[{"href":"https:\/\/e.kosmolat.eu\/lv\/wp-json\/wp\/v2\/product\/71806","targetHints":{"allow":["GET"]}}],"collection":[{"href":"https:\/\/e.kosmolat.eu\/lv\/wp-json\/wp\/v2\/product"}],"about":[{"href":"https:\/\/e.kosmolat.eu\/lv\/wp-json\/wp\/v2\/types\/product"}],"wp:featuredmedia":[{"embeddable":true,"href":"https:\/\/e.kosmolat.eu\/lv\/wp-json\/wp\/v2\/media\/95786"}],"wp:attachment":[{"href":"https:\/\/e.kosmolat.eu\/lv\/wp-json\/wp\/v2\/media?parent=71806"}],"wp:term":[{"taxonomy":"product_cat","embeddable":true,"href":"https:\/\/e.kosmolat.eu\/lv\/wp-json\/wp\/v2\/product_cat?post=71806"},{"taxonomy":"product_tag","embeddable":true,"href":"https:\/\/e.kosmolat.eu\/lv\/wp-json\/wp\/v2\/product_tag?post=71806"}],"curies":[{"name":"wp","href":"https:\/\/api.w.org\/{rel}","templated":true}]}}