{"id":71798,"date":"2025-06-24T16:26:00","date_gmt":"2025-06-24T16:26:00","guid":{"rendered":"https:\/\/e.kosmolat.eu\/product\/profesionals-skropstu-atliecejs-4442\/"},"modified":"2025-09-20T08:23:12","modified_gmt":"2025-09-20T08:23:12","slug":"profesionals-skropstu-atliecejs-4442","status":"publish","type":"product","link":"https:\/\/e.kosmolat.eu\/lv\/product\/profesionals-skropstu-atliecejs-4442\/","title":{"rendered":"Profesion\u0101ls skropstu atliec\u0113js 4442"},"content":{"rendered":"<p>Profesion\u0101ls skropstu atliec\u0113js nodro\u0161ina prec\u012bzu skropstu atliek\u0161anu. T\u0101 \u0161aur\u0101 forma \u013cauj sasniegt katru skropstu, tostarp acu kakti\u0146os. Piem\u0113rots gan dab\u012bgo, gan m\u0101ksl\u012bgo skropstu atliek\u0161anai.<\/p>\n","protected":false},"excerpt":{"rendered":"<p>Profesion\u0101ls skropstu atliec\u0113js nodro\u0161ina prec\u012bzu skropstu atliek\u0161anu. T\u0101 \u0161aur\u0101 forma \u013cauj sasniegt katru skropstu, tostarp acu kakti\u0146os. Piem\u0113rots gan dab\u012bgo, gan m\u0101ksl\u012bgo skropstu atliek\u0161anai.<\/p>\n","protected":false},"featured_media":95782,"template":"","meta":[],"product_cat":[1552],"product_tag":[],"class_list":{"0":"post-71798","1":"product","2":"type-product","3":"status-publish","4":"has-post-thumbnail","6":"product_brand-donegal-sp-zo-o-_pl","7":"product_cat-istrumenti-un-sikumi","9":"first","10":"outofstock","11":"taxable","12":"shipping-taxable","13":"product-type-simple"},"_links":{"self":[{"href":"https:\/\/e.kosmolat.eu\/lv\/wp-json\/wp\/v2\/product\/71798","targetHints":{"allow":["GET"]}}],"collection":[{"href":"https:\/\/e.kosmolat.eu\/lv\/wp-json\/wp\/v2\/product"}],"about":[{"href":"https:\/\/e.kosmolat.eu\/lv\/wp-json\/wp\/v2\/types\/product"}],"wp:featuredmedia":[{"embeddable":true,"href":"https:\/\/e.kosmolat.eu\/lv\/wp-json\/wp\/v2\/media\/95782"}],"wp:attachment":[{"href":"https:\/\/e.kosmolat.eu\/lv\/wp-json\/wp\/v2\/media?parent=71798"}],"wp:term":[{"taxonomy":"product_cat","embeddable":true,"href":"https:\/\/e.kosmolat.eu\/lv\/wp-json\/wp\/v2\/product_cat?post=71798"},{"taxonomy":"product_tag","embeddable":true,"href":"https:\/\/e.kosmolat.eu\/lv\/wp-json\/wp\/v2\/product_tag?post=71798"}],"curies":[{"name":"wp","href":"https:\/\/api.w.org\/{rel}","templated":true}]}}