{"id":71790,"date":"2025-06-24T16:25:32","date_gmt":"2025-06-24T16:25:32","guid":{"rendered":"https:\/\/e.kosmolat.eu\/product\/energijas-gua-sha-skrapis-6063\/"},"modified":"2025-09-20T08:23:03","modified_gmt":"2025-09-20T08:23:03","slug":"energijas-gua-sha-skrapis-6063","status":"publish","type":"product","link":"https:\/\/e.kosmolat.eu\/lv\/product\/energijas-gua-sha-skrapis-6063\/","title":{"rendered":"Ener\u0123ijas Gua Sha skr\u0101pis 6063"},"content":{"rendered":"<p>Gua Sha skr\u0101pis ir ide\u0101li piem\u0113rots \u0137erme\u0146a mas\u0101\u017eai. Regul\u0101ra lieto\u0161ana pal\u012bdz mazin\u0101t spriedzi un stresu, vienlaikus uzlabojot \u0101das tvirtumu un atjaunojot t\u0101s elast\u012bbu. Maiga limf\u0101tisk\u0101s sist\u0113mas stimul\u0101cija veicina organisma dabisko detoksifik\u0101cijas procesu. Lieliski piem\u0113rots, ja nov\u0113rojama \u0161\u0137idruma aizture, celul\u012bts, musku\u013cu diskomforts vai samazin\u0101ts \u0101das bl\u012bvums un elast\u012bba.<\/p>\n","protected":false},"excerpt":{"rendered":"<p>Gua Sha skr\u0101pis ir ide\u0101li piem\u0113rots \u0137erme\u0146a mas\u0101\u017eai. Regul\u0101ra lieto\u0161ana pal\u012bdz mazin\u0101t spriedzi un stresu, vienlaikus uzlabojot \u0101das tvirtumu un atjaunojot t\u0101s elast\u012bbu. Maiga limf\u0101tisk\u0101s sist\u0113mas stimul\u0101cija veicina organisma dabisko detoksifik\u0101cijas procesu. Lieliski piem\u0113rots, ja nov\u0113rojama \u0161\u0137idruma aizture, celul\u012bts, musku\u013cu diskomforts vai samazin\u0101ts \u0101das bl\u012bvums un elast\u012bba.<\/p>\n","protected":false},"featured_media":95778,"template":"","meta":[],"product_cat":[1829],"product_tag":[],"class_list":{"0":"post-71790","1":"product","2":"type-product","3":"status-publish","4":"has-post-thumbnail","6":"product_brand-donegal-sp-zo-o-_pl","7":"product_cat-kuno-prieziuros-priemones","9":"first","10":"outofstock","11":"taxable","12":"shipping-taxable","13":"product-type-simple"},"_links":{"self":[{"href":"https:\/\/e.kosmolat.eu\/lv\/wp-json\/wp\/v2\/product\/71790","targetHints":{"allow":["GET"]}}],"collection":[{"href":"https:\/\/e.kosmolat.eu\/lv\/wp-json\/wp\/v2\/product"}],"about":[{"href":"https:\/\/e.kosmolat.eu\/lv\/wp-json\/wp\/v2\/types\/product"}],"wp:featuredmedia":[{"embeddable":true,"href":"https:\/\/e.kosmolat.eu\/lv\/wp-json\/wp\/v2\/media\/95778"}],"wp:attachment":[{"href":"https:\/\/e.kosmolat.eu\/lv\/wp-json\/wp\/v2\/media?parent=71790"}],"wp:term":[{"taxonomy":"product_cat","embeddable":true,"href":"https:\/\/e.kosmolat.eu\/lv\/wp-json\/wp\/v2\/product_cat?post=71790"},{"taxonomy":"product_tag","embeddable":true,"href":"https:\/\/e.kosmolat.eu\/lv\/wp-json\/wp\/v2\/product_tag?post=71790"}],"curies":[{"name":"wp","href":"https:\/\/api.w.org\/{rel}","templated":true}]}}