{"id":71782,"date":"2025-06-24T16:23:41","date_gmt":"2025-06-24T16:23:41","guid":{"rendered":"https:\/\/e.kosmolat.eu\/product\/krasaina-slipa-uzacu-pincete-3-veidi-4121\/"},"modified":"2025-09-20T08:22:54","modified_gmt":"2025-09-20T08:22:54","slug":"krasaina-slipa-uzacu-pincete-3-veidi-4121","status":"publish","type":"product","link":"https:\/\/e.kosmolat.eu\/lv\/product\/krasaina-slipa-uzacu-pincete-3-veidi-4121\/","title":{"rendered":"Kr\u0101sain\u0101 sl\u012bp\u0101 uzacu pincete, 3 veidi, 4121"},"content":{"rendered":"<p>Pincete \u0101trai un prec\u012bzai uzacu epil\u0101cijai.<\/p>\n","protected":false},"excerpt":{"rendered":"<p>Pincete \u0101trai un prec\u012bzai uzacu epil\u0101cijai.<\/p>\n","protected":false},"featured_media":95774,"template":"","meta":[],"product_cat":[1552],"product_tag":[],"class_list":{"0":"post-71782","1":"product","2":"type-product","3":"status-publish","4":"has-post-thumbnail","6":"product_brand-donegal-sp-zo-o-_pl","7":"product_cat-istrumenti-un-sikumi","9":"first","10":"outofstock","11":"taxable","12":"shipping-taxable","13":"product-type-simple"},"_links":{"self":[{"href":"https:\/\/e.kosmolat.eu\/lv\/wp-json\/wp\/v2\/product\/71782","targetHints":{"allow":["GET"]}}],"collection":[{"href":"https:\/\/e.kosmolat.eu\/lv\/wp-json\/wp\/v2\/product"}],"about":[{"href":"https:\/\/e.kosmolat.eu\/lv\/wp-json\/wp\/v2\/types\/product"}],"wp:featuredmedia":[{"embeddable":true,"href":"https:\/\/e.kosmolat.eu\/lv\/wp-json\/wp\/v2\/media\/95774"}],"wp:attachment":[{"href":"https:\/\/e.kosmolat.eu\/lv\/wp-json\/wp\/v2\/media?parent=71782"}],"wp:term":[{"taxonomy":"product_cat","embeddable":true,"href":"https:\/\/e.kosmolat.eu\/lv\/wp-json\/wp\/v2\/product_cat?post=71782"},{"taxonomy":"product_tag","embeddable":true,"href":"https:\/\/e.kosmolat.eu\/lv\/wp-json\/wp\/v2\/product_tag?post=71782"}],"curies":[{"name":"wp","href":"https:\/\/api.w.org\/{rel}","templated":true}]}}