{"id":71774,"date":"2025-06-24T16:21:41","date_gmt":"2025-06-24T16:21:41","guid":{"rendered":"https:\/\/e.kosmolat.eu\/product\/maksligo-skropstu-puskisi-v-forma-33-gab-4484\/"},"modified":"2025-09-20T08:22:44","modified_gmt":"2025-09-20T08:22:44","slug":"maksligo-skropstu-puskisi-v-forma-33-gab-4484","status":"publish","type":"product","link":"https:\/\/e.kosmolat.eu\/lv\/product\/maksligo-skropstu-puskisi-v-forma-33-gab-4484\/","title":{"rendered":"M\u0101ksl\u012bgo skropstu pu\u0161\u0137\u012b\u0161i V form\u0101 (33 gab.) 4484"},"content":{"rendered":"<p>Garums: 9, 11 un 13 mm.<\/p>\n<p>Uzkl\u0101jiet nelielu daudzumu skropstu l\u012bmes uz skropstu pu\u0161\u0137\u012b\u0161u pamatnes un novietojiet tos p\u0113c iesp\u0113jas tuv\u0101k dabisko skropstu sakn\u0113m. Saudz\u012bgi piespiediet, lai nostiprin\u0101tu.<\/p>\n<p>Uzman\u012bbu! Att\u0113ls ir ilustrat\u012bvs. Faktisk\u0101 prece (kr\u0101sa, forma, iepakojums) var at\u0161\u0137irties no redz\u0113t\u0101 vietn\u0113.<\/p>\n","protected":false},"excerpt":{"rendered":"<p>Garums: 9, 11 un 13 mm. Uzkl\u0101jiet nelielu daudzumu skropstu l\u012bmes uz skropstu pu\u0161\u0137\u012b\u0161u pamatnes un novietojiet tos p\u0113c iesp\u0113jas tuv\u0101k dabisko skropstu sakn\u0113m. Saudz\u012bgi piespiediet, lai nostiprin\u0101tu. Uzman\u012bbu! Att\u0113ls ir ilustrat\u012bvs. Faktisk\u0101 prece (kr\u0101sa, forma, iepakojums) var at\u0161\u0137irties no redz\u0113t\u0101 vietn\u0113.<\/p>\n","protected":false},"featured_media":95770,"template":"","meta":[],"product_cat":[1509],"product_tag":[],"class_list":{"0":"post-71774","1":"product","2":"type-product","3":"status-publish","4":"has-post-thumbnail","6":"product_brand-donegal-sp-zo-o-_pl","7":"product_cat-maksligas-skropstas","9":"first","10":"outofstock","11":"taxable","12":"shipping-taxable","13":"product-type-simple"},"_links":{"self":[{"href":"https:\/\/e.kosmolat.eu\/lv\/wp-json\/wp\/v2\/product\/71774","targetHints":{"allow":["GET"]}}],"collection":[{"href":"https:\/\/e.kosmolat.eu\/lv\/wp-json\/wp\/v2\/product"}],"about":[{"href":"https:\/\/e.kosmolat.eu\/lv\/wp-json\/wp\/v2\/types\/product"}],"wp:featuredmedia":[{"embeddable":true,"href":"https:\/\/e.kosmolat.eu\/lv\/wp-json\/wp\/v2\/media\/95770"}],"wp:attachment":[{"href":"https:\/\/e.kosmolat.eu\/lv\/wp-json\/wp\/v2\/media?parent=71774"}],"wp:term":[{"taxonomy":"product_cat","embeddable":true,"href":"https:\/\/e.kosmolat.eu\/lv\/wp-json\/wp\/v2\/product_cat?post=71774"},{"taxonomy":"product_tag","embeddable":true,"href":"https:\/\/e.kosmolat.eu\/lv\/wp-json\/wp\/v2\/product_tag?post=71774"}],"curies":[{"name":"wp","href":"https:\/\/api.w.org\/{rel}","templated":true}]}}