{"id":71766,"date":"2025-06-24T16:19:35","date_gmt":"2025-06-24T16:19:35","guid":{"rendered":"https:\/\/e.kosmolat.eu\/product\/maksligas-skropstas-2-gab-4437\/"},"modified":"2026-04-21T06:51:07","modified_gmt":"2026-04-21T06:51:07","slug":"maksligas-skropstas-2-gab-4437","status":"publish","type":"product","link":"https:\/\/e.kosmolat.eu\/lv\/product\/maksligas-skropstas-2-gab-4437\/","title":{"rendered":"M\u0101ksl\u012bg\u0101s skropstas (2 gab.) 4437"},"content":{"rendered":"<p>Apgrieziet m\u0101ksl\u012bg\u0101s skropstas atbilsto\u0161i acu formai un garumam. Uzkl\u0101jiet nelielu daudzumu skropstu l\u012bmes uz pamatnes un novietojiet to p\u0113c iesp\u0113jas tuv\u0101k dabisko skropstu sakn\u0113m. Saudz\u012bgi piespiediet, lai nostiprin\u0101tu.<\/p>\n<p>Uzman\u012bbu! Att\u0113ls ir ilustrat\u012bvs. Faktisk\u0101 prece (kr\u0101sa, forma, iepakojums) var at\u0161\u0137irties no redz\u0113t\u0101 vietn\u0113.<\/p>\n","protected":false},"excerpt":{"rendered":"<p>Apgrieziet m\u0101ksl\u012bg\u0101s skropstas atbilsto\u0161i acu formai un garumam. Uzkl\u0101jiet nelielu daudzumu skropstu l\u012bmes uz pamatnes un novietojiet to p\u0113c iesp\u0113jas tuv\u0101k dabisko skropstu sakn\u0113m. Saudz\u012bgi piespiediet, lai nostiprin\u0101tu. Uzman\u012bbu! Att\u0113ls ir ilustrat\u012bvs. Faktisk\u0101 prece (kr\u0101sa, forma, iepakojums) var at\u0161\u0137irties no redz\u0113t\u0101 vietn\u0113.<\/p>\n","protected":false},"featured_media":95766,"template":"","meta":[],"product_cat":[2181],"product_tag":[],"class_list":{"0":"post-71766","1":"product","2":"type-product","3":"status-publish","4":"has-post-thumbnail","6":"product_brand-donegal-sp-zo-o-_pl","7":"product_cat-bez-kategorijas-lt","9":"first","10":"instock","11":"taxable","12":"shipping-taxable","13":"product-type-simple"},"_links":{"self":[{"href":"https:\/\/e.kosmolat.eu\/lv\/wp-json\/wp\/v2\/product\/71766","targetHints":{"allow":["GET"]}}],"collection":[{"href":"https:\/\/e.kosmolat.eu\/lv\/wp-json\/wp\/v2\/product"}],"about":[{"href":"https:\/\/e.kosmolat.eu\/lv\/wp-json\/wp\/v2\/types\/product"}],"wp:featuredmedia":[{"embeddable":true,"href":"https:\/\/e.kosmolat.eu\/lv\/wp-json\/wp\/v2\/media\/95766"}],"wp:attachment":[{"href":"https:\/\/e.kosmolat.eu\/lv\/wp-json\/wp\/v2\/media?parent=71766"}],"wp:term":[{"taxonomy":"product_cat","embeddable":true,"href":"https:\/\/e.kosmolat.eu\/lv\/wp-json\/wp\/v2\/product_cat?post=71766"},{"taxonomy":"product_tag","embeddable":true,"href":"https:\/\/e.kosmolat.eu\/lv\/wp-json\/wp\/v2\/product_tag?post=71766"}],"curies":[{"name":"wp","href":"https:\/\/api.w.org\/{rel}","templated":true}]}}