{"id":71758,"date":"2025-06-24T16:17:44","date_gmt":"2025-06-24T16:17:44","guid":{"rendered":"https:\/\/e.kosmolat.eu\/product\/riks-skropstu-tusas-uzklas-ar-kemmiti-4122\/"},"modified":"2025-09-20T08:25:35","modified_gmt":"2025-09-20T08:25:35","slug":"riks-skropstu-tusas-uzklas-ar-kemmiti-4122","status":"publish","type":"product","link":"https:\/\/e.kosmolat.eu\/lv\/product\/riks-skropstu-tusas-uzklas-ar-kemmiti-4122\/","title":{"rendered":"R\u012bks skropstu tu\u0161as uzkl\u0101\u0161. ar \u0137emm\u012bti 4122"},"content":{"rendered":"<p>Daudzfunkcion\u0101ls skaistumkop\u0161anas aksesu\u0101rs, kas iev\u0113rojami atvieglo tu\u0161as uzkl\u0101\u0161anu. R\u012bks pal\u012bdz nov\u0113rst tu\u0161as izsm\u0113r\u0113\u0161anos un nospiedumus uz plaksti\u0146iem un zem ac\u012bm. \u0136emm\u012bte lieliski piem\u0113rota liek\u0101 produkta no\u0146em\u0161anai, k\u0101 ar\u012b skropstu un uzacu iz\u0137emm\u0113\u0161anai.<\/p>\n","protected":false},"excerpt":{"rendered":"<p>Daudzfunkcion\u0101ls skaistumkop\u0161anas aksesu\u0101rs, kas iev\u0113rojami atvieglo tu\u0161as uzkl\u0101\u0161anu. R\u012bks pal\u012bdz nov\u0113rst tu\u0161as izsm\u0113r\u0113\u0161anos un nospiedumus uz plaksti\u0146iem un zem ac\u012bm. \u0136emm\u012bte lieliski piem\u0113rota liek\u0101 produkta no\u0146em\u0161anai, k\u0101 ar\u012b skropstu un uzacu iz\u0137emm\u0113\u0161anai.<\/p>\n","protected":false},"featured_media":95830,"template":"","meta":[],"product_cat":[1549],"product_tag":[],"class_list":{"0":"post-71758","1":"product","2":"type-product","3":"status-publish","4":"has-post-thumbnail","6":"product_brand-donegal-sp-zo-o-_pl","7":"product_cat-sponzi-un-aplikatori","9":"first","10":"outofstock","11":"taxable","12":"shipping-taxable","13":"product-type-simple"},"_links":{"self":[{"href":"https:\/\/e.kosmolat.eu\/lv\/wp-json\/wp\/v2\/product\/71758","targetHints":{"allow":["GET"]}}],"collection":[{"href":"https:\/\/e.kosmolat.eu\/lv\/wp-json\/wp\/v2\/product"}],"about":[{"href":"https:\/\/e.kosmolat.eu\/lv\/wp-json\/wp\/v2\/types\/product"}],"wp:featuredmedia":[{"embeddable":true,"href":"https:\/\/e.kosmolat.eu\/lv\/wp-json\/wp\/v2\/media\/95830"}],"wp:attachment":[{"href":"https:\/\/e.kosmolat.eu\/lv\/wp-json\/wp\/v2\/media?parent=71758"}],"wp:term":[{"taxonomy":"product_cat","embeddable":true,"href":"https:\/\/e.kosmolat.eu\/lv\/wp-json\/wp\/v2\/product_cat?post=71758"},{"taxonomy":"product_tag","embeddable":true,"href":"https:\/\/e.kosmolat.eu\/lv\/wp-json\/wp\/v2\/product_tag?post=71758"}],"curies":[{"name":"wp","href":"https:\/\/api.w.org\/{rel}","templated":true}]}}