{"id":71750,"date":"2025-06-24T16:14:43","date_gmt":"2025-06-24T16:14:43","guid":{"rendered":"https:\/\/e.kosmolat.eu\/product\/uzlimes-acu-plakstinu-pacelsanai-4489\/"},"modified":"2026-04-01T09:32:37","modified_gmt":"2026-04-01T09:32:37","slug":"uzlimes-acu-plakstinu-pacelsanai-4489","status":"publish","type":"product","link":"https:\/\/e.kosmolat.eu\/lv\/product\/uzlimes-acu-plakstinu-pacelsanai-4489\/","title":{"rendered":"Uzl\u012bmes acu plaksti\u0146u pacel\u0161anai 4489"},"content":{"rendered":"<p>Uzl\u012bmes vizu\u0101li palielina un izce\u013c acis. T\u0101s ir \u0113rtas lieto\u0161an\u0101, bezkr\u0101sainas un neman\u0101mas uz plaksti\u0146a, pat p\u0113c dekorat\u012bv\u0101s kosm\u0113tikas uzkl\u0101\u0161anas.<\/p>\n<p>Lieto\u0161ana: R\u016bp\u012bgi att\u012briet un attaukojiet plaksti\u0146u, p\u0113c tam piel\u012bm\u0113jiet liftinga uzl\u012bmi aug\u0161\u0113j\u0101 plaksti\u0146a rievas centr\u0101, viegli piespiediet un uzkl\u0101jiet kosm\u0113tiku. Uzl\u012bmes paredz\u0113tas vienreiz\u0113jai lieto\u0161anai.<\/p>\n<p>Piesardz\u012bbas pas\u0101kumi: Izmantot tikai atbilsto\u0161i paredz\u0113tajam m\u0113r\u0137im. Sarg\u0101t no b\u0113rniem. Nelietot uz kairin\u0101tas vai boj\u0101tas \u0101das.<\/p>\n","protected":false},"excerpt":{"rendered":"<p>Uzl\u012bmes vizu\u0101li palielina un izce\u013c acis. T\u0101s ir \u0113rtas lieto\u0161an\u0101, bezkr\u0101sainas un neman\u0101mas uz plaksti\u0146a, pat p\u0113c dekorat\u012bv\u0101s kosm\u0113tikas uzkl\u0101\u0161anas. Lieto\u0161ana: R\u016bp\u012bgi att\u012briet un attaukojiet plaksti\u0146u, p\u0113c tam piel\u012bm\u0113jiet liftinga uzl\u012bmi aug\u0161\u0113j\u0101 plaksti\u0146a rievas centr\u0101, viegli piespiediet un uzkl\u0101jiet kosm\u0113tiku. Uzl\u012bmes paredz\u0113tas vienreiz\u0113jai lieto\u0161anai. Piesardz\u012bbas pas\u0101kumi: Izmantot tikai atbilsto\u0161i paredz\u0113tajam m\u0113r\u0137im. Sarg\u0101t no b\u0113rniem. Nelietot [&#8230;]\n","protected":false},"featured_media":95826,"template":"","meta":[],"product_cat":[1818],"product_tag":[],"class_list":{"0":"post-71750","1":"product","2":"type-product","3":"status-publish","4":"has-post-thumbnail","6":"product_brand-donegal-sp-zo-o-_pl","7":"product_cat-kosmetikas-aksesuari","9":"first","10":"instock","11":"taxable","12":"shipping-taxable","13":"product-type-simple"},"_links":{"self":[{"href":"https:\/\/e.kosmolat.eu\/lv\/wp-json\/wp\/v2\/product\/71750","targetHints":{"allow":["GET"]}}],"collection":[{"href":"https:\/\/e.kosmolat.eu\/lv\/wp-json\/wp\/v2\/product"}],"about":[{"href":"https:\/\/e.kosmolat.eu\/lv\/wp-json\/wp\/v2\/types\/product"}],"wp:featuredmedia":[{"embeddable":true,"href":"https:\/\/e.kosmolat.eu\/lv\/wp-json\/wp\/v2\/media\/95826"}],"wp:attachment":[{"href":"https:\/\/e.kosmolat.eu\/lv\/wp-json\/wp\/v2\/media?parent=71750"}],"wp:term":[{"taxonomy":"product_cat","embeddable":true,"href":"https:\/\/e.kosmolat.eu\/lv\/wp-json\/wp\/v2\/product_cat?post=71750"},{"taxonomy":"product_tag","embeddable":true,"href":"https:\/\/e.kosmolat.eu\/lv\/wp-json\/wp\/v2\/product_tag?post=71750"}],"curies":[{"name":"wp","href":"https:\/\/api.w.org\/{rel}","templated":true}]}}