{"id":71742,"date":"2025-06-24T16:13:31","date_gmt":"2025-06-24T16:13:31","guid":{"rendered":"https:\/\/e.kosmolat.eu\/product\/silikona-masazas-birste-sejai-un-kerm-4357\/"},"modified":"2025-09-20T08:25:11","modified_gmt":"2025-09-20T08:25:11","slug":"silikona-masazas-birste-sejai-un-kerm-4357","status":"publish","type":"product","link":"https:\/\/e.kosmolat.eu\/lv\/product\/silikona-masazas-birste-sejai-un-kerm-4357\/","title":{"rendered":"Silikona mas\u0101\u017eas birste sejai un \u0137erm. 4357"},"content":{"rendered":"<p>Silikona mas\u0101\u017eas birste sejai un \u0137ermenim efekt\u012bvi att\u012bra \u0101du, lietojot to kop\u0101 ar att\u012bro\u0161iem l\u012bdzek\u013ciem. T\u0101 stimul\u0113 asinsriti, uzlabo \u0101das apg\u0101di ar sk\u0101bekli un veicina t\u0101s baro\u0161anu. Maigi noloba atmiru\u0161\u0101s \u0101das \u0161\u016bnas un att\u012bra poras, sagatavojot \u0101du n\u0101kamajiem kop\u0161anas so\u013ciem. Pateicoties kompaktajam izm\u0113ram, mas\u0101\u017eas birste viegli ietilpst pat neliel\u0101 kosm\u0113tikas somi\u0146\u0101, \u013caujot baud\u012bt svaigu un mirdzo\u0161u \u0101du jebkur\u0101 situ\u0101cij\u0101.<\/p>\n","protected":false},"excerpt":{"rendered":"<p>Silikona mas\u0101\u017eas birste sejai un \u0137ermenim efekt\u012bvi att\u012bra \u0101du, lietojot to kop\u0101 ar att\u012bro\u0161iem l\u012bdzek\u013ciem. T\u0101 stimul\u0113 asinsriti, uzlabo \u0101das apg\u0101di ar sk\u0101bekli un veicina t\u0101s baro\u0161anu. Maigi noloba atmiru\u0161\u0101s \u0101das \u0161\u016bnas un att\u012bra poras, sagatavojot \u0101du n\u0101kamajiem kop\u0161anas so\u013ciem. Pateicoties kompaktajam izm\u0113ram, mas\u0101\u017eas birste viegli ietilpst pat neliel\u0101 kosm\u0113tikas somi\u0146\u0101, \u013caujot baud\u012bt svaigu un [&#8230;]\n","protected":false},"featured_media":95822,"template":"","meta":[],"product_cat":[1829],"product_tag":[],"class_list":{"0":"post-71742","1":"product","2":"type-product","3":"status-publish","4":"has-post-thumbnail","6":"product_brand-donegal-sp-zo-o-_pl","7":"product_cat-kuno-prieziuros-priemones","9":"first","10":"outofstock","11":"taxable","12":"shipping-taxable","13":"product-type-simple"},"_links":{"self":[{"href":"https:\/\/e.kosmolat.eu\/lv\/wp-json\/wp\/v2\/product\/71742","targetHints":{"allow":["GET"]}}],"collection":[{"href":"https:\/\/e.kosmolat.eu\/lv\/wp-json\/wp\/v2\/product"}],"about":[{"href":"https:\/\/e.kosmolat.eu\/lv\/wp-json\/wp\/v2\/types\/product"}],"wp:featuredmedia":[{"embeddable":true,"href":"https:\/\/e.kosmolat.eu\/lv\/wp-json\/wp\/v2\/media\/95822"}],"wp:attachment":[{"href":"https:\/\/e.kosmolat.eu\/lv\/wp-json\/wp\/v2\/media?parent=71742"}],"wp:term":[{"taxonomy":"product_cat","embeddable":true,"href":"https:\/\/e.kosmolat.eu\/lv\/wp-json\/wp\/v2\/product_cat?post=71742"},{"taxonomy":"product_tag","embeddable":true,"href":"https:\/\/e.kosmolat.eu\/lv\/wp-json\/wp\/v2\/product_tag?post=71742"}],"curies":[{"name":"wp","href":"https:\/\/api.w.org\/{rel}","templated":true}]}}