{"id":71734,"date":"2025-06-24T16:10:20","date_gmt":"2025-06-24T16:10:20","guid":{"rendered":"https:\/\/e.kosmolat.eu\/product\/acu-grima-trafarets11-7x6x1-5cm-4295\/"},"modified":"2025-09-20T08:25:53","modified_gmt":"2025-09-20T08:25:53","slug":"acu-grima-trafarets11-7x6x1-5cm-4295","status":"publish","type":"product","link":"https:\/\/e.kosmolat.eu\/lv\/product\/acu-grima-trafarets11-7x6x1-5cm-4295\/","title":{"rendered":"Acu grima trafarets,11.7x6x1.5cm, 4295"},"content":{"rendered":"<p>Izveidojiet perfektu acu kont\u016bru! Atkl\u0101jiet daudzfunkcion\u0101lu grima trafaretu, kas pal\u012bdz\u0113s viegli un prec\u012bzi uzkl\u0101t dekorat\u012bvo kosm\u0113tiku. Piem\u0113rots gan ies\u0101c\u0113jiem, gan profesion\u0101liem viz\u0101\u017eistiem. Izgatavots no pat\u012bkama silikona, kuru ir viegli not\u012br\u012bt.<\/p>\n","protected":false},"excerpt":{"rendered":"<p>Izveidojiet perfektu acu kont\u016bru! Atkl\u0101jiet daudzfunkcion\u0101lu grima trafaretu, kas pal\u012bdz\u0113s viegli un prec\u012bzi uzkl\u0101t dekorat\u012bvo kosm\u0113tiku. Piem\u0113rots gan ies\u0101c\u0113jiem, gan profesion\u0101liem viz\u0101\u017eistiem. Izgatavots no pat\u012bkama silikona, kuru ir viegli not\u012br\u012bt.<\/p>\n","protected":false},"featured_media":95842,"template":"","meta":[],"product_cat":[1552],"product_tag":[],"class_list":{"0":"post-71734","1":"product","2":"type-product","3":"status-publish","4":"has-post-thumbnail","6":"product_brand-donegal-sp-zo-o-_pl","7":"product_cat-istrumenti-un-sikumi","9":"first","10":"outofstock","11":"taxable","12":"shipping-taxable","13":"product-type-simple"},"_links":{"self":[{"href":"https:\/\/e.kosmolat.eu\/lv\/wp-json\/wp\/v2\/product\/71734","targetHints":{"allow":["GET"]}}],"collection":[{"href":"https:\/\/e.kosmolat.eu\/lv\/wp-json\/wp\/v2\/product"}],"about":[{"href":"https:\/\/e.kosmolat.eu\/lv\/wp-json\/wp\/v2\/types\/product"}],"wp:featuredmedia":[{"embeddable":true,"href":"https:\/\/e.kosmolat.eu\/lv\/wp-json\/wp\/v2\/media\/95842"}],"wp:attachment":[{"href":"https:\/\/e.kosmolat.eu\/lv\/wp-json\/wp\/v2\/media?parent=71734"}],"wp:term":[{"taxonomy":"product_cat","embeddable":true,"href":"https:\/\/e.kosmolat.eu\/lv\/wp-json\/wp\/v2\/product_cat?post=71734"},{"taxonomy":"product_tag","embeddable":true,"href":"https:\/\/e.kosmolat.eu\/lv\/wp-json\/wp\/v2\/product_tag?post=71734"}],"curies":[{"name":"wp","href":"https:\/\/api.w.org\/{rel}","templated":true}]}}