{"id":71726,"date":"2025-06-24T16:08:46","date_gmt":"2025-06-24T16:08:46","guid":{"rendered":"https:\/\/e.kosmolat.eu\/product\/acu-enu-aplikatoru-komplekts-4123\/"},"modified":"2025-09-20T08:22:15","modified_gmt":"2025-09-20T08:22:15","slug":"acu-enu-aplikatoru-komplekts-4123","status":"publish","type":"product","link":"https:\/\/e.kosmolat.eu\/lv\/product\/acu-enu-aplikatoru-komplekts-4123\/","title":{"rendered":"Acu \u0113nu aplikatoru komplekts 4123"},"content":{"rendered":"<p>Divpus\u0113ju lateksa acu \u0113nu aplikatoru komplekts, kas nodro\u0161ina to prec\u012bzu uzkl\u0101\u0161anu uz acu plaksti\u0146a.<\/p>\n","protected":false},"excerpt":{"rendered":"<p>Divpus\u0113ju lateksa acu \u0113nu aplikatoru komplekts, kas nodro\u0161ina to prec\u012bzu uzkl\u0101\u0161anu uz acu plaksti\u0146a.<\/p>\n","protected":false},"featured_media":95758,"template":"","meta":[],"product_cat":[1549],"product_tag":[],"class_list":{"0":"post-71726","1":"product","2":"type-product","3":"status-publish","4":"has-post-thumbnail","6":"product_brand-donegal-sp-zo-o-_pl","7":"product_cat-sponzi-un-aplikatori","9":"first","10":"outofstock","11":"taxable","12":"shipping-taxable","13":"product-type-simple"},"_links":{"self":[{"href":"https:\/\/e.kosmolat.eu\/lv\/wp-json\/wp\/v2\/product\/71726","targetHints":{"allow":["GET"]}}],"collection":[{"href":"https:\/\/e.kosmolat.eu\/lv\/wp-json\/wp\/v2\/product"}],"about":[{"href":"https:\/\/e.kosmolat.eu\/lv\/wp-json\/wp\/v2\/types\/product"}],"wp:featuredmedia":[{"embeddable":true,"href":"https:\/\/e.kosmolat.eu\/lv\/wp-json\/wp\/v2\/media\/95758"}],"wp:attachment":[{"href":"https:\/\/e.kosmolat.eu\/lv\/wp-json\/wp\/v2\/media?parent=71726"}],"wp:term":[{"taxonomy":"product_cat","embeddable":true,"href":"https:\/\/e.kosmolat.eu\/lv\/wp-json\/wp\/v2\/product_cat?post=71726"},{"taxonomy":"product_tag","embeddable":true,"href":"https:\/\/e.kosmolat.eu\/lv\/wp-json\/wp\/v2\/product_tag?post=71726"}],"curies":[{"name":"wp","href":"https:\/\/api.w.org\/{rel}","templated":true}]}}