{"id":71718,"date":"2025-06-24T16:07:59","date_gmt":"2025-06-24T16:07:59","guid":{"rendered":"https:\/\/e.kosmolat.eu\/product\/blooming-konturesanas-ota-4289\/"},"modified":"2025-09-20T08:22:06","modified_gmt":"2025-09-20T08:22:06","slug":"blooming-konturesanas-ota-4289","status":"publish","type":"product","link":"https:\/\/e.kosmolat.eu\/lv\/product\/blooming-konturesanas-ota-4289\/","title":{"rendered":"Blooming Kontur\u0113\u0161anas ota 4289"},"content":{"rendered":"<p>Sl\u012bpa kontur\u0113\u0161anas ota \u013cauj uzkl\u0101t gan mitras, gan sausas tekst\u016bras, piem\u0113ram, bronzeri, vaigu s\u0101rtumu un izgaismot\u0101ju. Speci\u0101li profil\u0113tie sari\u0146i nodro\u0161ina ide\u0101lu produkta uzkl\u0101\u0161anu un prec\u012bzu sapludin\u0101\u0161anu.<\/p>\n","protected":false},"excerpt":{"rendered":"<p>Sl\u012bpa kontur\u0113\u0161anas ota \u013cauj uzkl\u0101t gan mitras, gan sausas tekst\u016bras, piem\u0113ram, bronzeri, vaigu s\u0101rtumu un izgaismot\u0101ju. Speci\u0101li profil\u0113tie sari\u0146i nodro\u0161ina ide\u0101lu produkta uzkl\u0101\u0161anu un prec\u012bzu sapludin\u0101\u0161anu.<\/p>\n","protected":false},"featured_media":95754,"template":"","meta":[],"product_cat":[1818],"product_tag":[],"class_list":{"0":"post-71718","1":"product","2":"type-product","3":"status-publish","4":"has-post-thumbnail","6":"product_brand-donegal-sp-zo-o-_pl","7":"product_cat-kosmetikas-aksesuari","9":"first","10":"outofstock","11":"taxable","12":"shipping-taxable","13":"product-type-simple"},"_links":{"self":[{"href":"https:\/\/e.kosmolat.eu\/lv\/wp-json\/wp\/v2\/product\/71718","targetHints":{"allow":["GET"]}}],"collection":[{"href":"https:\/\/e.kosmolat.eu\/lv\/wp-json\/wp\/v2\/product"}],"about":[{"href":"https:\/\/e.kosmolat.eu\/lv\/wp-json\/wp\/v2\/types\/product"}],"wp:featuredmedia":[{"embeddable":true,"href":"https:\/\/e.kosmolat.eu\/lv\/wp-json\/wp\/v2\/media\/95754"}],"wp:attachment":[{"href":"https:\/\/e.kosmolat.eu\/lv\/wp-json\/wp\/v2\/media?parent=71718"}],"wp:term":[{"taxonomy":"product_cat","embeddable":true,"href":"https:\/\/e.kosmolat.eu\/lv\/wp-json\/wp\/v2\/product_cat?post=71718"},{"taxonomy":"product_tag","embeddable":true,"href":"https:\/\/e.kosmolat.eu\/lv\/wp-json\/wp\/v2\/product_tag?post=71718"}],"curies":[{"name":"wp","href":"https:\/\/api.w.org\/{rel}","templated":true}]}}