{"id":71710,"date":"2025-06-24T16:07:47","date_gmt":"2025-06-24T16:07:47","guid":{"rendered":"https:\/\/e.kosmolat.eu\/product\/blooming-otu-kompl-4283-uzacu-ota-un-ota-preciz-acu-enu-uzkl\/"},"modified":"2025-09-20T08:21:55","modified_gmt":"2025-09-20T08:21:55","slug":"blooming-otu-kompl-4283-uzacu-ota-un-ota-preciz-acu-enu-uzkl","status":"publish","type":"product","link":"https:\/\/e.kosmolat.eu\/lv\/product\/blooming-otu-kompl-4283-uzacu-ota-un-ota-preciz-acu-enu-uzkl\/","title":{"rendered":"Blooming otu kompl. 4283 (uzacu ota un ota prec\u012bz. acu \u0113nu uzkl.)"},"content":{"rendered":"<p>Uzacu un acu \u0113nu otu komplekts \u013cauj izveidot ide\u0101lu acu grimu. Sl\u012bpi un profil\u0113ti sari\u0146i nodro\u0161ina vieglu uzacu model\u0113\u0161anu un prec\u012bzu acu \u0113nu uzkl\u0101\u0161anu.<\/p>\n","protected":false},"excerpt":{"rendered":"<p>Uzacu un acu \u0113nu otu komplekts \u013cauj izveidot ide\u0101lu acu grimu. Sl\u012bpi un profil\u0113ti sari\u0146i nodro\u0161ina vieglu uzacu model\u0113\u0161anu un prec\u012bzu acu \u0113nu uzkl\u0101\u0161anu.<\/p>\n","protected":false},"featured_media":95750,"template":"","meta":[],"product_cat":[1546],"product_tag":[],"class_list":{"0":"post-71710","1":"product","2":"type-product","3":"status-publish","4":"has-post-thumbnail","6":"product_brand-donegal-sp-zo-o-_pl","7":"product_cat-otinas","9":"first","10":"outofstock","11":"taxable","12":"shipping-taxable","13":"product-type-simple"},"_links":{"self":[{"href":"https:\/\/e.kosmolat.eu\/lv\/wp-json\/wp\/v2\/product\/71710","targetHints":{"allow":["GET"]}}],"collection":[{"href":"https:\/\/e.kosmolat.eu\/lv\/wp-json\/wp\/v2\/product"}],"about":[{"href":"https:\/\/e.kosmolat.eu\/lv\/wp-json\/wp\/v2\/types\/product"}],"wp:featuredmedia":[{"embeddable":true,"href":"https:\/\/e.kosmolat.eu\/lv\/wp-json\/wp\/v2\/media\/95750"}],"wp:attachment":[{"href":"https:\/\/e.kosmolat.eu\/lv\/wp-json\/wp\/v2\/media?parent=71710"}],"wp:term":[{"taxonomy":"product_cat","embeddable":true,"href":"https:\/\/e.kosmolat.eu\/lv\/wp-json\/wp\/v2\/product_cat?post=71710"},{"taxonomy":"product_tag","embeddable":true,"href":"https:\/\/e.kosmolat.eu\/lv\/wp-json\/wp\/v2\/product_tag?post=71710"}],"curies":[{"name":"wp","href":"https:\/\/api.w.org\/{rel}","templated":true}]}}