{"id":71702,"date":"2025-06-24T16:07:33","date_gmt":"2025-06-24T16:07:33","guid":{"rendered":"https:\/\/e.kosmolat.eu\/product\/blooming-acu-grima-otu-kompl-4282-ota-enu-sapludin-un-ota-enu-uzkl\/"},"modified":"2025-09-20T08:21:43","modified_gmt":"2025-09-20T08:21:43","slug":"blooming-acu-grima-otu-kompl-4282-ota-enu-sapludin-un-ota-enu-uzkl","status":"publish","type":"product","link":"https:\/\/e.kosmolat.eu\/lv\/product\/blooming-acu-grima-otu-kompl-4282-ota-enu-sapludin-un-ota-enu-uzkl\/","title":{"rendered":"Blooming Acu grima otu kompl. 4282 (ota \u0113nu sapludin. un ota \u0113nu uzkl.)"},"content":{"rendered":"<p>Acu grima otu komplekts \u013cauj prec\u012bzi uzkl\u0101t \u0113nas plaksti\u0146a ielok\u0101, k\u0101 ar\u012b vienm\u0113r\u012bgi t\u0101s izpludin\u0101t.<\/p>\n","protected":false},"excerpt":{"rendered":"<p>Acu grima otu komplekts \u013cauj prec\u012bzi uzkl\u0101t \u0113nas plaksti\u0146a ielok\u0101, k\u0101 ar\u012b vienm\u0113r\u012bgi t\u0101s izpludin\u0101t.<\/p>\n","protected":false},"featured_media":95746,"template":"","meta":[],"product_cat":[1818],"product_tag":[],"class_list":{"0":"post-71702","1":"product","2":"type-product","3":"status-publish","4":"has-post-thumbnail","6":"product_brand-donegal-sp-zo-o-_pl","7":"product_cat-kosmetikas-aksesuari","9":"first","10":"outofstock","11":"taxable","12":"shipping-taxable","13":"product-type-simple"},"_links":{"self":[{"href":"https:\/\/e.kosmolat.eu\/lv\/wp-json\/wp\/v2\/product\/71702","targetHints":{"allow":["GET"]}}],"collection":[{"href":"https:\/\/e.kosmolat.eu\/lv\/wp-json\/wp\/v2\/product"}],"about":[{"href":"https:\/\/e.kosmolat.eu\/lv\/wp-json\/wp\/v2\/types\/product"}],"wp:featuredmedia":[{"embeddable":true,"href":"https:\/\/e.kosmolat.eu\/lv\/wp-json\/wp\/v2\/media\/95746"}],"wp:attachment":[{"href":"https:\/\/e.kosmolat.eu\/lv\/wp-json\/wp\/v2\/media?parent=71702"}],"wp:term":[{"taxonomy":"product_cat","embeddable":true,"href":"https:\/\/e.kosmolat.eu\/lv\/wp-json\/wp\/v2\/product_cat?post=71702"},{"taxonomy":"product_tag","embeddable":true,"href":"https:\/\/e.kosmolat.eu\/lv\/wp-json\/wp\/v2\/product_tag?post=71702"}],"curies":[{"name":"wp","href":"https:\/\/api.w.org\/{rel}","templated":true}]}}