{"id":71694,"date":"2025-06-24T16:07:18","date_gmt":"2025-06-24T16:07:18","guid":{"rendered":"https:\/\/e.kosmolat.eu\/product\/blooming-vaigu-sartuma-ota-4281\/"},"modified":"2025-09-20T08:21:29","modified_gmt":"2025-09-20T08:21:29","slug":"blooming-vaigu-sartuma-ota-4281","status":"publish","type":"product","link":"https:\/\/e.kosmolat.eu\/lv\/product\/blooming-vaigu-sartuma-ota-4281\/","title":{"rendered":"Blooming Vaigu s\u0101rtuma ota 4281"},"content":{"rendered":"<p>Ota vaigu s\u0101rtuma un izgaismot\u0101ja uzkl\u0101\u0161anai ar prec\u012bzu, sl\u012bpu formu. M\u012bkstie sari\u0146i \u013cauj efekt\u012bvi izcelt vaigu kaulus, pie\u0161\u0137irot tiem dabisku mirdzumu.<\/p>\n","protected":false},"excerpt":{"rendered":"<p>Ota vaigu s\u0101rtuma un izgaismot\u0101ja uzkl\u0101\u0161anai ar prec\u012bzu, sl\u012bpu formu. M\u012bkstie sari\u0146i \u013cauj efekt\u012bvi izcelt vaigu kaulus, pie\u0161\u0137irot tiem dabisku mirdzumu.<\/p>\n","protected":false},"featured_media":95742,"template":"","meta":[],"product_cat":[1546],"product_tag":[],"class_list":{"0":"post-71694","1":"product","2":"type-product","3":"status-publish","4":"has-post-thumbnail","6":"product_brand-donegal-sp-zo-o-_pl","7":"product_cat-otinas","9":"first","10":"outofstock","11":"taxable","12":"shipping-taxable","13":"product-type-simple"},"_links":{"self":[{"href":"https:\/\/e.kosmolat.eu\/lv\/wp-json\/wp\/v2\/product\/71694","targetHints":{"allow":["GET"]}}],"collection":[{"href":"https:\/\/e.kosmolat.eu\/lv\/wp-json\/wp\/v2\/product"}],"about":[{"href":"https:\/\/e.kosmolat.eu\/lv\/wp-json\/wp\/v2\/types\/product"}],"wp:featuredmedia":[{"embeddable":true,"href":"https:\/\/e.kosmolat.eu\/lv\/wp-json\/wp\/v2\/media\/95742"}],"wp:attachment":[{"href":"https:\/\/e.kosmolat.eu\/lv\/wp-json\/wp\/v2\/media?parent=71694"}],"wp:term":[{"taxonomy":"product_cat","embeddable":true,"href":"https:\/\/e.kosmolat.eu\/lv\/wp-json\/wp\/v2\/product_cat?post=71694"},{"taxonomy":"product_tag","embeddable":true,"href":"https:\/\/e.kosmolat.eu\/lv\/wp-json\/wp\/v2\/product_tag?post=71694"}],"curies":[{"name":"wp","href":"https:\/\/api.w.org\/{rel}","templated":true}]}}