{"id":71686,"date":"2025-06-24T16:07:04","date_gmt":"2025-06-24T16:07:04","guid":{"rendered":"https:\/\/e.kosmolat.eu\/product\/blooming-pudera-ota-4280\/"},"modified":"2026-04-17T06:34:07","modified_gmt":"2026-04-17T06:34:07","slug":"blooming-pudera-ota-4280","status":"publish","type":"product","link":"https:\/\/e.kosmolat.eu\/lv\/product\/blooming-pudera-ota-4280\/","title":{"rendered":"Blooming P\u016bdera ota 4280"},"content":{"rendered":"<p>Ota, kas paredz\u0113ta birsto\u0161a un pres\u0113ta p\u016bdera uzkl\u0101\u0161anai. Plat\u0101 forma un prec\u012bzi izveidotie sari\u0146i nodro\u0161ina \u0113rtu produkta uzkl\u0101\u0161anu uz sejas, kakla, dekolt\u0113 zonas un rok\u0101m.<\/p>\n","protected":false},"excerpt":{"rendered":"<p>Ota, kas paredz\u0113ta birsto\u0161a un pres\u0113ta p\u016bdera uzkl\u0101\u0161anai. Plat\u0101 forma un prec\u012bzi izveidotie sari\u0146i nodro\u0161ina \u0113rtu produkta uzkl\u0101\u0161anu uz sejas, kakla, dekolt\u0113 zonas un rok\u0101m.<\/p>\n","protected":false},"featured_media":95738,"template":"","meta":[],"product_cat":[2182],"product_tag":[],"class_list":{"0":"post-71686","1":"product","2":"type-product","3":"status-publish","4":"has-post-thumbnail","6":"product_brand-donegal-sp-zo-o-_pl","7":"product_cat-bez-kategorijas-ru","9":"first","10":"instock","11":"taxable","12":"shipping-taxable","13":"product-type-simple"},"_links":{"self":[{"href":"https:\/\/e.kosmolat.eu\/lv\/wp-json\/wp\/v2\/product\/71686","targetHints":{"allow":["GET"]}}],"collection":[{"href":"https:\/\/e.kosmolat.eu\/lv\/wp-json\/wp\/v2\/product"}],"about":[{"href":"https:\/\/e.kosmolat.eu\/lv\/wp-json\/wp\/v2\/types\/product"}],"wp:featuredmedia":[{"embeddable":true,"href":"https:\/\/e.kosmolat.eu\/lv\/wp-json\/wp\/v2\/media\/95738"}],"wp:attachment":[{"href":"https:\/\/e.kosmolat.eu\/lv\/wp-json\/wp\/v2\/media?parent=71686"}],"wp:term":[{"taxonomy":"product_cat","embeddable":true,"href":"https:\/\/e.kosmolat.eu\/lv\/wp-json\/wp\/v2\/product_cat?post=71686"},{"taxonomy":"product_tag","embeddable":true,"href":"https:\/\/e.kosmolat.eu\/lv\/wp-json\/wp\/v2\/product_tag?post=71686"}],"curies":[{"name":"wp","href":"https:\/\/api.w.org\/{rel}","templated":true}]}}