{"id":71678,"date":"2025-06-24T16:06:18","date_gmt":"2025-06-24T16:06:18","guid":{"rendered":"https:\/\/e.kosmolat.eu\/product\/matu-kemme-skpsnu-krasosanai-1517\/"},"modified":"2026-05-11T17:05:46","modified_gmt":"2026-05-11T17:05:46","slug":"matu-kemme-skpsnu-krasosanai-1517","status":"publish","type":"product","link":"https:\/\/e.kosmolat.eu\/lv\/product\/matu-kemme-skpsnu-krasosanai-1517\/","title":{"rendered":"Matu \u0137emme \u0161\u0137psnu kr\u0101so\u0161anai 1517"},"content":{"rendered":"","protected":false},"excerpt":{"rendered":"","protected":false},"featured_media":95734,"template":"","meta":[],"product_cat":[1668],"product_tag":[],"class_list":{"0":"post-71678","1":"product","2":"type-product","3":"status-publish","4":"has-post-thumbnail","6":"product_brand-donegal-sp-zo-o-_pl","7":"product_cat-1668","9":"first","10":"instock","11":"taxable","12":"shipping-taxable","13":"product-type-simple"},"_links":{"self":[{"href":"https:\/\/e.kosmolat.eu\/lv\/wp-json\/wp\/v2\/product\/71678","targetHints":{"allow":["GET"]}}],"collection":[{"href":"https:\/\/e.kosmolat.eu\/lv\/wp-json\/wp\/v2\/product"}],"about":[{"href":"https:\/\/e.kosmolat.eu\/lv\/wp-json\/wp\/v2\/types\/product"}],"wp:featuredmedia":[{"embeddable":true,"href":"https:\/\/e.kosmolat.eu\/lv\/wp-json\/wp\/v2\/media\/95734"}],"wp:attachment":[{"href":"https:\/\/e.kosmolat.eu\/lv\/wp-json\/wp\/v2\/media?parent=71678"}],"wp:term":[{"taxonomy":"product_cat","embeddable":true,"href":"https:\/\/e.kosmolat.eu\/lv\/wp-json\/wp\/v2\/product_cat?post=71678"},{"taxonomy":"product_tag","embeddable":true,"href":"https:\/\/e.kosmolat.eu\/lv\/wp-json\/wp\/v2\/product_tag?post=71678"}],"curies":[{"name":"wp","href":"https:\/\/api.w.org\/{rel}","templated":true}]}}