{"id":71670,"date":"2025-06-24T16:05:43","date_gmt":"2025-06-24T16:05:43","guid":{"rendered":"https:\/\/e.kosmolat.eu\/product\/galvas-adas-masazas-kemme-1259\/"},"modified":"2026-04-21T06:50:56","modified_gmt":"2026-04-21T06:50:56","slug":"galvas-adas-masazas-kemme-1259","status":"publish","type":"product","link":"https:\/\/e.kosmolat.eu\/lv\/product\/galvas-adas-masazas-kemme-1259\/","title":{"rendered":"Galvas \u0101das mas\u0101\u017eas \u0137emme 1259"},"content":{"rendered":"<p>Inovat\u012bva \u0137emme matu \u0137emm\u0113\u0161anai un galvas \u0101das mas\u0101\u017eai. Apr\u012bkota ar da\u017e\u0101da garuma neilona sari\u0146iem: \u012bs\u0101kie maigi mas\u0113 galvas \u0101du, bet gar\u0101kie att\u012bra to.<\/p>\n","protected":false},"excerpt":{"rendered":"<p>Inovat\u012bva \u0137emme matu \u0137emm\u0113\u0161anai un galvas \u0101das mas\u0101\u017eai. Apr\u012bkota ar da\u017e\u0101da garuma neilona sari\u0146iem: \u012bs\u0101kie maigi mas\u0113 galvas \u0101du, bet gar\u0101kie att\u012bra to.<\/p>\n","protected":false},"featured_media":95730,"template":"","meta":[],"product_cat":[2181],"product_tag":[],"class_list":{"0":"post-71670","1":"product","2":"type-product","3":"status-publish","4":"has-post-thumbnail","6":"product_brand-donegal-sp-zo-o-_pl","7":"product_cat-bez-kategorijas-lt","9":"first","10":"instock","11":"taxable","12":"shipping-taxable","13":"product-type-simple"},"_links":{"self":[{"href":"https:\/\/e.kosmolat.eu\/lv\/wp-json\/wp\/v2\/product\/71670","targetHints":{"allow":["GET"]}}],"collection":[{"href":"https:\/\/e.kosmolat.eu\/lv\/wp-json\/wp\/v2\/product"}],"about":[{"href":"https:\/\/e.kosmolat.eu\/lv\/wp-json\/wp\/v2\/types\/product"}],"wp:featuredmedia":[{"embeddable":true,"href":"https:\/\/e.kosmolat.eu\/lv\/wp-json\/wp\/v2\/media\/95730"}],"wp:attachment":[{"href":"https:\/\/e.kosmolat.eu\/lv\/wp-json\/wp\/v2\/media?parent=71670"}],"wp:term":[{"taxonomy":"product_cat","embeddable":true,"href":"https:\/\/e.kosmolat.eu\/lv\/wp-json\/wp\/v2\/product_cat?post=71670"},{"taxonomy":"product_tag","embeddable":true,"href":"https:\/\/e.kosmolat.eu\/lv\/wp-json\/wp\/v2\/product_tag?post=71670"}],"curies":[{"name":"wp","href":"https:\/\/api.w.org\/{rel}","templated":true}]}}