{"id":71662,"date":"2025-06-24T16:03:46","date_gmt":"2025-06-24T16:03:46","guid":{"rendered":"https:\/\/e.kosmolat.eu\/product\/pomorin-anti-parodontit-formula-zobu-pasta-100-ml\/"},"modified":"2026-04-02T05:40:50","modified_gmt":"2026-04-02T05:40:50","slug":"pomorin-anti-parodontit-formula-zobu-pasta-100-ml","status":"publish","type":"product","link":"https:\/\/e.kosmolat.eu\/lv\/product\/pomorin-anti-parodontit-formula-zobu-pasta-100-ml\/","title":{"rendered":"Pomorin Anti-Parodontit Formula Zobu pasta, 100 ml"},"content":{"rendered":"<p>Regul\u0101ra Pomorin Anti-Parodontit Formula lieto\u0161ana veicina siekalu izdal\u012b\u0161anos un dabiski att\u012bra mutes dobumu. Satur j\u016bras s\u0101li.<\/p>\n<p>Lieto\u0161ana: lai nodro\u0161in\u0101tu zobu un smaganu vesel\u012bbu, zobu pastu lietot regul\u0101ri, vismaz divas reizes dien\u0101, t\u012brot 2-3 min\u016btes ar atbilsto\u0161u zobu birsti. L\u012bdzeklis piem\u0113rots pieaugu\u0161ajiem un b\u0113rniem, kas vec\u0101ki par 7 gadiem. Piem\u0113rots veg\u0101niem.<\/p>\n<p>Uzglab\u0101t saus\u0101 viet\u0101 temperat\u016br\u0101 no +5\u00b0C l\u012bdz +25\u00b0C.<\/p>\n","protected":false},"excerpt":{"rendered":"<p>Regul\u0101ra Pomorin Anti-Parodontit Formula lieto\u0161ana veicina siekalu izdal\u012b\u0161anos un dabiski att\u012bra mutes dobumu. Satur j\u016bras s\u0101li. Lieto\u0161ana: lai nodro\u0161in\u0101tu zobu un smaganu vesel\u012bbu, zobu pastu lietot regul\u0101ri, vismaz divas reizes dien\u0101, t\u012brot 2-3 min\u016btes ar atbilsto\u0161u zobu birsti. L\u012bdzeklis piem\u0113rots pieaugu\u0161ajiem un b\u0113rniem, kas vec\u0101ki par 7 gadiem. Piem\u0113rots veg\u0101niem. Uzglab\u0101t saus\u0101 viet\u0101 temperat\u016br\u0101 no [&#8230;]\n","protected":false},"featured_media":95726,"template":"","meta":[],"product_cat":[1999],"product_tag":[],"class_list":{"0":"post-71662","1":"product","2":"type-product","3":"status-publish","4":"has-post-thumbnail","6":"product_brand-danhson_bg","7":"product_cat-bez-kategorijas","9":"first","10":"instock","11":"taxable","12":"shipping-taxable","13":"product-type-simple"},"_links":{"self":[{"href":"https:\/\/e.kosmolat.eu\/lv\/wp-json\/wp\/v2\/product\/71662","targetHints":{"allow":["GET"]}}],"collection":[{"href":"https:\/\/e.kosmolat.eu\/lv\/wp-json\/wp\/v2\/product"}],"about":[{"href":"https:\/\/e.kosmolat.eu\/lv\/wp-json\/wp\/v2\/types\/product"}],"wp:featuredmedia":[{"embeddable":true,"href":"https:\/\/e.kosmolat.eu\/lv\/wp-json\/wp\/v2\/media\/95726"}],"wp:attachment":[{"href":"https:\/\/e.kosmolat.eu\/lv\/wp-json\/wp\/v2\/media?parent=71662"}],"wp:term":[{"taxonomy":"product_cat","embeddable":true,"href":"https:\/\/e.kosmolat.eu\/lv\/wp-json\/wp\/v2\/product_cat?post=71662"},{"taxonomy":"product_tag","embeddable":true,"href":"https:\/\/e.kosmolat.eu\/lv\/wp-json\/wp\/v2\/product_tag?post=71662"}],"curies":[{"name":"wp","href":"https:\/\/api.w.org\/{rel}","templated":true}]}}