{"id":71643,"date":"2025-06-19T04:06:44","date_gmt":"2025-06-19T04:06:44","guid":{"rendered":"https:\/\/e.kosmolat.eu\/product\/evoluderm-secret-dargile-attir-samp-taukain-matiem-400-ml\/"},"modified":"2026-04-23T05:55:20","modified_gmt":"2026-04-23T05:55:20","slug":"evoluderm-secret-dargile-attir-samp-taukain-matiem-400-ml","status":"publish","type":"product","link":"https:\/\/e.kosmolat.eu\/lv\/product\/evoluderm-secret-dargile-attir-samp-taukain-matiem-400-ml\/","title":{"rendered":"EVOLUDERM Secret D&#8217;Argile Att\u012br. \u0161amp. taukain. matiem, 400 ml"},"content":{"rendered":"<p>\u0160amp\u016bns EVOLUDERM Secret D\u2019Argile apvieno balto m\u0101lu un n\u0101tres ekstrakta att\u012bro\u0161\u0101s un absorb\u0113jo\u0161\u0101s \u012bpa\u0161\u012bbas. T\u0101 formula pal\u012bdz regul\u0113t lieko sebuma izdal\u012b\u0161anos taukainiem matiem vai matiem, kuriem nepiecie\u0161ama bie\u017ea mazg\u0101\u0161ana. \u0160amp\u016bns dzi\u013ci att\u012bra matu saknes, nekairinot galvas \u0101du, un sniedz svaiguma un komforta saj\u016btu.<\/p>\n<p>Rezult\u0101ts: mati ir att\u012br\u012bti, tie ieg\u016bst apjomu un vieglumu.<\/p>\n<p>Lieto\u0161ana: uzkl\u0101jiet \u0161amp\u016bnu uz mitriem matiem, iemas\u0113jiet un r\u016bp\u012bgi izskalojiet.<\/p>\n<p>Piesardz\u012bbas pas\u0101kumi: Ja nok\u013c\u016bst ac\u012bs, nekav\u0113joties izskalot t\u0101s ar lielu daudzumu \u016bdens.<\/p>\n<p>Dermatolo\u0123iski p\u0101rbaud\u012bts.<\/p>\n","protected":false},"excerpt":{"rendered":"<p>\u0160amp\u016bns EVOLUDERM Secret D\u2019Argile apvieno balto m\u0101lu un n\u0101tres ekstrakta att\u012bro\u0161\u0101s un absorb\u0113jo\u0161\u0101s \u012bpa\u0161\u012bbas. T\u0101 formula pal\u012bdz regul\u0113t lieko sebuma izdal\u012b\u0161anos taukainiem matiem vai matiem, kuriem nepiecie\u0161ama bie\u017ea mazg\u0101\u0161ana. \u0160amp\u016bns dzi\u013ci att\u012bra matu saknes, nekairinot galvas \u0101du, un sniedz svaiguma un komforta saj\u016btu. Rezult\u0101ts: mati ir att\u012br\u012bti, tie ieg\u016bst apjomu un vieglumu. Lieto\u0161ana: uzkl\u0101jiet \u0161amp\u016bnu [&#8230;]\n","protected":false},"featured_media":94310,"template":"","meta":[],"product_cat":[1248],"product_tag":[],"class_list":{"0":"post-71643","1":"product","2":"type-product","3":"status-publish","4":"has-post-thumbnail","6":"product_brand-evoluderm","7":"product_cat-sampuni","9":"first","10":"outofstock","11":"taxable","12":"shipping-taxable","13":"product-type-simple"},"_links":{"self":[{"href":"https:\/\/e.kosmolat.eu\/lv\/wp-json\/wp\/v2\/product\/71643","targetHints":{"allow":["GET"]}}],"collection":[{"href":"https:\/\/e.kosmolat.eu\/lv\/wp-json\/wp\/v2\/product"}],"about":[{"href":"https:\/\/e.kosmolat.eu\/lv\/wp-json\/wp\/v2\/types\/product"}],"wp:featuredmedia":[{"embeddable":true,"href":"https:\/\/e.kosmolat.eu\/lv\/wp-json\/wp\/v2\/media\/94310"}],"wp:attachment":[{"href":"https:\/\/e.kosmolat.eu\/lv\/wp-json\/wp\/v2\/media?parent=71643"}],"wp:term":[{"taxonomy":"product_cat","embeddable":true,"href":"https:\/\/e.kosmolat.eu\/lv\/wp-json\/wp\/v2\/product_cat?post=71643"},{"taxonomy":"product_tag","embeddable":true,"href":"https:\/\/e.kosmolat.eu\/lv\/wp-json\/wp\/v2\/product_tag?post=71643"}],"curies":[{"name":"wp","href":"https:\/\/api.w.org\/{rel}","templated":true}]}}