{"id":71635,"date":"2025-06-19T04:06:05","date_gmt":"2025-06-19T04:06:05","guid":{"rendered":"https:\/\/e.kosmolat.eu\/product\/evoluderm-micelarais-udens-ar-c-vit-blavai-ad-kurai-trukst-mirdz-250-ml\/"},"modified":"2025-09-20T07:00:30","modified_gmt":"2025-09-20T07:00:30","slug":"evoluderm-micelarais-udens-ar-c-vit-blavai-ad-kurai-trukst-mirdz-250-ml","status":"publish","type":"product","link":"https:\/\/e.kosmolat.eu\/lv\/product\/evoluderm-micelarais-udens-ar-c-vit-blavai-ad-kurai-trukst-mirdz-250-ml\/","title":{"rendered":"EVOLUDERM Micel\u0101rais \u016bdens ar C vit. bl\u0101vai \u0101d., kurai tr\u016bkst mirdz., 250 ml"},"content":{"rendered":"<p>Micel\u0101rais \u016bdens ar C vitam\u012bnu pie\u0161\u0137ir \u0101dai dabisku mirdzumu, atsvaidzinot t\u0101s izskatu. T\u0101 formula ir bag\u0101tin\u0101ta ar C vitam\u012bnu, kas paz\u012bstams ar sav\u0101m antioksidanta \u012bpa\u0161\u012bb\u0101m un sp\u0113ju atjaunot \u0101das mirdzumu un toniz\u0113t to. Micellas efekt\u012bvi no\u0146em dekorat\u012bvo kosm\u0113tiku un saudz\u012bgi att\u012bra sejas, acu un l\u016bpu \u0101du jau p\u0113c pirm\u0101s lieto\u0161anas reizes. Nesatur alkoholu.<\/p>\n<p>Rezult\u0101ts: \u0101da ir t\u012bra, un sejas tonis k\u013c\u016bst vienm\u0113r\u012bg\u0101ks.<\/p>\n<p>Lieto\u0161ana: uzkl\u0101jiet l\u012bdzekli uz vates diska un not\u012briet \u0101du. Nav nepiecie\u0161ams noskalot.<\/p>\n<p>Piesardz\u012bbas pas\u0101kumi: Ja nok\u013c\u016bst ac\u012bs, nekav\u0113joties izskalot t\u0101s ar lielu daudzumu \u016bdens.<\/p>\n<p>Dermatolo\u0123iski p\u0101rbaud\u012bts.<\/p>\n","protected":false},"excerpt":{"rendered":"<p>Micel\u0101rais \u016bdens ar C vitam\u012bnu pie\u0161\u0137ir \u0101dai dabisku mirdzumu, atsvaidzinot t\u0101s izskatu. T\u0101 formula ir bag\u0101tin\u0101ta ar C vitam\u012bnu, kas paz\u012bstams ar sav\u0101m antioksidanta \u012bpa\u0161\u012bb\u0101m un sp\u0113ju atjaunot \u0101das mirdzumu un toniz\u0113t to. Micellas efekt\u012bvi no\u0146em dekorat\u012bvo kosm\u0113tiku un saudz\u012bgi att\u012bra sejas, acu un l\u016bpu \u0101du jau p\u0113c pirm\u0101s lieto\u0161anas reizes. Nesatur alkoholu. Rezult\u0101ts: \u0101da [&#8230;]\n","protected":false},"featured_media":94358,"template":"","meta":[],"product_cat":[1568],"product_tag":[],"class_list":{"0":"post-71635","1":"product","2":"type-product","3":"status-publish","4":"has-post-thumbnail","6":"product_brand-evoluderm","7":"product_cat-micelarais-udens","9":"first","10":"outofstock","11":"taxable","12":"shipping-taxable","13":"product-type-simple"},"_links":{"self":[{"href":"https:\/\/e.kosmolat.eu\/lv\/wp-json\/wp\/v2\/product\/71635","targetHints":{"allow":["GET"]}}],"collection":[{"href":"https:\/\/e.kosmolat.eu\/lv\/wp-json\/wp\/v2\/product"}],"about":[{"href":"https:\/\/e.kosmolat.eu\/lv\/wp-json\/wp\/v2\/types\/product"}],"wp:featuredmedia":[{"embeddable":true,"href":"https:\/\/e.kosmolat.eu\/lv\/wp-json\/wp\/v2\/media\/94358"}],"wp:attachment":[{"href":"https:\/\/e.kosmolat.eu\/lv\/wp-json\/wp\/v2\/media?parent=71635"}],"wp:term":[{"taxonomy":"product_cat","embeddable":true,"href":"https:\/\/e.kosmolat.eu\/lv\/wp-json\/wp\/v2\/product_cat?post=71635"},{"taxonomy":"product_tag","embeddable":true,"href":"https:\/\/e.kosmolat.eu\/lv\/wp-json\/wp\/v2\/product_tag?post=71635"}],"curies":[{"name":"wp","href":"https:\/\/api.w.org\/{rel}","templated":true}]}}