{"id":71627,"date":"2025-06-19T04:04:17","date_gmt":"2025-06-19T04:04:17","guid":{"rendered":"https:\/\/e.kosmolat.eu\/product\/evoluderm-nomierin-micelarais-udens-reaktivai-adai-250-ml\/"},"modified":"2026-03-10T12:59:21","modified_gmt":"2026-03-10T12:59:21","slug":"evoluderm-nomierin-micelarais-udens-reaktivai-adai-250-ml","status":"publish","type":"product","link":"https:\/\/e.kosmolat.eu\/lv\/product\/evoluderm-nomierin-micelarais-udens-reaktivai-adai-250-ml\/","title":{"rendered":"EVOLUDERM Nomierin. micel\u0101rais \u016bdens reakt\u012bvai \u0101dai, 250 ml"},"content":{"rendered":"<p>Nomierino\u0161s micel\u0101rais \u016bdens EVOLUDERM ir \u012bpa\u0161i izstr\u0101d\u0101ts jut\u012bgai un aps\u0101rtumam pak\u013cautai \u0101dai. Satur alvejas ekstraktu. Att\u012bra sejas, l\u016bpu un acu zonas \u0101du no dekorat\u012bv\u0101s kosm\u0113tikas un net\u012brumiem. Micellas sast\u0101v\u0101 darbojas k\u0101 magn\u0113ts, piesaistot net\u012brumus jau p\u0113c pirm\u0101s lieto\u0161anas reizes, nekairinot \u0101du. Nesatur alkoholu.<\/p>\n<p>Rezult\u0101ts: t\u012bra, svaiga un nomierin\u0101ta \u0101da.<\/p>\n<p>Lieto\u0161ana: uzkl\u0101jiet l\u012bdzekli uz vates diska un not\u012briet \u0101du. Nav nepiecie\u0161ams noskalot.<\/p>\n<p>Piesardz\u012bbas pas\u0101kumi: Ja nok\u013c\u016bst ac\u012bs, nekav\u0113joties izskalot t\u0101s ar lielu daudzumu \u016bdens.<\/p>\n<p>Dermatolo\u0123iski p\u0101rbaud\u012bts.<\/p>\n","protected":false},"excerpt":{"rendered":"<p>Nomierino\u0161s micel\u0101rais \u016bdens EVOLUDERM ir \u012bpa\u0161i izstr\u0101d\u0101ts jut\u012bgai un aps\u0101rtumam pak\u013cautai \u0101dai. Satur alvejas ekstraktu. Att\u012bra sejas, l\u016bpu un acu zonas \u0101du no dekorat\u012bv\u0101s kosm\u0113tikas un net\u012brumiem. Micellas sast\u0101v\u0101 darbojas k\u0101 magn\u0113ts, piesaistot net\u012brumus jau p\u0113c pirm\u0101s lieto\u0161anas reizes, nekairinot \u0101du. Nesatur alkoholu. Rezult\u0101ts: t\u012bra, svaiga un nomierin\u0101ta \u0101da. Lieto\u0161ana: uzkl\u0101jiet l\u012bdzekli uz vates diska [&#8230;]\n","protected":false},"featured_media":94354,"template":"","meta":[],"product_cat":[1999],"product_tag":[],"class_list":{"0":"post-71627","1":"product","2":"type-product","3":"status-publish","4":"has-post-thumbnail","6":"product_brand-evoluderm","7":"product_cat-bez-kategorijas","9":"first","10":"outofstock","11":"taxable","12":"shipping-taxable","13":"product-type-simple"},"_links":{"self":[{"href":"https:\/\/e.kosmolat.eu\/lv\/wp-json\/wp\/v2\/product\/71627","targetHints":{"allow":["GET"]}}],"collection":[{"href":"https:\/\/e.kosmolat.eu\/lv\/wp-json\/wp\/v2\/product"}],"about":[{"href":"https:\/\/e.kosmolat.eu\/lv\/wp-json\/wp\/v2\/types\/product"}],"wp:featuredmedia":[{"embeddable":true,"href":"https:\/\/e.kosmolat.eu\/lv\/wp-json\/wp\/v2\/media\/94354"}],"wp:attachment":[{"href":"https:\/\/e.kosmolat.eu\/lv\/wp-json\/wp\/v2\/media?parent=71627"}],"wp:term":[{"taxonomy":"product_cat","embeddable":true,"href":"https:\/\/e.kosmolat.eu\/lv\/wp-json\/wp\/v2\/product_cat?post=71627"},{"taxonomy":"product_tag","embeddable":true,"href":"https:\/\/e.kosmolat.eu\/lv\/wp-json\/wp\/v2\/product_tag?post=71627"}],"curies":[{"name":"wp","href":"https:\/\/api.w.org\/{rel}","templated":true}]}}