{"id":71619,"date":"2025-06-19T04:03:37","date_gmt":"2025-06-19T04:03:37","guid":{"rendered":"https:\/\/e.kosmolat.eu\/product\/evoluderm-mitr-micelar-udens-saus-un-jutigai-adai-250-ml\/"},"modified":"2026-04-23T05:56:05","modified_gmt":"2026-04-23T05:56:05","slug":"evoluderm-mitr-micelar-udens-saus-un-jutigai-adai-250-ml","status":"publish","type":"product","link":"https:\/\/e.kosmolat.eu\/lv\/product\/evoluderm-mitr-micelar-udens-saus-un-jutigai-adai-250-ml\/","title":{"rendered":"EVOLUDERM Mitr. micel\u0101r. \u016bdens saus. un jut\u012bgai \u0101dai, 250 ml"},"content":{"rendered":"<p>Micel\u0101rais \u016bdens sausai un jut\u012bgai \u0101dai att\u012bra \u0101du no dekorat\u012bv\u0101s kosm\u0113tikas un mitrina seju, l\u016bpas un \u0101du ap ac\u012bm. Bag\u0101tin\u0101ts ar nomierino\u0161u kokvilnas ekstraktu saudz\u012bgai, bet efekt\u012bvai att\u012br\u012b\u0161anai. Nesatur alkoholu.<\/p>\n<p>Lieto\u0161ana: uzkl\u0101jiet l\u012bdzekli uz vates diska un not\u012briet \u0101du. Nav nepiecie\u0161ams noskalot.<\/p>\n<p>Piesardz\u012bbas pas\u0101kumi: Ja nok\u013c\u016bst ac\u012bs, nekav\u0113joties izskalot t\u0101s ar lielu daudzumu \u016bdens.<\/p>\n<p>Dermatolo\u0123iski p\u0101rbaud\u012bts.<\/p>\n","protected":false},"excerpt":{"rendered":"<p>Micel\u0101rais \u016bdens sausai un jut\u012bgai \u0101dai att\u012bra \u0101du no dekorat\u012bv\u0101s kosm\u0113tikas un mitrina seju, l\u016bpas un \u0101du ap ac\u012bm. Bag\u0101tin\u0101ts ar nomierino\u0161u kokvilnas ekstraktu saudz\u012bgai, bet efekt\u012bvai att\u012br\u012b\u0161anai. Nesatur alkoholu. Lieto\u0161ana: uzkl\u0101jiet l\u012bdzekli uz vates diska un not\u012briet \u0101du. Nav nepiecie\u0161ams noskalot. Piesardz\u012bbas pas\u0101kumi: Ja nok\u013c\u016bst ac\u012bs, nekav\u0113joties izskalot t\u0101s ar lielu daudzumu \u016bdens. Dermatolo\u0123iski [&#8230;]\n","protected":false},"featured_media":94350,"template":"","meta":[],"product_cat":[1570],"product_tag":[],"class_list":{"0":"post-71619","1":"product","2":"type-product","3":"status-publish","4":"has-post-thumbnail","6":"product_brand-evoluderm","7":"product_cat-micelinis-vanduo","9":"first","10":"instock","11":"taxable","12":"shipping-taxable","13":"product-type-simple"},"_links":{"self":[{"href":"https:\/\/e.kosmolat.eu\/lv\/wp-json\/wp\/v2\/product\/71619","targetHints":{"allow":["GET"]}}],"collection":[{"href":"https:\/\/e.kosmolat.eu\/lv\/wp-json\/wp\/v2\/product"}],"about":[{"href":"https:\/\/e.kosmolat.eu\/lv\/wp-json\/wp\/v2\/types\/product"}],"wp:featuredmedia":[{"embeddable":true,"href":"https:\/\/e.kosmolat.eu\/lv\/wp-json\/wp\/v2\/media\/94350"}],"wp:attachment":[{"href":"https:\/\/e.kosmolat.eu\/lv\/wp-json\/wp\/v2\/media?parent=71619"}],"wp:term":[{"taxonomy":"product_cat","embeddable":true,"href":"https:\/\/e.kosmolat.eu\/lv\/wp-json\/wp\/v2\/product_cat?post=71619"},{"taxonomy":"product_tag","embeddable":true,"href":"https:\/\/e.kosmolat.eu\/lv\/wp-json\/wp\/v2\/product_tag?post=71619"}],"curies":[{"name":"wp","href":"https:\/\/api.w.org\/{rel}","templated":true}]}}