{"id":71595,"date":"2025-06-19T04:00:29","date_gmt":"2025-06-19T04:00:29","guid":{"rendered":"https:\/\/e.kosmolat.eu\/product\/evoluderm-tonizejoss-losjons-jutigai-adai-250-ml\/"},"modified":"2025-09-20T06:59:16","modified_gmt":"2025-09-20T06:59:16","slug":"evoluderm-tonizejoss-losjons-jutigai-adai-250-ml","status":"publish","type":"product","link":"https:\/\/e.kosmolat.eu\/lv\/product\/evoluderm-tonizejoss-losjons-jutigai-adai-250-ml\/","title":{"rendered":"EVOLUDERM Toniz\u0113jo\u0161s losjons jut\u012bgai \u0101dai, 250 ml"},"content":{"rendered":"<p>Toniz\u0113jo\u0161s losjons jut\u012bgai \u0101dai ar maigu ro\u017e\u016bdens arom\u0101tu, kas paz\u012bstams ar sav\u0101m nomierino\u0161aj\u0101m \u012bpa\u0161\u012bb\u0101m, toniz\u0113 un saglab\u0101 \u0101das dabisko skaistumu. Nesatur alkoholu. Formula ar glicer\u012bnu, kam piem\u012bt mitrino\u0161as \u012bpa\u0161\u012bbas, efekt\u012bvi no\u0146em net\u012brumus (putek\u013cus, pies\u0101r\u0146ojuma p\u0113das) no epidermas virs\u0113j\u0101 sl\u0101\u0146a.<\/p>\n<p>Lieto\u0161ana: no r\u012bta un vakar\u0101 uzkl\u0101jiet l\u012bdzekli uz vates diska, not\u012briet sejas \u0101du un p\u0113c tam uzkl\u0101jiet ierastos sejas kop\u0161anas l\u012bdzek\u013cus.<\/p>\n<p>Piesardz\u012bbas pas\u0101kumi: Ja nok\u013c\u016bst ac\u012bs, nekav\u0113joties izskalot t\u0101s ar lielu daudzumu \u016bdens.<\/p>\n<p>Dermatolo\u0123iski p\u0101rbaud\u012bts.<\/p>\n","protected":false},"excerpt":{"rendered":"<p>Toniz\u0113jo\u0161s losjons jut\u012bgai \u0101dai ar maigu ro\u017e\u016bdens arom\u0101tu, kas paz\u012bstams ar sav\u0101m nomierino\u0161aj\u0101m \u012bpa\u0161\u012bb\u0101m, toniz\u0113 un saglab\u0101 \u0101das dabisko skaistumu. Nesatur alkoholu. Formula ar glicer\u012bnu, kam piem\u012bt mitrino\u0161as \u012bpa\u0161\u012bbas, efekt\u012bvi no\u0146em net\u012brumus (putek\u013cus, pies\u0101r\u0146ojuma p\u0113das) no epidermas virs\u0113j\u0101 sl\u0101\u0146a. Lieto\u0161ana: no r\u012bta un vakar\u0101 uzkl\u0101jiet l\u012bdzekli uz vates diska, not\u012briet sejas \u0101du un p\u0113c tam [&#8230;]\n","protected":false},"featured_media":94338,"template":"","meta":[],"product_cat":[1580],"product_tag":[],"class_list":{"0":"post-71595","1":"product","2":"type-product","3":"status-publish","4":"has-post-thumbnail","6":"product_brand-evoluderm","7":"product_cat-losjonai-ir-tonikai","9":"first","10":"outofstock","11":"taxable","12":"shipping-taxable","13":"product-type-simple"},"_links":{"self":[{"href":"https:\/\/e.kosmolat.eu\/lv\/wp-json\/wp\/v2\/product\/71595","targetHints":{"allow":["GET"]}}],"collection":[{"href":"https:\/\/e.kosmolat.eu\/lv\/wp-json\/wp\/v2\/product"}],"about":[{"href":"https:\/\/e.kosmolat.eu\/lv\/wp-json\/wp\/v2\/types\/product"}],"wp:featuredmedia":[{"embeddable":true,"href":"https:\/\/e.kosmolat.eu\/lv\/wp-json\/wp\/v2\/media\/94338"}],"wp:attachment":[{"href":"https:\/\/e.kosmolat.eu\/lv\/wp-json\/wp\/v2\/media?parent=71595"}],"wp:term":[{"taxonomy":"product_cat","embeddable":true,"href":"https:\/\/e.kosmolat.eu\/lv\/wp-json\/wp\/v2\/product_cat?post=71595"},{"taxonomy":"product_tag","embeddable":true,"href":"https:\/\/e.kosmolat.eu\/lv\/wp-json\/wp\/v2\/product_tag?post=71595"}],"curies":[{"name":"wp","href":"https:\/\/api.w.org\/{rel}","templated":true}]}}