{"id":71574,"date":"2025-06-18T04:02:21","date_gmt":"2025-06-18T04:02:21","guid":{"rendered":"https:\/\/e.kosmolat.eu\/product\/evoluderm-pluie-de-coco-detox-sampuns-visiem-mat-tip-400-ml\/"},"modified":"2026-04-23T05:55:38","modified_gmt":"2026-04-23T05:55:38","slug":"evoluderm-pluie-de-coco-detox-sampuns-visiem-mat-tip-400-ml","status":"publish","type":"product","link":"https:\/\/e.kosmolat.eu\/lv\/product\/evoluderm-pluie-de-coco-detox-sampuns-visiem-mat-tip-400-ml\/","title":{"rendered":"EVOLUDERM Pluie De Coco Detox \u0161amp\u016bns visiem mat. tip., 400 ml"},"content":{"rendered":"<p>EVOLUDERM ir apvienojis kokosriekstu \u016bdens svaigumu ar za\u013c\u0101s t\u0113jas ener\u0123iju Pluie de Coco \u0161amp\u016bn\u0101. T\u0101 maig\u0101 att\u012bro\u0161\u0101 formula saudz\u012bgi kopj matus, neboj\u0101jot tos, un bag\u0101tina galvas \u0101du ar sk\u0101bekli, pie\u0161\u0137irot svaiguma saj\u016btu. \u012apa\u0161i viegl\u0101 tekst\u016bra mitrina matus, nenoslogojot tos, un pie\u0161\u0137ir tiem tropu arom\u0101tu ar augu not\u012bm. Rezult\u0101ts: mati ir mitrin\u0101ti, att\u012br\u012bti un p\u0101rsteidzo\u0161i viegli.<\/p>\n<p>Piesardz\u012bbas pas\u0101kumi: Ja nok\u013c\u016bst ac\u012bs, nekav\u0113joties izskalot t\u0101s ar lielu daudzumu \u016bdens.<\/p>\n<p>Dermatolo\u0123iski p\u0101rbaud\u012bts.<\/p>\n","protected":false},"excerpt":{"rendered":"<p>EVOLUDERM ir apvienojis kokosriekstu \u016bdens svaigumu ar za\u013c\u0101s t\u0113jas ener\u0123iju Pluie de Coco \u0161amp\u016bn\u0101. T\u0101 maig\u0101 att\u012bro\u0161\u0101 formula saudz\u012bgi kopj matus, neboj\u0101jot tos, un bag\u0101tina galvas \u0101du ar sk\u0101bekli, pie\u0161\u0137irot svaiguma saj\u016btu. \u012apa\u0161i viegl\u0101 tekst\u016bra mitrina matus, nenoslogojot tos, un pie\u0161\u0137ir tiem tropu arom\u0101tu ar augu not\u012bm. Rezult\u0101ts: mati ir mitrin\u0101ti, att\u012br\u012bti un p\u0101rsteidzo\u0161i viegli. [&#8230;]\n","protected":false},"featured_media":94314,"template":"","meta":[],"product_cat":[1252],"product_tag":[],"class_list":{"0":"post-71574","1":"product","2":"type-product","3":"status-publish","4":"has-post-thumbnail","6":"product_brand-evoluderm","7":"product_cat-1252","9":"first","10":"instock","11":"taxable","12":"shipping-taxable","13":"product-type-simple"},"_links":{"self":[{"href":"https:\/\/e.kosmolat.eu\/lv\/wp-json\/wp\/v2\/product\/71574","targetHints":{"allow":["GET"]}}],"collection":[{"href":"https:\/\/e.kosmolat.eu\/lv\/wp-json\/wp\/v2\/product"}],"about":[{"href":"https:\/\/e.kosmolat.eu\/lv\/wp-json\/wp\/v2\/types\/product"}],"wp:featuredmedia":[{"embeddable":true,"href":"https:\/\/e.kosmolat.eu\/lv\/wp-json\/wp\/v2\/media\/94314"}],"wp:attachment":[{"href":"https:\/\/e.kosmolat.eu\/lv\/wp-json\/wp\/v2\/media?parent=71574"}],"wp:term":[{"taxonomy":"product_cat","embeddable":true,"href":"https:\/\/e.kosmolat.eu\/lv\/wp-json\/wp\/v2\/product_cat?post=71574"},{"taxonomy":"product_tag","embeddable":true,"href":"https:\/\/e.kosmolat.eu\/lv\/wp-json\/wp\/v2\/product_tag?post=71574"}],"curies":[{"name":"wp","href":"https:\/\/api.w.org\/{rel}","templated":true}]}}