{"id":71570,"date":"2025-06-17T12:36:27","date_gmt":"2025-06-17T12:36:27","guid":{"rendered":"https:\/\/e.kosmolat.eu\/product\/rinse-aid-perfumed\/"},"modified":"2026-04-10T07:25:42","modified_gmt":"2026-04-10T07:25:42","slug":"dp-skalos-lidzeklis-trauku-mazg-masinai-300-ml","status":"publish","type":"product","link":"https:\/\/e.kosmolat.eu\/lv\/product\/dp-skalos-lidzeklis-trauku-mazg-masinai-300-ml\/","title":{"rendered":"DP Skalo\u0161. l\u012bdzeklis trauku mazg. ma\u0161\u012bnai, 300 ml"},"content":{"rendered":"<p>Skalo\u0161anas l\u012bdzeklis mirdzo\u0161iem traukiem bez \u0161v\u012bk\u0101m. Pateicoties \u012bpa\u0161ajai formulai, tas uzlabo \u017e\u016b\u0161anu un pal\u012bdz nov\u0113rst nepat\u012bkamas smakas.<\/p>\n<p>Lieto\u0161ana: piln\u012bb\u0101 uzpildiet skalo\u0161anas l\u012bdzek\u013ca nodal\u012bjumu.<\/p>\n<p>Sast\u0101v\u0101: 5 % un vair\u0101k, bet maz\u0101k nek\u0101 15 % nejonu virsmakt\u012bvo vielu. Konservanti: Methylchloroisothiazolinone\/ Methylisothiazolinone.<\/p>\n<p>EUH208 Satur: reakcijas masa: 5-hlor-2-metil- 2H-izotiazol-3-ons; 2-metil-2H- izotiazol-3-ons (3:1). Var izrais\u012bt aler\u0123isku reakciju.<br \/>\nDro\u0161\u012bbas pras\u012bbu apz\u012bm\u0113jumi:<br \/>\nP101 Medic\u012bniska padoma nepiecie\u0161am\u012bbas gad\u012bjum\u0101 attiec\u012bg\u0101 inform\u0101cija ir nor\u0101d\u012bta uz iepakojuma vai eti\u0137etes.<br \/>\nP102 Sarg\u0101t no b\u0113rniem.<br \/>\nP103 Pirms izmanto\u0161anas izlas\u012bt eti\u0137eti.<\/p>\n","protected":false},"excerpt":{"rendered":"<p>Skalo\u0161anas l\u012bdzeklis mirdzo\u0161iem traukiem bez \u0161v\u012bk\u0101m. Pateicoties \u012bpa\u0161ajai formulai, tas uzlabo \u017e\u016b\u0161anu un pal\u012bdz nov\u0113rst nepat\u012bkamas smakas. Lieto\u0161ana: piln\u012bb\u0101 uzpildiet skalo\u0161anas l\u012bdzek\u013ca nodal\u012bjumu. Sast\u0101v\u0101: 5 % un vair\u0101k, bet maz\u0101k nek\u0101 15 % nejonu virsmakt\u012bvo vielu. Konservanti: Methylchloroisothiazolinone\/ Methylisothiazolinone. EUH208 Satur: reakcijas masa: 5-hlor-2-metil- 2H-izotiazol-3-ons; 2-metil-2H- izotiazol-3-ons (3:1). Var izrais\u012bt aler\u0123isku reakciju. Dro\u0161\u012bbas pras\u012bbu apz\u012bm\u0113jumi: [&#8230;]\n","protected":false},"featured_media":94030,"template":"","meta":[],"product_cat":[1491],"product_tag":[],"class_list":{"0":"post-71570","1":"product","2":"type-product","3":"status-publish","4":"has-post-thumbnail","6":"product_brand-italchimica-it","7":"product_cat-lidzekli-trauku-mazgasanai-trauku-mazgajamas-masinas","9":"first","10":"instock","11":"taxable","12":"shipping-taxable","13":"product-type-simple"},"_links":{"self":[{"href":"https:\/\/e.kosmolat.eu\/lv\/wp-json\/wp\/v2\/product\/71570","targetHints":{"allow":["GET"]}}],"collection":[{"href":"https:\/\/e.kosmolat.eu\/lv\/wp-json\/wp\/v2\/product"}],"about":[{"href":"https:\/\/e.kosmolat.eu\/lv\/wp-json\/wp\/v2\/types\/product"}],"wp:featuredmedia":[{"embeddable":true,"href":"https:\/\/e.kosmolat.eu\/lv\/wp-json\/wp\/v2\/media\/94030"}],"wp:attachment":[{"href":"https:\/\/e.kosmolat.eu\/lv\/wp-json\/wp\/v2\/media?parent=71570"}],"wp:term":[{"taxonomy":"product_cat","embeddable":true,"href":"https:\/\/e.kosmolat.eu\/lv\/wp-json\/wp\/v2\/product_cat?post=71570"},{"taxonomy":"product_tag","embeddable":true,"href":"https:\/\/e.kosmolat.eu\/lv\/wp-json\/wp\/v2\/product_tag?post=71570"}],"curies":[{"name":"wp","href":"https:\/\/api.w.org\/{rel}","templated":true}]}}