{"id":71562,"date":"2025-06-17T12:06:27","date_gmt":"2025-06-17T12:06:27","guid":{"rendered":"https:\/\/e.kosmolat.eu\/product\/dm-vitalita-dusas-zeleja-laims-450-ml\/"},"modified":"2026-04-14T16:42:50","modified_gmt":"2026-04-14T16:42:50","slug":"dm-vitalita-dusas-zeleja-laims-450-ml","status":"publish","type":"product","link":"https:\/\/e.kosmolat.eu\/lv\/product\/dm-vitalita-dusas-zeleja-laims-450-ml\/","title":{"rendered":"DM Vitalita Du\u0161as \u017eeleja Laims, 450 ml"},"content":{"rendered":"<p>Du\u0161as \u017eeleja ar dzirksto\u0161\u0101m, aug\u013cu not\u012bm r\u016bp\u0113jas pat par visjut\u012bg\u0101ko \u0101du, \u201catdz\u012bvinot\u201d un padarot to mitrin\u0101tu. Dermatolo\u0123iski p\u0101rbaud\u012bts, neitr\u0101ls pH l\u012bmenis. Ar hialuronsk\u0101bi.<\/p>\n","protected":false},"excerpt":{"rendered":"<p>Du\u0161as \u017eeleja ar dzirksto\u0161\u0101m, aug\u013cu not\u012bm r\u016bp\u0113jas pat par visjut\u012bg\u0101ko \u0101du, \u201catdz\u012bvinot\u201d un padarot to mitrin\u0101tu. Dermatolo\u0123iski p\u0101rbaud\u012bts, neitr\u0101ls pH l\u012bmenis. Ar hialuronsk\u0101bi.<\/p>\n","protected":false},"featured_media":94022,"template":"","meta":[],"product_cat":[1282],"product_tag":[],"class_list":{"0":"post-71562","1":"product","2":"type-product","3":"status-publish","4":"has-post-thumbnail","6":"product_brand-italchimica-it","7":"product_cat-duso-geliai-ir-duso-aliejai","9":"first","10":"instock","11":"taxable","12":"shipping-taxable","13":"product-type-simple"},"_links":{"self":[{"href":"https:\/\/e.kosmolat.eu\/lv\/wp-json\/wp\/v2\/product\/71562","targetHints":{"allow":["GET"]}}],"collection":[{"href":"https:\/\/e.kosmolat.eu\/lv\/wp-json\/wp\/v2\/product"}],"about":[{"href":"https:\/\/e.kosmolat.eu\/lv\/wp-json\/wp\/v2\/types\/product"}],"wp:featuredmedia":[{"embeddable":true,"href":"https:\/\/e.kosmolat.eu\/lv\/wp-json\/wp\/v2\/media\/94022"}],"wp:attachment":[{"href":"https:\/\/e.kosmolat.eu\/lv\/wp-json\/wp\/v2\/media?parent=71562"}],"wp:term":[{"taxonomy":"product_cat","embeddable":true,"href":"https:\/\/e.kosmolat.eu\/lv\/wp-json\/wp\/v2\/product_cat?post=71562"},{"taxonomy":"product_tag","embeddable":true,"href":"https:\/\/e.kosmolat.eu\/lv\/wp-json\/wp\/v2\/product_tag?post=71562"}],"curies":[{"name":"wp","href":"https:\/\/api.w.org\/{rel}","templated":true}]}}