{"id":71553,"date":"2025-06-17T04:02:28","date_gmt":"2025-06-17T04:02:28","guid":{"rendered":"https:\/\/e.kosmolat.eu\/product\/evoluderm-pluie-de-coco-dusas-zeleja-500-ml\/"},"modified":"2026-04-20T11:39:30","modified_gmt":"2026-04-20T11:39:30","slug":"evoluderm-pluie-de-coco-dusas-zeleja-500-ml","status":"publish","type":"product","link":"https:\/\/e.kosmolat.eu\/lv\/product\/evoluderm-pluie-de-coco-dusas-zeleja-500-ml\/","title":{"rendered":"EVOLUDERM Pluie de Coco Du\u0161as \u017eeleja, 500 ml"},"content":{"rendered":"<p>Evoluderm Pluie de Coco du\u0161as \u017eeleja pie\u0161\u0137ir \u0101dai viegluma un svaiguma saj\u016btu. Atsvaidzino\u0161s kokosriekstu \u016bdens kop\u0101 ar za\u013c\u0101s t\u0113jas dz\u012bvino\u0161o ener\u0123iju veido mitrino\u0161u formulu, kas nov\u0113r\u0161 savilkuma saj\u016btu un sniedz \u0101dai komfortu. Maiga b\u0101ze saudz\u012bgi att\u012bra \u0101du, padarot to samtainu un ide\u0101li mitrin\u0101tu.<\/p>\n<p>Piesardz\u012bbas pas\u0101kumi: Ja nok\u013c\u016bst ac\u012bs, nekav\u0113joties izskalot ar lielu daudzumu \u016bdens.<\/p>\n<p>Dermatolo\u0123iski p\u0101rbaud\u012bts.<\/p>\n","protected":false},"excerpt":{"rendered":"<p>Evoluderm Pluie de Coco du\u0161as \u017eeleja pie\u0161\u0137ir \u0101dai viegluma un svaiguma saj\u016btu. Atsvaidzino\u0161s kokosriekstu \u016bdens kop\u0101 ar za\u013c\u0101s t\u0113jas dz\u012bvino\u0161o ener\u0123iju veido mitrino\u0161u formulu, kas nov\u0113r\u0161 savilkuma saj\u016btu un sniedz \u0101dai komfortu. Maiga b\u0101ze saudz\u012bgi att\u012bra \u0101du, padarot to samtainu un ide\u0101li mitrin\u0101tu. Piesardz\u012bbas pas\u0101kumi: Ja nok\u013c\u016bst ac\u012bs, nekav\u0113joties izskalot ar lielu daudzumu \u016bdens. Dermatolo\u0123iski [&#8230;]\n","protected":false},"featured_media":94378,"template":"","meta":[],"product_cat":[1283],"product_tag":[],"class_list":{"0":"post-71553","1":"product","2":"type-product","3":"status-publish","4":"has-post-thumbnail","6":"product_brand-evoluderm","7":"product_cat-1283","9":"first","10":"instock","11":"taxable","12":"shipping-taxable","13":"product-type-simple"},"_links":{"self":[{"href":"https:\/\/e.kosmolat.eu\/lv\/wp-json\/wp\/v2\/product\/71553","targetHints":{"allow":["GET"]}}],"collection":[{"href":"https:\/\/e.kosmolat.eu\/lv\/wp-json\/wp\/v2\/product"}],"about":[{"href":"https:\/\/e.kosmolat.eu\/lv\/wp-json\/wp\/v2\/types\/product"}],"wp:featuredmedia":[{"embeddable":true,"href":"https:\/\/e.kosmolat.eu\/lv\/wp-json\/wp\/v2\/media\/94378"}],"wp:attachment":[{"href":"https:\/\/e.kosmolat.eu\/lv\/wp-json\/wp\/v2\/media?parent=71553"}],"wp:term":[{"taxonomy":"product_cat","embeddable":true,"href":"https:\/\/e.kosmolat.eu\/lv\/wp-json\/wp\/v2\/product_cat?post=71553"},{"taxonomy":"product_tag","embeddable":true,"href":"https:\/\/e.kosmolat.eu\/lv\/wp-json\/wp\/v2\/product_tag?post=71553"}],"curies":[{"name":"wp","href":"https:\/\/api.w.org\/{rel}","templated":true}]}}