{"id":71539,"date":"2025-06-13T04:05:27","date_gmt":"2025-06-13T04:05:27","guid":{"rendered":"https:\/\/e.kosmolat.eu\/product\/evoluderm-mitrin-kosm-ella-ar-dabigo-si-sviestu-100-ml\/"},"modified":"2025-09-20T06:57:18","modified_gmt":"2025-09-20T06:57:18","slug":"evoluderm-mitrin-kosm-ella-ar-dabigo-si-sviestu-100-ml","status":"publish","type":"product","link":"https:\/\/e.kosmolat.eu\/lv\/product\/evoluderm-mitrin-kosm-ella-ar-dabigo-si-sviestu-100-ml\/","title":{"rendered":"EVOLUDERM Mitrin. kosm. e\u013cla ar dab\u012bgo \u0161\u012b sviestu, 100 ml"},"content":{"rendered":"<p>Baro un m\u012bkstina. Bag\u0101tin\u0101ta ar E vitam\u012bnu, intens\u012bvi mitrina un aizsarg\u0101 \u0101du. Lieliski piem\u0113rota sausu matu stiprin\u0101\u0161anai.<\/p>\n<p>Lieto\u0161ana: uzkl\u0101t uz sausas \u0101das un\/vai mitriem vai sausiem matiem.<\/p>\n<p>Dermatolo\u0123iski p\u0101rbaud\u012bts.<\/p>\n","protected":false},"excerpt":{"rendered":"<p>Baro un m\u012bkstina. Bag\u0101tin\u0101ta ar E vitam\u012bnu, intens\u012bvi mitrina un aizsarg\u0101 \u0101du. Lieliski piem\u0113rota sausu matu stiprin\u0101\u0161anai. Lieto\u0161ana: uzkl\u0101t uz sausas \u0101das un\/vai mitriem vai sausiem matiem. Dermatolo\u0123iski p\u0101rbaud\u012bts.<\/p>\n","protected":false},"featured_media":94302,"template":"","meta":[],"product_cat":[1619],"product_tag":[],"class_list":{"0":"post-71539","1":"product","2":"type-product","3":"status-publish","4":"has-post-thumbnail","6":"product_brand-evoluderm","7":"product_cat-ellas","9":"first","10":"outofstock","11":"taxable","12":"shipping-taxable","13":"product-type-simple"},"_links":{"self":[{"href":"https:\/\/e.kosmolat.eu\/lv\/wp-json\/wp\/v2\/product\/71539","targetHints":{"allow":["GET"]}}],"collection":[{"href":"https:\/\/e.kosmolat.eu\/lv\/wp-json\/wp\/v2\/product"}],"about":[{"href":"https:\/\/e.kosmolat.eu\/lv\/wp-json\/wp\/v2\/types\/product"}],"wp:featuredmedia":[{"embeddable":true,"href":"https:\/\/e.kosmolat.eu\/lv\/wp-json\/wp\/v2\/media\/94302"}],"wp:attachment":[{"href":"https:\/\/e.kosmolat.eu\/lv\/wp-json\/wp\/v2\/media?parent=71539"}],"wp:term":[{"taxonomy":"product_cat","embeddable":true,"href":"https:\/\/e.kosmolat.eu\/lv\/wp-json\/wp\/v2\/product_cat?post=71539"},{"taxonomy":"product_tag","embeddable":true,"href":"https:\/\/e.kosmolat.eu\/lv\/wp-json\/wp\/v2\/product_tag?post=71539"}],"curies":[{"name":"wp","href":"https:\/\/api.w.org\/{rel}","templated":true}]}}