{"id":71531,"date":"2025-06-13T04:04:49","date_gmt":"2025-06-13T04:04:49","guid":{"rendered":"https:\/\/e.kosmolat.eu\/product\/evoluderm-delice-de-karite-ultra-atjaun-matu-krems-200-ml\/"},"modified":"2025-09-20T06:58:52","modified_gmt":"2025-09-20T06:58:52","slug":"evoluderm-delice-de-karite-ultra-atjaun-matu-krems-200-ml","status":"publish","type":"product","link":"https:\/\/e.kosmolat.eu\/lv\/product\/evoluderm-delice-de-karite-ultra-atjaun-matu-krems-200-ml\/","title":{"rendered":"EVOLUDERM Delice de Karite Ultra atjaun. matu kr\u0113ms, 200 ml"},"content":{"rendered":"<p>Evoluderm ultra atjaunojo\u0161s kr\u0113ms ir \u012bpa\u0161i izstr\u0101d\u0101ts garu un nov\u0101jin\u0101tu matu elast\u012bbas atjauno\u0161anai. T\u0101 kr\u0113mveida tekst\u016bra, kas bag\u0101tin\u0101ta ar \u0161\u012b sviestu, acumirkl\u012b ies\u016bcas matu strukt\u016br\u0101, nodro\u0161inot baro\u0161anu un dzi\u013cu atjauno\u0161anu.<\/p>\n<p>Rezult\u0101ts: mati viegli \u0137emm\u0113jas, ir aizsarg\u0101ti un atjaunoti bez taukainuma efekta.<\/p>\n<p>Lieto\u0161ana: pirms lieto\u0161anas sakrat\u012bt. Vienm\u0113r\u012bgi uzkl\u0101t kr\u0113mu uz sausiem vai mitriem matiem un ieveidot k\u0101 parasti. Nav j\u0101noskalo.<\/p>\n<p>Dermatolo\u0123iski p\u0101rbaud\u012bts.<\/p>\n","protected":false},"excerpt":{"rendered":"<p>Evoluderm ultra atjaunojo\u0161s kr\u0113ms ir \u012bpa\u0161i izstr\u0101d\u0101ts garu un nov\u0101jin\u0101tu matu elast\u012bbas atjauno\u0161anai. T\u0101 kr\u0113mveida tekst\u016bra, kas bag\u0101tin\u0101ta ar \u0161\u012b sviestu, acumirkl\u012b ies\u016bcas matu strukt\u016br\u0101, nodro\u0161inot baro\u0161anu un dzi\u013cu atjauno\u0161anu. Rezult\u0101ts: mati viegli \u0137emm\u0113jas, ir aizsarg\u0101ti un atjaunoti bez taukainuma efekta. Lieto\u0161ana: pirms lieto\u0161anas sakrat\u012bt. Vienm\u0113r\u012bgi uzkl\u0101t kr\u0113mu uz sausiem vai mitriem matiem un ieveidot [&#8230;]\n","protected":false},"featured_media":94330,"template":"","meta":[],"product_cat":[1343],"product_tag":[],"class_list":{"0":"post-71531","1":"product","2":"type-product","3":"status-publish","4":"has-post-thumbnail","6":"product_brand-evoluderm","7":"product_cat-citi-matu-kopsanas-produkti","9":"first","10":"outofstock","11":"taxable","12":"shipping-taxable","13":"product-type-simple"},"_links":{"self":[{"href":"https:\/\/e.kosmolat.eu\/lv\/wp-json\/wp\/v2\/product\/71531","targetHints":{"allow":["GET"]}}],"collection":[{"href":"https:\/\/e.kosmolat.eu\/lv\/wp-json\/wp\/v2\/product"}],"about":[{"href":"https:\/\/e.kosmolat.eu\/lv\/wp-json\/wp\/v2\/types\/product"}],"wp:featuredmedia":[{"embeddable":true,"href":"https:\/\/e.kosmolat.eu\/lv\/wp-json\/wp\/v2\/media\/94330"}],"wp:attachment":[{"href":"https:\/\/e.kosmolat.eu\/lv\/wp-json\/wp\/v2\/media?parent=71531"}],"wp:term":[{"taxonomy":"product_cat","embeddable":true,"href":"https:\/\/e.kosmolat.eu\/lv\/wp-json\/wp\/v2\/product_cat?post=71531"},{"taxonomy":"product_tag","embeddable":true,"href":"https:\/\/e.kosmolat.eu\/lv\/wp-json\/wp\/v2\/product_tag?post=71531"}],"curies":[{"name":"wp","href":"https:\/\/api.w.org\/{rel}","templated":true}]}}