{"id":71515,"date":"2025-06-13T04:03:44","date_gmt":"2025-06-13T04:03:44","guid":{"rendered":"https:\/\/e.kosmolat.eu\/product\/evoluderm-delice-de-karite-atjaun-matu-maska-150-ml\/"},"modified":"2025-09-20T06:58:10","modified_gmt":"2025-09-20T06:58:10","slug":"evoluderm-delice-de-karite-atjaun-matu-maska-150-ml","status":"publish","type":"product","link":"https:\/\/e.kosmolat.eu\/lv\/product\/evoluderm-delice-de-karite-atjaun-matu-maska-150-ml\/","title":{"rendered":"EVOLUDERM Delice de Karite Atjaun. matu maska, 150 ml"},"content":{"rendered":"<p>Bag\u0101t\u012bgais \u0161\u012b sviests atkl\u0101j savus skaistuma nosl\u0113pumus Evoluderm D\u00e9lice de Karit\u00e9 matu mask\u0101, kas \u012bpa\u0161i izstr\u0101d\u0101ta gariem un nov\u0101jin\u0101tiem matiem. Matu gali bie\u017ei \u0161\u0137e\u013cas un prasa saudz\u012bgu kop\u0161anu. Kr\u0113mveida tekst\u016bra acumirkl\u012b ies\u016bcas, nodro\u0161inot kop\u0161anu un baro\u0161anu, nenoslogojot matus.<\/p>\n<p>Rezult\u0101ts: mati ir at\u0161\u0137etin\u0101ti, atjaunoti un ieg\u016bst sp\u0113ku un skaistumu.<\/p>\n<p>Lieto\u0161ana: uzkl\u0101jiet matu garum\u0101 un galos, atst\u0101jiet iedarboties 3\u20135 min\u016btes, p\u0113c tam r\u016bp\u012bgi noskalojiet. <\/p>\n<p>Dermatolo\u0123iski p\u0101rbaud\u012bts.<\/p>\n","protected":false},"excerpt":{"rendered":"<p>Bag\u0101t\u012bgais \u0161\u012b sviests atkl\u0101j savus skaistuma nosl\u0113pumus Evoluderm D\u00e9lice de Karit\u00e9 matu mask\u0101, kas \u012bpa\u0161i izstr\u0101d\u0101ta gariem un nov\u0101jin\u0101tiem matiem. Matu gali bie\u017ei \u0161\u0137e\u013cas un prasa saudz\u012bgu kop\u0161anu. Kr\u0113mveida tekst\u016bra acumirkl\u012b ies\u016bcas, nodro\u0161inot kop\u0161anu un baro\u0161anu, nenoslogojot matus. Rezult\u0101ts: mati ir at\u0161\u0137etin\u0101ti, atjaunoti un ieg\u016bst sp\u0113ku un skaistumu. Lieto\u0161ana: uzkl\u0101jiet matu garum\u0101 un galos, atst\u0101jiet [&#8230;]\n","protected":false},"featured_media":94318,"template":"","meta":[],"product_cat":[1369],"product_tag":[],"class_list":{"0":"post-71515","1":"product","2":"type-product","3":"status-publish","4":"has-post-thumbnail","6":"product_brand-evoluderm","7":"product_cat-veido-kaukes","9":"first","10":"outofstock","11":"taxable","12":"shipping-taxable","13":"product-type-simple"},"_links":{"self":[{"href":"https:\/\/e.kosmolat.eu\/lv\/wp-json\/wp\/v2\/product\/71515","targetHints":{"allow":["GET"]}}],"collection":[{"href":"https:\/\/e.kosmolat.eu\/lv\/wp-json\/wp\/v2\/product"}],"about":[{"href":"https:\/\/e.kosmolat.eu\/lv\/wp-json\/wp\/v2\/types\/product"}],"wp:featuredmedia":[{"embeddable":true,"href":"https:\/\/e.kosmolat.eu\/lv\/wp-json\/wp\/v2\/media\/94318"}],"wp:attachment":[{"href":"https:\/\/e.kosmolat.eu\/lv\/wp-json\/wp\/v2\/media?parent=71515"}],"wp:term":[{"taxonomy":"product_cat","embeddable":true,"href":"https:\/\/e.kosmolat.eu\/lv\/wp-json\/wp\/v2\/product_cat?post=71515"},{"taxonomy":"product_tag","embeddable":true,"href":"https:\/\/e.kosmolat.eu\/lv\/wp-json\/wp\/v2\/product_tag?post=71515"}],"curies":[{"name":"wp","href":"https:\/\/api.w.org\/{rel}","templated":true}]}}