{"id":71507,"date":"2025-06-13T04:03:11","date_gmt":"2025-06-13T04:03:11","guid":{"rendered":"https:\/\/e.kosmolat.eu\/product\/evoluderm-lavender-relaks-dusas-zel-ar-lavandas-arom-500-ml\/"},"modified":"2025-09-20T07:02:05","modified_gmt":"2025-09-20T07:02:05","slug":"evoluderm-lavender-relaks-dusas-zel-ar-lavandas-arom-500-ml","status":"publish","type":"product","link":"https:\/\/e.kosmolat.eu\/lv\/product\/evoluderm-lavender-relaks-dusas-zel-ar-lavandas-arom-500-ml\/","title":{"rendered":"EVOLUDERM Lavender Relaks. du\u0161as \u017eel. ar lavandas arom., 500 ml"},"content":{"rendered":"<p>Dodieties ce\u013cojum\u0101 uz Provansu kop\u0101 ar relaks\u0113jo\u0161o lavandas du\u0161as \u017eeleju no Evoluderm. T\u0101 maigi att\u012bra \u0101du un d\u0101v\u0101 \u0137ermenim un pr\u0101tam miera un komforta saj\u016btu. Satur 96% dabiskas izcelsmes sast\u0101vda\u013cu, kas saudz\u012bgi kopj \u0101du un pal\u012bdz uztur\u0113t t\u0101s dabisko mitruma l\u012bmeni. Lavanda, kas paz\u012bstama ar sav\u0101m nomierino\u0161aj\u0101m \u012bpa\u0161\u012bb\u0101m, pie\u0161\u0137ir pat\u012bkamu arom\u0101tu un rada \u012bstu harmonijas un miera saj\u016btu.<\/p>\n<p>Piesardz\u012bbas pas\u0101kumi: Ja nok\u013c\u016bst ac\u012bs, nekav\u0113joties izskalot ar lielu daudzumu \u016bdens.<\/p>\n<p>Dermatolo\u0123iski p\u0101rbaud\u012bts.<\/p>\n","protected":false},"excerpt":{"rendered":"<p>Dodieties ce\u013cojum\u0101 uz Provansu kop\u0101 ar relaks\u0113jo\u0161o lavandas du\u0161as \u017eeleju no Evoluderm. T\u0101 maigi att\u012bra \u0101du un d\u0101v\u0101 \u0137ermenim un pr\u0101tam miera un komforta saj\u016btu. Satur 96% dabiskas izcelsmes sast\u0101vda\u013cu, kas saudz\u012bgi kopj \u0101du un pal\u012bdz uztur\u0113t t\u0101s dabisko mitruma l\u012bmeni. Lavanda, kas paz\u012bstama ar sav\u0101m nomierino\u0161aj\u0101m \u012bpa\u0161\u012bb\u0101m, pie\u0161\u0137ir pat\u012bkamu arom\u0101tu un rada \u012bstu harmonijas [&#8230;]\n","protected":false},"featured_media":94386,"template":"","meta":[],"product_cat":[1283],"product_tag":[],"class_list":{"0":"post-71507","1":"product","2":"type-product","3":"status-publish","4":"has-post-thumbnail","6":"product_brand-evoluderm","7":"product_cat-1283","9":"first","10":"outofstock","11":"taxable","12":"shipping-taxable","13":"product-type-simple"},"_links":{"self":[{"href":"https:\/\/e.kosmolat.eu\/lv\/wp-json\/wp\/v2\/product\/71507","targetHints":{"allow":["GET"]}}],"collection":[{"href":"https:\/\/e.kosmolat.eu\/lv\/wp-json\/wp\/v2\/product"}],"about":[{"href":"https:\/\/e.kosmolat.eu\/lv\/wp-json\/wp\/v2\/types\/product"}],"wp:featuredmedia":[{"embeddable":true,"href":"https:\/\/e.kosmolat.eu\/lv\/wp-json\/wp\/v2\/media\/94386"}],"wp:attachment":[{"href":"https:\/\/e.kosmolat.eu\/lv\/wp-json\/wp\/v2\/media?parent=71507"}],"wp:term":[{"taxonomy":"product_cat","embeddable":true,"href":"https:\/\/e.kosmolat.eu\/lv\/wp-json\/wp\/v2\/product_cat?post=71507"},{"taxonomy":"product_tag","embeddable":true,"href":"https:\/\/e.kosmolat.eu\/lv\/wp-json\/wp\/v2\/product_tag?post=71507"}],"curies":[{"name":"wp","href":"https:\/\/api.w.org\/{rel}","templated":true}]}}