{"id":71499,"date":"2025-06-13T04:02:42","date_gmt":"2025-06-13T04:02:42","guid":{"rendered":"https:\/\/e.kosmolat.eu\/product\/evoluderm-fleur-doranger-dusas-zeleja-ar-apels-ziedu-arom-500-ml\/"},"modified":"2026-04-22T12:23:06","modified_gmt":"2026-04-22T12:23:06","slug":"evoluderm-fleur-doranger-dusas-zeleja-ar-apels-ziedu-arom-500-ml","status":"publish","type":"product","link":"https:\/\/e.kosmolat.eu\/lv\/product\/evoluderm-fleur-doranger-dusas-zeleja-ar-apels-ziedu-arom-500-ml\/","title":{"rendered":"EVOLUDERM Fleur d&#8217;Oranger Du\u0161as \u017eeleja ar apels. ziedu arom., 500 ml"},"content":{"rendered":"<p>Ienir Vidusj\u016bras noska\u0146\u0101s ar saulaino du\u0161as \u017eeleju Evoluderm ar apels\u012bnu ziedu arom\u0101tu. T\u0101 baro un aizsarg\u0101 \u0101du katru dienu. Satur 96% dabiskas izcelsmes sast\u0101vda\u013cu, maigi att\u012bra \u0101du un sniedz tai t\u016bl\u012bt\u0113ju komforta saj\u016btu, pateicoties maigajam arom\u0101tam. Apels\u012bna zieds, kas paz\u012bstams ar sav\u0101m nomierino\u0161aj\u0101m \u012bpa\u0161\u012bb\u0101m, padara \u0101du maigu un z\u012bdainu.<\/p>\n<p>Piesardz\u012bbas pas\u0101kumi: Ja nok\u013c\u016bst ac\u012bs, nekav\u0113joties izskalot ar lielu daudzumu \u016bdens.<\/p>\n<p>Dermatolo\u0123iski p\u0101rbaud\u012bts.<\/p>\n","protected":false},"excerpt":{"rendered":"<p>Ienir Vidusj\u016bras noska\u0146\u0101s ar saulaino du\u0161as \u017eeleju Evoluderm ar apels\u012bnu ziedu arom\u0101tu. T\u0101 baro un aizsarg\u0101 \u0101du katru dienu. Satur 96% dabiskas izcelsmes sast\u0101vda\u013cu, maigi att\u012bra \u0101du un sniedz tai t\u016bl\u012bt\u0113ju komforta saj\u016btu, pateicoties maigajam arom\u0101tam. Apels\u012bna zieds, kas paz\u012bstams ar sav\u0101m nomierino\u0161aj\u0101m \u012bpa\u0161\u012bb\u0101m, padara \u0101du maigu un z\u012bdainu. Piesardz\u012bbas pas\u0101kumi: Ja nok\u013c\u016bst ac\u012bs, nekav\u0113joties [&#8230;]\n","protected":false},"featured_media":94382,"template":"","meta":[],"product_cat":[2182],"product_tag":[],"class_list":{"0":"post-71499","1":"product","2":"type-product","3":"status-publish","4":"has-post-thumbnail","6":"product_brand-evoluderm","7":"product_cat-bez-kategorijas-ru","9":"first","10":"instock","11":"taxable","12":"shipping-taxable","13":"product-type-simple"},"_links":{"self":[{"href":"https:\/\/e.kosmolat.eu\/lv\/wp-json\/wp\/v2\/product\/71499","targetHints":{"allow":["GET"]}}],"collection":[{"href":"https:\/\/e.kosmolat.eu\/lv\/wp-json\/wp\/v2\/product"}],"about":[{"href":"https:\/\/e.kosmolat.eu\/lv\/wp-json\/wp\/v2\/types\/product"}],"wp:featuredmedia":[{"embeddable":true,"href":"https:\/\/e.kosmolat.eu\/lv\/wp-json\/wp\/v2\/media\/94382"}],"wp:attachment":[{"href":"https:\/\/e.kosmolat.eu\/lv\/wp-json\/wp\/v2\/media?parent=71499"}],"wp:term":[{"taxonomy":"product_cat","embeddable":true,"href":"https:\/\/e.kosmolat.eu\/lv\/wp-json\/wp\/v2\/product_cat?post=71499"},{"taxonomy":"product_tag","embeddable":true,"href":"https:\/\/e.kosmolat.eu\/lv\/wp-json\/wp\/v2\/product_tag?post=71499"}],"curies":[{"name":"wp","href":"https:\/\/api.w.org\/{rel}","templated":true}]}}